{"id":28658,"date":"2025-02-20T23:30:16","date_gmt":"2025-02-20T22:30:16","guid":{"rendered":"https:\/\/olemosaic.orbitalia.org\/producto\/bol-de-coco-isla-mallorca-2\/"},"modified":"2025-07-25T19:18:41","modified_gmt":"2025-07-25T17:18:41","slug":"bol-en-noix-de-coco-ile-majorque-2","status":"publish","type":"product","link":"https:\/\/olemosaic.orbitalia.org\/fr\/produit\/bol-en-noix-de-coco-ile-majorque-2\/","title":{"rendered":"Bol en noix de coco. \u00cele. Majorque. Bal\u00e9ares."},"content":{"rendered":"<p>Ce bol en noix de coco d\u00e9cor\u00e9 est un magnifique souvenir de Majorque qui refl\u00e8te la splendeur et la beaut\u00e9 de l&rsquo;\u00eele. De design artisanal, ce r\u00e9cipient singulier pr\u00e9sente une mosa\u00efque vibrante dans des tons roses, bleus et violets, dispos\u00e9e artistiquement sur un fond blanc qui rehausse son attrait visuel. Au centre, la silhouette de l&rsquo;\u00eele de Majorque se distingue dans une \u00e9l\u00e9gante couleur cuivre, accompagn\u00e9e du mot \u00ab\u00a0MALLORCA\u00a0\u00bb, une touche distinctive qui relie le visiteur \u00e0 la r\u00e9gion.<\/p>\n<p>La combinaison de couleurs et de mat\u00e9riaux fait de ce bol plus qu&rsquo;un simple \u00e9l\u00e9ment d\u00e9coratif : c&rsquo;est une option parfaite pour servir des ap\u00e9ritifs en toute occasion. Son design capture l&rsquo;essence de l&rsquo;art traditionnel majorquin, o\u00f9 la c\u00e9ramique et la mosa\u00efque sont les protagonistes, symbolisant le riche h\u00e9ritage culturel de l&rsquo;\u00eele. De plus, son authenticit\u00e9 en fait un souvenir id\u00e9al pour ceux qui souhaitent ramener un morceau de Majorque chez eux.<\/p>\n<p>Chez Ol\u00e9 Mosaic, nous sommes des distributeurs en gros de produits artisanaux, et ce bol en noix de coco est un excellent souvenir qui souligne la pertinence culturelle de Majorque. Parfait pour les boutiques de cadeaux touristiques, ce bol est une option attrayante pour les touristes \u00e0 la recherche de souvenirs authentiques repr\u00e9sentant la riche culture de l&rsquo;\u00eele.<\/p>\n","protected":false},"excerpt":{"rendered":"<p>Bol en noix de coco d\u00e9cor\u00e9 d&rsquo;une mosa\u00efque color\u00e9e \u00e9voquant la splendeur de l&rsquo;\u00eele de Majorque. Ce r\u00e9cipient singulier pr\u00e9sente une vari\u00e9t\u00e9 de fragments dans des tons vibrants de rose, bleu et violet, dispos\u00e9s sur un fond blanc, ce qui rehausse son attrait visuel. Au centre, la silhouette de l&rsquo;\u00eele en couleur cuivre et le mot \u00ab\u00a0MALLORCA\u00a0\u00bb se distinguent, apportant une touche distinctive. Fait \u00e0 la main, il est id\u00e9al comme \u00e9l\u00e9ment d\u00e9coratif ou pour servir des ap\u00e9ritifs.<\/p>\n","protected":false},"featured_media":11812,"template":"","meta":{"_acf_changed":false},"product_brand":[],"product_cat":[521],"product_tag":[],"class_list":{"0":"post-28658","1":"product","2":"type-product","3":"status-publish","4":"has-post-thumbnail","6":"product_cat-bols","7":"pa_ciudad-mallorca","8":"pa_motivo-iles","9":"pa_pais-espana","11":"first","12":"instock","13":"shipping-taxable","14":"product-type-simple"},"acf":[],"_links":{"self":[{"href":"https:\/\/olemosaic.orbitalia.org\/fr\/wp-json\/wp\/v2\/product\/28658","targetHints":{"allow":["GET"]}}],"collection":[{"href":"https:\/\/olemosaic.orbitalia.org\/fr\/wp-json\/wp\/v2\/product"}],"about":[{"href":"https:\/\/olemosaic.orbitalia.org\/fr\/wp-json\/wp\/v2\/types\/product"}],"wp:featuredmedia":[{"embeddable":true,"href":"https:\/\/olemosaic.orbitalia.org\/fr\/wp-json\/wp\/v2\/media\/11812"}],"wp:attachment":[{"href":"https:\/\/olemosaic.orbitalia.org\/fr\/wp-json\/wp\/v2\/media?parent=28658"}],"wp:term":[{"taxonomy":"product_brand","embeddable":true,"href":"https:\/\/olemosaic.orbitalia.org\/fr\/wp-json\/wp\/v2\/product_brand?post=28658"},{"taxonomy":"product_cat","embeddable":true,"href":"https:\/\/olemosaic.orbitalia.org\/fr\/wp-json\/wp\/v2\/product_cat?post=28658"},{"taxonomy":"product_tag","embeddable":true,"href":"https:\/\/olemosaic.orbitalia.org\/fr\/wp-json\/wp\/v2\/product_tag?post=28658"}],"curies":[{"name":"wp","href":"https:\/\/api.w.org\/{rel}","templated":true}]}}