{"id":28657,"date":"2025-02-20T22:30:16","date_gmt":"2025-02-20T22:30:16","guid":{"rendered":"https:\/\/olemosaic.orbitalia.org\/producto\/bol-de-coco-sardina-lisboa\/"},"modified":"2025-07-25T18:42:28","modified_gmt":"2025-07-25T16:42:28","slug":"bol-en-noix-de-coco-sardine-lisbonne","status":"publish","type":"product","link":"https:\/\/olemosaic.orbitalia.org\/fr\/produit\/bol-en-noix-de-coco-sardine-lisbonne\/","title":{"rendered":"Bol en noix de coco. Sardine. Lisbonne."},"content":{"rendered":"<p>Ce bol en noix de coco d\u00e9cor\u00e9 est un magnifique souvenir de Lisbonne, id\u00e9al pour ceux qui souhaitent emporter un \u00e9chantillon authentique de la riche culture portugaise. Con\u00e7u avec des fragments de mosa\u00efque dans des tons vibrants de bleu, violet et rouge, le bol pr\u00e9sente une texture brillante qui capte la lumi\u00e8re de mani\u00e8re fascinante, soulignant son design ovale et \u00e9l\u00e9gant. \u00c0 l&rsquo;int\u00e9rieur, une d\u00e9licate illustration d&rsquo;une sardine, symbole de la c\u00e9l\u00e8bre gastronomie lisbo\u00e8te, se combine avec le texte \u00ab\u00a0LISBOA\u00a0\u00bb en dor\u00e9, cr\u00e9ant un attrait visuel qui \u00e9voque la tradition de la p\u00eache dans la r\u00e9gion. Ce bol n&rsquo;est pas seulement un objet d\u00e9coratif, mais aussi une pi\u00e8ce polyvalente qui peut \u00eatre utilis\u00e9e pour servir des ap\u00e9ritifs ou simplement comme \u00e9l\u00e9ment d\u00e9coratif dans la cuisine ou sur la table.<\/p>\n<p>Le lien culturel de ce bol avec Lisbonne est ind\u00e9niable ; son design refl\u00e8te les couleurs et la joie des rues de la capitale portugaise, c\u00e9l\u00e8bre pour sa gastronomie \u00e0 base de fruits de mer et son riche h\u00e9ritage culturel. Chez Ol\u00e9 Mosaic, nous sommes fiers de proposer des produits authentiques qui c\u00e9l\u00e8brent la diversit\u00e9 et l&rsquo;art de l&rsquo;Espagne et du Portugal, faisant de ce bol un souvenir parfait pour les touristes qui cherchent \u00e0 emporter un morceau de Lisbonne. En tant que grossistes en souvenirs, nous garantissons la qualit\u00e9 et une touche d&rsquo;originalit\u00e9 dans chacun de nos produits.<\/p>\n","protected":false},"excerpt":{"rendered":"<p>Bol en noix de coco d\u00e9cor\u00e9 de fragments de mosa\u00efque color\u00e9s, inspir\u00e9 par la tradition de la p\u00eache \u00e0 Lisbonne. Ce bol pr\u00e9sente un design int\u00e9rieur avec l&rsquo;illustration d&rsquo;une sardine stylis\u00e9e et le texte \u00ab\u00a0LISBOA\u00a0\u00bb en dor\u00e9, entour\u00e9 d&rsquo;une mosa\u00efque vibrante dans des tons bleus, violets et rouges. Sa forme ovale et sa finition brillante en font un souvenir attrayant qui \u00e9voque l&rsquo;essence et le charme de la capitale portugaise. Id\u00e9al pour une utilisation comme pi\u00e8ce d\u00e9corative ou pour servir des ap\u00e9ritifs.<\/p>\n","protected":false},"featured_media":11828,"template":"","meta":{"_acf_changed":false},"product_brand":[],"product_cat":[521],"product_tag":[530],"class_list":{"0":"post-28657","1":"product","2":"type-product","3":"status-publish","4":"has-post-thumbnail","6":"product_cat-bols","7":"product_tag-animaux","8":"pa_ciudad-lisboa","9":"pa_motivo-sardines","10":"pa_pais-portugal","12":"first","13":"instock","14":"shipping-taxable","15":"product-type-simple"},"acf":[],"_links":{"self":[{"href":"https:\/\/olemosaic.orbitalia.org\/fr\/wp-json\/wp\/v2\/product\/28657","targetHints":{"allow":["GET"]}}],"collection":[{"href":"https:\/\/olemosaic.orbitalia.org\/fr\/wp-json\/wp\/v2\/product"}],"about":[{"href":"https:\/\/olemosaic.orbitalia.org\/fr\/wp-json\/wp\/v2\/types\/product"}],"wp:featuredmedia":[{"embeddable":true,"href":"https:\/\/olemosaic.orbitalia.org\/fr\/wp-json\/wp\/v2\/media\/11828"}],"wp:attachment":[{"href":"https:\/\/olemosaic.orbitalia.org\/fr\/wp-json\/wp\/v2\/media?parent=28657"}],"wp:term":[{"taxonomy":"product_brand","embeddable":true,"href":"https:\/\/olemosaic.orbitalia.org\/fr\/wp-json\/wp\/v2\/product_brand?post=28657"},{"taxonomy":"product_cat","embeddable":true,"href":"https:\/\/olemosaic.orbitalia.org\/fr\/wp-json\/wp\/v2\/product_cat?post=28657"},{"taxonomy":"product_tag","embeddable":true,"href":"https:\/\/olemosaic.orbitalia.org\/fr\/wp-json\/wp\/v2\/product_tag?post=28657"}],"curies":[{"name":"wp","href":"https:\/\/api.w.org\/{rel}","templated":true}]}}