{"id":28655,"date":"2025-02-20T23:30:15","date_gmt":"2025-02-20T22:30:15","guid":{"rendered":"https:\/\/olemosaic.orbitalia.org\/producto\/bol-de-coco-con-flores-caballito-de-mar-mallorca\/"},"modified":"2025-07-25T19:08:47","modified_gmt":"2025-07-25T17:08:47","slug":"bol-en-noix-de-coco-fleurs-hippocampe-majorque","status":"publish","type":"product","link":"https:\/\/olemosaic.orbitalia.org\/fr\/produit\/bol-en-noix-de-coco-fleurs-hippocampe-majorque\/","title":{"rendered":"Bol en noix de coco avec fleurs. Hippocampe. Majorque."},"content":{"rendered":"<p>Ce bol en noix de coco d\u00e9cor\u00e9 est un bel exemple de l&rsquo;art traditionnel de Majorque, id\u00e9al pour ceux qui recherchent des souvenirs authentiques et repr\u00e9sentatifs de la culture bal\u00e9are. Fabriqu\u00e9 en c\u00e9ramique de haute qualit\u00e9, le bol se distingue par son design floral attrayant qui encadre l&rsquo;hippocampe embl\u00e9matique, symbole du riche patrimoine marin de l&rsquo;\u00eele. La technique de peinture \u00e0 la main, visible dans les couleurs vibrantes jaune, rouge et bleu, contraste de mani\u00e8re charmante avec le fond clair du bol, cr\u00e9ant une pi\u00e8ce visuellement frappante.<\/p>\n<p>Au centre, la repr\u00e9sentation de l&rsquo;hippocampe est entour\u00e9e d&rsquo;\u00e9l\u00e9ments floraux \u00e9voquant la beaut\u00e9 naturelle des c\u00f4tes majorquines. Chaque d\u00e9tail du bol refl\u00e8te le d\u00e9vouement et l&rsquo;art des c\u00e9ramistes locaux, en faisant un objet non seulement fonctionnel, mais aussi d\u00e9coratif, parfait pour n&rsquo;importe quel foyer.<\/p>\n<p>Dans le cadre de notre offre chez Ol\u00e9 Mosaic, ce bol est une excellente option pour les boutiques de cadeaux touristiques \u00e0 la recherche de produits authentiques et de qualit\u00e9. Avec son lien culturel et son riche h\u00e9ritage, ce souvenir de Majorque devient un rappel inoubliable qui ravira les visiteurs et les amoureux de la culture. En proposant ce type d&rsquo;articles, vous vous assurez que chaque client emporte avec lui un morceau de la magie des \u00eeles Bal\u00e9ares.<\/p>\n","protected":false},"excerpt":{"rendered":"<p>Bol en noix de coco d\u00e9cor\u00e9 d&rsquo;un design floral attrayant repr\u00e9sentant l&#8217;embl\u00e9matique hippocampe, caract\u00e9ristique de Majorque. Fabriqu\u00e9 en c\u00e9ramique, ce bol se distingue par sa technique de design artisanal, peint \u00e0 la main, o\u00f9 les couleurs vibrantes jaune, rouge et bleu contrastent avec le fond clair. Au centre, le motif de l&rsquo;hippocampe est entour\u00e9 d&rsquo;\u00e9l\u00e9ments floraux, ce qui en fait une pi\u00e8ce d\u00e9corative unique et repr\u00e9sentative de la richesse culturelle des \u00eeles Bal\u00e9ares.<\/p>\n","protected":false},"featured_media":10344,"template":"","meta":{"_acf_changed":false},"product_brand":[],"product_cat":[521],"product_tag":[530],"class_list":{"0":"post-28655","1":"product","2":"type-product","3":"status-publish","4":"has-post-thumbnail","6":"product_cat-bols","7":"product_tag-animaux","8":"pa_ciudad-mallorca","9":"pa_motivo-hippocampes","10":"pa_pais-espana","12":"first","13":"instock","14":"shipping-taxable","15":"product-type-simple"},"acf":[],"_links":{"self":[{"href":"https:\/\/olemosaic.orbitalia.org\/fr\/wp-json\/wp\/v2\/product\/28655","targetHints":{"allow":["GET"]}}],"collection":[{"href":"https:\/\/olemosaic.orbitalia.org\/fr\/wp-json\/wp\/v2\/product"}],"about":[{"href":"https:\/\/olemosaic.orbitalia.org\/fr\/wp-json\/wp\/v2\/types\/product"}],"wp:featuredmedia":[{"embeddable":true,"href":"https:\/\/olemosaic.orbitalia.org\/fr\/wp-json\/wp\/v2\/media\/10344"}],"wp:attachment":[{"href":"https:\/\/olemosaic.orbitalia.org\/fr\/wp-json\/wp\/v2\/media?parent=28655"}],"wp:term":[{"taxonomy":"product_brand","embeddable":true,"href":"https:\/\/olemosaic.orbitalia.org\/fr\/wp-json\/wp\/v2\/product_brand?post=28655"},{"taxonomy":"product_cat","embeddable":true,"href":"https:\/\/olemosaic.orbitalia.org\/fr\/wp-json\/wp\/v2\/product_cat?post=28655"},{"taxonomy":"product_tag","embeddable":true,"href":"https:\/\/olemosaic.orbitalia.org\/fr\/wp-json\/wp\/v2\/product_tag?post=28655"}],"curies":[{"name":"wp","href":"https:\/\/api.w.org\/{rel}","templated":true}]}}