{"id":28640,"date":"2025-02-20T22:30:14","date_gmt":"2025-02-20T22:30:14","guid":{"rendered":"https:\/\/olemosaic.orbitalia.org\/producto\/bol-de-coco-con-flores-sardina-lisboa\/"},"modified":"2025-07-25T19:18:36","modified_gmt":"2025-07-25T17:18:36","slug":"bol-noix-de-coco-fleurs-sardine-lisbonne","status":"publish","type":"product","link":"https:\/\/olemosaic.orbitalia.org\/fr\/produit\/bol-noix-de-coco-fleurs-sardine-lisbonne\/","title":{"rendered":"Bol en noix de coco avec fleurs. Sardine. Lisbonne."},"content":{"rendered":"<p>Ce bol en noix de coco d\u00e9cor\u00e9 est un v\u00e9ritable hommage \u00e0 la tradition lisbo\u00e8te, con\u00e7u pour capturer l&rsquo;essence vibrante de la capitale portugaise. Fabriqu\u00e9 en c\u00e9ramique de haute qualit\u00e9, le bol pr\u00e9sente un design attrayant peint \u00e0 la main, o\u00f9 des motifs floraux dans une gamme de tons bleus, jaunes et roses entourent une illustration centrale d&rsquo;une sardine en marron, un symbole significatif de la gastronomie et de la culture de Lisbonne. Gr\u00e2ce \u00e0 une technique artisanale qui souligne le d\u00e9vouement et l&rsquo;habilet\u00e9 des artisans locaux, chaque pi\u00e8ce est unique, ce qui en fait un souvenir repr\u00e9sentatif et authentique de la ville.<\/p>\n<p>Le bol n&rsquo;est pas seulement id\u00e9al pour un usage d\u00e9coratif, il peut \u00e9galement servir de compl\u00e9ment de table \u00e9l\u00e9gant, apportant une touche color\u00e9e et distinctive \u00e0 n&rsquo;importe quel environnement. Ce design joue avec des \u00e9l\u00e9ments typiques des march\u00e9s aux poissons de Lisbonne, o\u00f9 la sardine s&rsquo;\u00e9rige en symbole culinaire iconique. En choisissant ce bol, les touristes n&rsquo;acqui\u00e8rent pas seulement un bel objet d\u00e9coratif, mais aussi un fragment de la riche histoire et culture lisbo\u00e8te.<\/p>\n<p>Chez Ol\u00e9 Mosaic, nous nous sp\u00e9cialisons dans la distribution de souvenirs en gros, offrant des produits qui refl\u00e8tent l&rsquo;authenticit\u00e9 et la beaut\u00e9 de leur r\u00e9gion d&rsquo;origine. Ce bol en noix de coco est une excellente option pour les boutiques de cadeaux touristiques recherchant des souvenirs uniques avec une valeur culturelle, \u00e9levant ainsi l&rsquo;exp\u00e9rience d&rsquo;achat de leurs clients.<\/p>\n","protected":false},"excerpt":{"rendered":"<p>Bol en noix de coco d\u00e9cor\u00e9 de fleurs et d&rsquo;une sardine, inspir\u00e9 de la tradition lisbo\u00e8te. Fabriqu\u00e9 en c\u00e9ramique, il pr\u00e9sente un design vibrant avec des motifs floraux dans des tons bleus, jaunes et roses, entourant une illustration de sardine marron. La technique de peinture \u00e0 la main souligne l&rsquo;artisanat local, offrant une touche color\u00e9e et distinctive qui \u00e9voque l&rsquo;ambiance des march\u00e9s aux poissons de Lisbonne. Id\u00e9al pour d\u00e9corer ou comme accessoire de table.<\/p>\n","protected":false},"featured_media":10288,"template":"","meta":{"_acf_changed":false},"product_brand":[],"product_cat":[521],"product_tag":[530],"class_list":{"0":"post-28640","1":"product","2":"type-product","3":"status-publish","4":"has-post-thumbnail","6":"product_cat-bols","7":"product_tag-animaux","8":"pa_ciudad-lisboa","9":"pa_motivo-sardines","10":"pa_pais-portugal","12":"first","13":"instock","14":"shipping-taxable","15":"product-type-simple"},"acf":[],"_links":{"self":[{"href":"https:\/\/olemosaic.orbitalia.org\/fr\/wp-json\/wp\/v2\/product\/28640","targetHints":{"allow":["GET"]}}],"collection":[{"href":"https:\/\/olemosaic.orbitalia.org\/fr\/wp-json\/wp\/v2\/product"}],"about":[{"href":"https:\/\/olemosaic.orbitalia.org\/fr\/wp-json\/wp\/v2\/types\/product"}],"wp:featuredmedia":[{"embeddable":true,"href":"https:\/\/olemosaic.orbitalia.org\/fr\/wp-json\/wp\/v2\/media\/10288"}],"wp:attachment":[{"href":"https:\/\/olemosaic.orbitalia.org\/fr\/wp-json\/wp\/v2\/media?parent=28640"}],"wp:term":[{"taxonomy":"product_brand","embeddable":true,"href":"https:\/\/olemosaic.orbitalia.org\/fr\/wp-json\/wp\/v2\/product_brand?post=28640"},{"taxonomy":"product_cat","embeddable":true,"href":"https:\/\/olemosaic.orbitalia.org\/fr\/wp-json\/wp\/v2\/product_cat?post=28640"},{"taxonomy":"product_tag","embeddable":true,"href":"https:\/\/olemosaic.orbitalia.org\/fr\/wp-json\/wp\/v2\/product_tag?post=28640"}],"curies":[{"name":"wp","href":"https:\/\/api.w.org\/{rel}","templated":true}]}}