{"id":28618,"date":"2025-02-20T22:30:14","date_gmt":"2025-02-20T22:30:14","guid":{"rendered":"https:\/\/olemosaic.orbitalia.org\/producto\/bol-de-coco-tortuga-menorca\/"},"modified":"2025-07-25T19:27:11","modified_gmt":"2025-07-25T17:27:11","slug":"bol-noix-de-coco-tortue-minorque","status":"publish","type":"product","link":"https:\/\/olemosaic.orbitalia.org\/fr\/produit\/bol-noix-de-coco-tortue-minorque\/","title":{"rendered":"Bol en noix de coco. Tortue. Minorque."},"content":{"rendered":"<p>Ce bol en noix de coco d\u00e9cor\u00e9 est un souvenir attrayant de Minorque qui capture l&rsquo;essence vibrante de la faune marine m\u00e9diterran\u00e9enne. Son design pr\u00e9sente une mosa\u00efque color\u00e9e, o\u00f9 de petits morceaux de c\u00e9ramique dans des tons bleus, roses et terre cuite sont m\u00e9ticuleusement assembl\u00e9s, cr\u00e9ant un effet visuel hypnotisant. Au centre, une tortue se d\u00e9tache, symbole de la vie marine habitant les eaux cristallines de l&rsquo;\u00eele, compl\u00e9t\u00e9e par une finition iris\u00e9e brillante qui rehausse le caract\u00e8re artisanal du produit. Le nom \u00ab\u00a0MINORQUE\u00a0\u00bb appara\u00eet \u00e9l\u00e9gamment \u00e0 la base, ajoutant une touche d&rsquo;authenticit\u00e9 \u00e0 cette pi\u00e8ce unique.<\/p>\n<p>Ce bol n&rsquo;est pas seulement fonctionnel, il sert \u00e9galement de rappel des plages chaudes et accueillantes de Minorque, o\u00f9 la nature est en harmonie avec la culture locale. Id\u00e9al pour n&rsquo;importe quel foyer, il devient un souvenir significatif pour les touristes souhaitant emporter un morceau de la beaut\u00e9 de la M\u00e9diterran\u00e9e. Chez Ol\u00e9 Mosaic, nous nous sp\u00e9cialisons dans la distribution de souvenirs en gros, proposant des produits comme ce bol en noix de coco qui refl\u00e8tent la riche tradition artisanale de l&rsquo;Espagne. C&rsquo;est une option parfaite pour les boutiques de cadeaux touristiques cherchant \u00e0 offrir des articles authentiques et repr\u00e9sentatifs de la r\u00e9gion.<\/p>\n","protected":false},"excerpt":{"rendered":"<p>Bol en noix de coco d\u00e9cor\u00e9 d&rsquo;une mosa\u00efque color\u00e9e repr\u00e9sentant la faune marine de Minorque, avec une tortue comme motif central. Fabriqu\u00e9 avec de la noix de coco naturelle, ce bol pr\u00e9sente un design vibrant avec de petites pi\u00e8ces dans des tons bleus, roses et terre cuite, compl\u00e9t\u00e9es par des d\u00e9tails iris\u00e9s. La tortue et l&rsquo;inscription \u00ab\u00a0MINORQUE\u00a0\u00bb lui donnent une touche d&rsquo;authenticit\u00e9, faisant de ce produit une pi\u00e8ce id\u00e9ale pour se souvenir de la beaut\u00e9 de la M\u00e9diterran\u00e9e.<\/p>\n","protected":false},"featured_media":11952,"template":"","meta":{"_acf_changed":false},"product_brand":[],"product_cat":[521],"product_tag":[530],"class_list":{"0":"post-28618","1":"product","2":"type-product","3":"status-publish","4":"has-post-thumbnail","6":"product_cat-bols","7":"product_tag-animaux","8":"pa_ciudad-menorca","9":"pa_motivo-tortues","10":"pa_pais-espana","12":"first","13":"instock","14":"shipping-taxable","15":"product-type-simple"},"acf":[],"_links":{"self":[{"href":"https:\/\/olemosaic.orbitalia.org\/fr\/wp-json\/wp\/v2\/product\/28618","targetHints":{"allow":["GET"]}}],"collection":[{"href":"https:\/\/olemosaic.orbitalia.org\/fr\/wp-json\/wp\/v2\/product"}],"about":[{"href":"https:\/\/olemosaic.orbitalia.org\/fr\/wp-json\/wp\/v2\/types\/product"}],"wp:featuredmedia":[{"embeddable":true,"href":"https:\/\/olemosaic.orbitalia.org\/fr\/wp-json\/wp\/v2\/media\/11952"}],"wp:attachment":[{"href":"https:\/\/olemosaic.orbitalia.org\/fr\/wp-json\/wp\/v2\/media?parent=28618"}],"wp:term":[{"taxonomy":"product_brand","embeddable":true,"href":"https:\/\/olemosaic.orbitalia.org\/fr\/wp-json\/wp\/v2\/product_brand?post=28618"},{"taxonomy":"product_cat","embeddable":true,"href":"https:\/\/olemosaic.orbitalia.org\/fr\/wp-json\/wp\/v2\/product_cat?post=28618"},{"taxonomy":"product_tag","embeddable":true,"href":"https:\/\/olemosaic.orbitalia.org\/fr\/wp-json\/wp\/v2\/product_tag?post=28618"}],"curies":[{"name":"wp","href":"https:\/\/api.w.org\/{rel}","templated":true}]}}