{"id":28616,"date":"2025-02-20T23:30:14","date_gmt":"2025-02-20T22:30:14","guid":{"rendered":"https:\/\/olemosaic.orbitalia.org\/producto\/bol-de-coco-azul-tortuga-4\/"},"modified":"2025-07-25T20:39:47","modified_gmt":"2025-07-25T18:39:47","slug":"bol-noix-de-coco-bleu-tortue-4","status":"publish","type":"product","link":"https:\/\/olemosaic.orbitalia.org\/fr\/produit\/bol-noix-de-coco-bleu-tortue-4\/","title":{"rendered":"Bol en noix de coco bleu. Tortue. Fond marin."},"content":{"rendered":"<p>Ce bol en noix de coco, d\u00e9cor\u00e9 dans des tons bleus et dor\u00e9s, est une \u0153uvre d&rsquo;art qui \u00e9voque le monde marin, mettant en avant l&rsquo;\u00e9l\u00e9gance d&rsquo;une charmante tortue dans son design central. \u00c9labor\u00e9 artisanalement \u00e0 partir de coque de noix de coco, ce souvenir n&rsquo;est pas seulement visuellement attrayant, mais refl\u00e8te \u00e9galement un lien profond avec les traditions c\u00f4ti\u00e8res de la M\u00e9diterran\u00e9e. Son travail de peinture complexe met en valeur les destinations touristiques associ\u00e9es \u00e0 la mer, ce qui en fait le cadeau parfait pour ceux qui recherchent un souvenir authentique de leur voyage.<\/p>\n<p>Le bol pr\u00e9sente une finition brillante qui joue avec la lumi\u00e8re, cr\u00e9ant un effet hypnotisant qui s\u00e9duit au premier regard. Chaque d\u00e9tail est m\u00e9ticuleusement peint \u00e0 la main, repr\u00e9sentant la tortue au centre, entour\u00e9e de motifs \u00e9voquant les douces vagues de l&rsquo;oc\u00e9an. Les tons bleus repr\u00e9sentent la s\u00e9r\u00e9nit\u00e9 de la mer, tandis que les dor\u00e9s ajoutent une touche de luxe et de sophistication, en faisant un \u00e9l\u00e9ment d\u00e9coratif id\u00e9al pour n&rsquo;importe quel foyer.<\/p>\n<p>Chez Ol\u00e9 Mosaic, nous proposons ce magnifique bol en noix de coco comme une excellente option pour les boutiques de cadeaux touristiques, soulignant son authenticit\u00e9 en tant que souvenir des c\u00f4tes m\u00e9diterran\u00e9ennes. Ce produit n&rsquo;est pas seulement un souvenir sentimental, mais aussi une c\u00e9l\u00e9bration de la beaut\u00e9 naturelle et de l&rsquo;art local, faisant de chaque pi\u00e8ce un bijou unique qui attirera les touristes en qu\u00eate de souvenirs sp\u00e9ciaux repr\u00e9sentant leurs exp\u00e9riences.<\/p>\n","protected":false},"excerpt":{"rendered":"<p>Bol en noix de coco d\u00e9cor\u00e9 dans des tons bleus et dor\u00e9s, inspir\u00e9 par le monde marin et repr\u00e9sentant une \u00e9l\u00e9gante tortue. Ce produit artisanal, \u00e9labor\u00e9 \u00e0 partir de coque de noix de coco, se distingue par son design complexe qui r\u00e9fl\u00e9chit la lumi\u00e8re, cr\u00e9ant un effet brillant. La tortue est peinte avec d\u00e9licatesse au centre, entour\u00e9e de motifs \u00e9voquant les vagues de l&rsquo;oc\u00e9an. Un souvenir unique qui souligne la beaut\u00e9 naturelle des c\u00f4tes m\u00e9diterran\u00e9ennes.<\/p>\n","protected":false},"featured_media":10076,"template":"","meta":{"_acf_changed":false},"product_brand":[],"product_cat":[521],"product_tag":[530],"class_list":{"0":"post-28616","1":"product","2":"type-product","3":"status-publish","4":"has-post-thumbnail","6":"product_cat-bols","7":"product_tag-animaux","8":"pa_motivo-tortues","10":"first","11":"instock","12":"shipping-taxable","13":"product-type-simple"},"acf":[],"_links":{"self":[{"href":"https:\/\/olemosaic.orbitalia.org\/fr\/wp-json\/wp\/v2\/product\/28616","targetHints":{"allow":["GET"]}}],"collection":[{"href":"https:\/\/olemosaic.orbitalia.org\/fr\/wp-json\/wp\/v2\/product"}],"about":[{"href":"https:\/\/olemosaic.orbitalia.org\/fr\/wp-json\/wp\/v2\/types\/product"}],"wp:featuredmedia":[{"embeddable":true,"href":"https:\/\/olemosaic.orbitalia.org\/fr\/wp-json\/wp\/v2\/media\/10076"}],"wp:attachment":[{"href":"https:\/\/olemosaic.orbitalia.org\/fr\/wp-json\/wp\/v2\/media?parent=28616"}],"wp:term":[{"taxonomy":"product_brand","embeddable":true,"href":"https:\/\/olemosaic.orbitalia.org\/fr\/wp-json\/wp\/v2\/product_brand?post=28616"},{"taxonomy":"product_cat","embeddable":true,"href":"https:\/\/olemosaic.orbitalia.org\/fr\/wp-json\/wp\/v2\/product_cat?post=28616"},{"taxonomy":"product_tag","embeddable":true,"href":"https:\/\/olemosaic.orbitalia.org\/fr\/wp-json\/wp\/v2\/product_tag?post=28616"}],"curies":[{"name":"wp","href":"https:\/\/api.w.org\/{rel}","templated":true}]}}