{"id":28614,"date":"2025-02-20T23:30:13","date_gmt":"2025-02-20T22:30:13","guid":{"rendered":"https:\/\/olemosaic.orbitalia.org\/producto\/bol-de-coco-azul-abanico-3\/"},"modified":"2025-07-25T18:33:28","modified_gmt":"2025-07-25T16:33:28","slug":"bol-noix-de-coco-bleu-eventail-3","status":"publish","type":"product","link":"https:\/\/olemosaic.orbitalia.org\/fr\/produit\/bol-noix-de-coco-bleu-eventail-3\/","title":{"rendered":"Bol en noix de coco bleu. \u00c9ventail. Style m\u00e9diterran\u00e9en."},"content":{"rendered":"<p>Ce bol en noix de coco d\u00e9cor\u00e9 en bleu est une pi\u00e8ce unique qui \u00e9voque la beaut\u00e9 majestueuse de la M\u00e9diterran\u00e9e. Son design en mosa\u00efque se distingue par la combinaison de tons bleus et dor\u00e9s, simulant l&rsquo;immensit\u00e9 de la mer et la chaleur du sable, cr\u00e9ant un effet visuel qui transporte vers les c\u00f4tes ensoleill\u00e9es d&rsquo;Espagne. Au centre du bol, un coquillage d\u00e9licat ajoute une touche authentique, symbolisant la riche vie marine de la r\u00e9gion. Fabriqu\u00e9 \u00e0 partir de noix de coco naturelle, chaque bol pr\u00e9sente une finition artisanale qui garantit non seulement un produit distinctif, mais souligne \u00e9galement l&rsquo;engagement envers la durabilit\u00e9.<\/p>\n<p>Ce bol est parfait pour ceux qui recherchent des souvenirs repr\u00e9sentant l&rsquo;essence du littoral espagnol. Son aspect exotique en fait une pi\u00e8ce d\u00e9corative id\u00e9ale pour embellir n&rsquo;importe quel espace, d&rsquo;une table \u00e0 manger \u00e0 une \u00e9tag\u00e8re de salon. Chez Ol\u00e9 Mosaic, nous sommes sp\u00e9cialis\u00e9s dans la distribution de souvenirs en gros, comme ce bol en noix de coco bleu, qui refl\u00e8te la culture et l&rsquo;art local. Ce produit est une excellente option pour les boutiques de cadeaux touristiques souhaitant offrir \u00e0 leurs clients un souvenir authentique et pertinent, capturant l&rsquo;essence de la M\u00e9diterran\u00e9e dans chaque d\u00e9tail.<\/p>\n","protected":false},"excerpt":{"rendered":"<p>Bol en noix de coco d\u00e9cor\u00e9 en bleu, inspir\u00e9 par la beaut\u00e9 de la M\u00e9diterran\u00e9e. Ce bol original pr\u00e9sente un design en mosa\u00efque aux tons bleus et dor\u00e9s, simulant la mer et le sable, et est orn\u00e9 d&rsquo;un coquillage au centre. Fabriqu\u00e9 \u00e0 partir de noix de coco naturelle, sa finition artisanale apporte une touche exotique et distinctive, id\u00e9ale pour donner un accent d\u00e9coratif \u00e0 n&rsquo;importe quel espace. Parfait comme souvenir des c\u00f4tes espagnoles.<\/p>\n","protected":false},"featured_media":10092,"template":"","meta":{"_acf_changed":false},"product_brand":[],"product_cat":[521],"product_tag":[],"class_list":{"0":"post-28614","1":"product","2":"type-product","3":"status-publish","4":"has-post-thumbnail","6":"product_cat-bols","8":"first","9":"instock","10":"shipping-taxable","11":"product-type-simple"},"acf":[],"_links":{"self":[{"href":"https:\/\/olemosaic.orbitalia.org\/fr\/wp-json\/wp\/v2\/product\/28614","targetHints":{"allow":["GET"]}}],"collection":[{"href":"https:\/\/olemosaic.orbitalia.org\/fr\/wp-json\/wp\/v2\/product"}],"about":[{"href":"https:\/\/olemosaic.orbitalia.org\/fr\/wp-json\/wp\/v2\/types\/product"}],"wp:featuredmedia":[{"embeddable":true,"href":"https:\/\/olemosaic.orbitalia.org\/fr\/wp-json\/wp\/v2\/media\/10092"}],"wp:attachment":[{"href":"https:\/\/olemosaic.orbitalia.org\/fr\/wp-json\/wp\/v2\/media?parent=28614"}],"wp:term":[{"taxonomy":"product_brand","embeddable":true,"href":"https:\/\/olemosaic.orbitalia.org\/fr\/wp-json\/wp\/v2\/product_brand?post=28614"},{"taxonomy":"product_cat","embeddable":true,"href":"https:\/\/olemosaic.orbitalia.org\/fr\/wp-json\/wp\/v2\/product_cat?post=28614"},{"taxonomy":"product_tag","embeddable":true,"href":"https:\/\/olemosaic.orbitalia.org\/fr\/wp-json\/wp\/v2\/product_tag?post=28614"}],"curies":[{"name":"wp","href":"https:\/\/api.w.org\/{rel}","templated":true}]}}