{"id":28603,"date":"2025-02-20T23:30:13","date_gmt":"2025-02-20T22:30:13","guid":{"rendered":"https:\/\/olemosaic.orbitalia.org\/producto\/bol-de-coco-de-corazones-tortuga\/"},"modified":"2025-07-25T20:41:39","modified_gmt":"2025-07-25T18:41:39","slug":"bol-noix-de-coco-coeurs-tortue","status":"publish","type":"product","link":"https:\/\/olemosaic.orbitalia.org\/fr\/produit\/bol-noix-de-coco-coeurs-tortue\/","title":{"rendered":"Bol en noix de coco c\u0153urs. Tortue."},"content":{"rendered":"<p>Ce bol en noix de coco, d\u00e9cor\u00e9 d&rsquo;une charmante tortue, est une pi\u00e8ce artisanale unique qui apporte une touche exotique \u00e0 n&rsquo;importe quel espace. Fabriqu\u00e9 \u00e0 partir de noix de coco de haute qualit\u00e9, ce bol se distingue par son \u00e9l\u00e9gant design en mosa\u00efque. Les pi\u00e8ces iris\u00e9es qui le composent refl\u00e8tent une palette de couleurs douces, incluant des tons bleus, terre cuite et ivoire, cr\u00e9ant un effet visuel captivant. Au centre du bol, une tortue \u00e0 l&rsquo;effet peint \u00e0 la main agit comme un point focal distinctif, symbolisant la riche faune marine et l&rsquo;harmonie avec la nature.<\/p>\n<p>Id\u00e9al pour servir des ap\u00e9ritifs ou comme \u00e9l\u00e9ment d\u00e9coratif attrayant, ce bol n&rsquo;est pas seulement fonctionnel, il repr\u00e9sente \u00e9galement un lien culturel avec l&rsquo;artisanat traditionnel des r\u00e9gions o\u00f9 la noix de coco et l&rsquo;art de la mosa\u00efque sont mis en avant. Chaque bol est une c\u00e9l\u00e9bration de l&rsquo;authenticit\u00e9 et du talent des artisans locaux, ce qui en fait le souvenir parfait pour ceux qui cherchent \u00e0 emporter un souvenir significatif de leurs voyages.<\/p>\n<p>Chez Ol\u00e9 Mosaic, nous nous consacrons \u00e0 la distribution de souvenirs en gros, offrant des produits qui refl\u00e8tent la diversit\u00e9 culturelle et la beaut\u00e9 de nos traditions. Ce bol en noix de coco d\u00e9cor\u00e9 est une excellente option pour les boutiques de cadeaux touristiques, garantissant que chaque client puisse trouver un souvenir authentique et repr\u00e9sentatif de son passage dans ces terres.<\/p>\n","protected":false},"excerpt":{"rendered":"<p>Bol en noix de coco d\u00e9cor\u00e9 d&rsquo;une sympathique tortue \u00e0 l&rsquo;int\u00e9rieur, id\u00e9al pour apporter une touche exotique \u00e0 n&rsquo;importe quel espace. Ce bol artisanal, fait de noix de coco, arbore un design en mosa\u00efque avec des pi\u00e8ces iris\u00e9es refl\u00e9tant une palette de couleurs douces, incluant des tons bleus et terre cuite. La tortue, au design artisanal peint \u00e0 la main, ajoute un \u00e9l\u00e9ment distinctif et repr\u00e9sente la riche faune marine. Parfait pour servir des ap\u00e9ritifs ou comme pi\u00e8ce d\u00e9corative.<\/p>\n","protected":false},"featured_media":10297,"template":"","meta":{"_acf_changed":false},"product_brand":[],"product_cat":[521],"product_tag":[530],"class_list":{"0":"post-28603","1":"product","2":"type-product","3":"status-publish","4":"has-post-thumbnail","6":"product_cat-bols","7":"product_tag-animaux","8":"pa_motivo-tortues","10":"first","11":"instock","12":"shipping-taxable","13":"product-type-simple"},"acf":[],"_links":{"self":[{"href":"https:\/\/olemosaic.orbitalia.org\/fr\/wp-json\/wp\/v2\/product\/28603","targetHints":{"allow":["GET"]}}],"collection":[{"href":"https:\/\/olemosaic.orbitalia.org\/fr\/wp-json\/wp\/v2\/product"}],"about":[{"href":"https:\/\/olemosaic.orbitalia.org\/fr\/wp-json\/wp\/v2\/types\/product"}],"wp:featuredmedia":[{"embeddable":true,"href":"https:\/\/olemosaic.orbitalia.org\/fr\/wp-json\/wp\/v2\/media\/10297"}],"wp:attachment":[{"href":"https:\/\/olemosaic.orbitalia.org\/fr\/wp-json\/wp\/v2\/media?parent=28603"}],"wp:term":[{"taxonomy":"product_brand","embeddable":true,"href":"https:\/\/olemosaic.orbitalia.org\/fr\/wp-json\/wp\/v2\/product_brand?post=28603"},{"taxonomy":"product_cat","embeddable":true,"href":"https:\/\/olemosaic.orbitalia.org\/fr\/wp-json\/wp\/v2\/product_cat?post=28603"},{"taxonomy":"product_tag","embeddable":true,"href":"https:\/\/olemosaic.orbitalia.org\/fr\/wp-json\/wp\/v2\/product_tag?post=28603"}],"curies":[{"name":"wp","href":"https:\/\/api.w.org\/{rel}","templated":true}]}}