{"id":28602,"date":"2025-02-20T22:30:13","date_gmt":"2025-02-20T22:30:13","guid":{"rendered":"https:\/\/olemosaic.orbitalia.org\/producto\/bol-de-coco-mariposa\/"},"modified":"2025-07-25T18:57:17","modified_gmt":"2025-07-25T16:57:17","slug":"bol-noix-de-coco-papillon","status":"publish","type":"product","link":"https:\/\/olemosaic.orbitalia.org\/fr\/produit\/bol-noix-de-coco-papillon\/","title":{"rendered":"Bol en noix de coco. Papillon."},"content":{"rendered":"<p>Ce bol en noix de coco d\u00e9cor\u00e9 d&rsquo;une mosa\u00efque de couleurs vibrantes est une pi\u00e8ce unique qui ajoutera une touche artistique et culturelle \u00e0 n&rsquo;importe quel espace. Avec un design plein de vie dans des tons bleus, roses et jaunes, ce chef-d&rsquo;\u0153uvre artisanal pr\u00e9sente une \u00e9l\u00e9gante chauve-souris au centre, qui se d\u00e9tache sur le fond clair et capte l&rsquo;attention de ceux qui le contemplent. Fabriqu\u00e9 soigneusement \u00e0 la main, chaque bol est exclusif et refl\u00e8te la riche tradition de l&rsquo;artisanat local.<\/p>\n<p>La fusion des couleurs et des textures offre une esth\u00e9tique captivante et moderne, id\u00e9ale aussi bien pour un usage d\u00e9coratif que pour ranger de petits objets, g\u00e9n\u00e9rant un \u00e9quilibre parfait entre fonctionnalit\u00e9 et art. Inspir\u00e9 par le folklore et les traditions de la r\u00e9gion, ce bol \u00e9voque un sentiment de connexion avec la culture populaire.<\/p>\n<p>En tant que souvenir repr\u00e9sentatif, ce bol en mosa\u00efque ne c\u00e9l\u00e8bre pas seulement le savoir-faire artisanal ; il se distingue \u00e9galement comme un excellent souvenir pour les touristes cherchant \u00e0 capturer l&rsquo;essence de leur visite. Chez Ol\u00e9 Mosaic, nous sommes fiers d&rsquo;\u00eatre des distributeurs de souvenirs authentiques, et ce bol en noix de coco est une proposition id\u00e9ale pour les boutiques de cadeaux touristiques qui souhaitent offrir des articles de qualit\u00e9 et d&rsquo;int\u00e9r\u00eat culturel. Avec notre approche de vente en gros, chaque bol devient un ajout parfait \u00e0 toute collection de souvenirs.<\/p>\n","protected":false},"excerpt":{"rendered":"<p>Bol en noix de coco d\u00e9cor\u00e9 d&rsquo;une mosa\u00efque de couleurs vibrantes, id\u00e9al pour donner une touche artistique \u00e0 n&rsquo;importe quel espace. Ce bol pr\u00e9sente un design dans des tons bleus, roses et jaunes, avec une \u00e9l\u00e9gante chauve-souris au centre qui se d\u00e9tache sur le fond clair. Fabriqu\u00e9 de mani\u00e8re artisanale, chaque pi\u00e8ce est unique et refl\u00e8te la riche tradition de l&rsquo;artisanat. Parfait pour un usage d\u00e9coratif ou comme r\u00e9cipient original pour ranger de petits objets.<\/p>\n","protected":false},"featured_media":13518,"template":"","meta":{"_acf_changed":false},"product_brand":[],"product_cat":[521],"product_tag":[530],"class_list":{"0":"post-28602","1":"product","2":"type-product","3":"status-publish","4":"has-post-thumbnail","6":"product_cat-bols","7":"product_tag-animaux","8":"pa_motivo-papillons","10":"first","11":"instock","12":"shipping-taxable","13":"product-type-simple"},"acf":[],"_links":{"self":[{"href":"https:\/\/olemosaic.orbitalia.org\/fr\/wp-json\/wp\/v2\/product\/28602","targetHints":{"allow":["GET"]}}],"collection":[{"href":"https:\/\/olemosaic.orbitalia.org\/fr\/wp-json\/wp\/v2\/product"}],"about":[{"href":"https:\/\/olemosaic.orbitalia.org\/fr\/wp-json\/wp\/v2\/types\/product"}],"wp:featuredmedia":[{"embeddable":true,"href":"https:\/\/olemosaic.orbitalia.org\/fr\/wp-json\/wp\/v2\/media\/13518"}],"wp:attachment":[{"href":"https:\/\/olemosaic.orbitalia.org\/fr\/wp-json\/wp\/v2\/media?parent=28602"}],"wp:term":[{"taxonomy":"product_brand","embeddable":true,"href":"https:\/\/olemosaic.orbitalia.org\/fr\/wp-json\/wp\/v2\/product_brand?post=28602"},{"taxonomy":"product_cat","embeddable":true,"href":"https:\/\/olemosaic.orbitalia.org\/fr\/wp-json\/wp\/v2\/product_cat?post=28602"},{"taxonomy":"product_tag","embeddable":true,"href":"https:\/\/olemosaic.orbitalia.org\/fr\/wp-json\/wp\/v2\/product_tag?post=28602"}],"curies":[{"name":"wp","href":"https:\/\/api.w.org\/{rel}","templated":true}]}}