{"id":28600,"date":"2025-02-20T23:30:12","date_gmt":"2025-02-20T22:30:12","guid":{"rendered":"https:\/\/olemosaic.orbitalia.org\/producto\/bol-de-coco-mosaico\/"},"modified":"2025-07-25T20:29:13","modified_gmt":"2025-07-25T18:29:13","slug":"bol-noix-de-coco-mosaique","status":"publish","type":"product","link":"https:\/\/olemosaic.orbitalia.org\/fr\/produit\/bol-noix-de-coco-mosaique\/","title":{"rendered":"Bol en noix de coco. Mosa\u00efque."},"content":{"rendered":"<p>Ce bol en noix de coco, d\u00e9cor\u00e9 d&rsquo;une mosa\u00efque de couleurs vibrantes, est une pi\u00e8ce artisanale qui apporte joie et \u00e9l\u00e9gance \u00e0 n&rsquo;importe quel espace. De conception artisanale, il pr\u00e9sente un design captivant combinant des tons bleus, roses, jaunes et violets, \u00e9voquant la riche tradition artisanale m\u00e9diterran\u00e9enne. La base blanche du bol fait ressortir parfaitement les tesselles de la mosa\u00efque, cr\u00e9ant un contraste attrayant qui non seulement stimule visuellement, mais invite \u00e9galement \u00e0 l&rsquo;admiration de ceux qui appr\u00e9cient l&rsquo;art d\u00e9coratif.<\/p>\n<p>La mosa\u00efque, soigneusement con\u00e7ue, refl\u00e8te l&rsquo;\u00e9nergie et les couleurs caract\u00e9ristiques des cultures c\u00f4ti\u00e8res, faisant de ce bol un authentique repr\u00e9sentant du patrimoine m\u00e9diterran\u00e9en. Id\u00e9al comme centre de table, il devient un \u00e9l\u00e9ment d&rsquo;exposition parfait pour n&rsquo;importe quelle maison, ajoutant un sujet de conversation et une touche de chaleur \u00e0 la d\u00e9coration.<\/p>\n<p>Ce bol en noix de coco est un excellent souvenir pour les touristes cherchant \u00e0 emporter un fragment de la culture m\u00e9diterran\u00e9enne, ainsi qu&rsquo;une option charmante pour les boutiques de cadeaux touristiques souhaitant proposer des articles authentiques et de qualit\u00e9. Chez Ol\u00e9 Mosaic, nous distribuons ces souvenirs en gros, garantissant l&rsquo;authenticit\u00e9 et la valeur culturelle de chaque produit, ce qui en fait un choix parfait pour les clients qui appr\u00e9cient l&rsquo;artisanat unique.<\/p>\n","protected":false},"excerpt":{"rendered":"<p>Bol en noix de coco d\u00e9cor\u00e9 d&rsquo;une mosa\u00efque de couleurs vibrantes, id\u00e9al pour apporter une touche de joie \u00e0 n&rsquo;importe quel espace. Cet article artisanal, fabriqu\u00e9 \u00e0 la main, pr\u00e9sente un design combinant des tons bleus, roses, jaunes et violets, avec un style caract\u00e9ristique de la tradition m\u00e9diterran\u00e9enne. La base blanche fait ressortir les pi\u00e8ces de la mosa\u00efque, cr\u00e9ant un contraste attrayant et une texture visuelle qui ravira les amateurs d&rsquo;art d\u00e9coratif. Parfait comme centre de table ou \u00e9l\u00e9ment d&rsquo;exposition.<\/p>\n","protected":false},"featured_media":11799,"template":"","meta":{"_acf_changed":false},"product_brand":[],"product_cat":[521],"product_tag":[],"class_list":{"0":"post-28600","1":"product","2":"type-product","3":"status-publish","4":"has-post-thumbnail","6":"product_cat-bols","7":"pa_motivo-mosaique","9":"first","10":"instock","11":"shipping-taxable","12":"product-type-simple"},"acf":[],"_links":{"self":[{"href":"https:\/\/olemosaic.orbitalia.org\/fr\/wp-json\/wp\/v2\/product\/28600","targetHints":{"allow":["GET"]}}],"collection":[{"href":"https:\/\/olemosaic.orbitalia.org\/fr\/wp-json\/wp\/v2\/product"}],"about":[{"href":"https:\/\/olemosaic.orbitalia.org\/fr\/wp-json\/wp\/v2\/types\/product"}],"wp:featuredmedia":[{"embeddable":true,"href":"https:\/\/olemosaic.orbitalia.org\/fr\/wp-json\/wp\/v2\/media\/11799"}],"wp:attachment":[{"href":"https:\/\/olemosaic.orbitalia.org\/fr\/wp-json\/wp\/v2\/media?parent=28600"}],"wp:term":[{"taxonomy":"product_brand","embeddable":true,"href":"https:\/\/olemosaic.orbitalia.org\/fr\/wp-json\/wp\/v2\/product_brand?post=28600"},{"taxonomy":"product_cat","embeddable":true,"href":"https:\/\/olemosaic.orbitalia.org\/fr\/wp-json\/wp\/v2\/product_cat?post=28600"},{"taxonomy":"product_tag","embeddable":true,"href":"https:\/\/olemosaic.orbitalia.org\/fr\/wp-json\/wp\/v2\/product_tag?post=28600"}],"curies":[{"name":"wp","href":"https:\/\/api.w.org\/{rel}","templated":true}]}}