{"id":28587,"date":"2025-02-20T23:30:12","date_gmt":"2025-02-20T22:30:12","guid":{"rendered":"https:\/\/olemosaic.orbitalia.org\/producto\/bol-de-coco-tortuga\/"},"modified":"2025-07-25T19:44:56","modified_gmt":"2025-07-25T17:44:56","slug":"bol-en-noix-de-coco-tortue","status":"publish","type":"product","link":"https:\/\/olemosaic.orbitalia.org\/fr\/produit\/bol-en-noix-de-coco-tortue\/","title":{"rendered":"Bol en noix de coco. Tortue."},"content":{"rendered":"<p>Ce bol en noix de coco, d\u00e9cor\u00e9 d&rsquo;une mosa\u00efque aux couleurs vibrantes, est une \u0153uvre d&rsquo;art qui apporte une touche artistique et joyeuse \u00e0 n&rsquo;importe quel espace. Au centre du bol, une tortue, symbole de sagesse et de r\u00e9silience, a \u00e9t\u00e9 peinte \u00e0 la main avec le plus grand soin. Ce d\u00e9tail central est entour\u00e9 de fragments aux tons vifs de bleu, violet, rose et jaune, qui refl\u00e8tent la lumi\u00e8re de mani\u00e8re enchanteresse, cr\u00e9ant un effet visuel captivant. Le design, avec ses tons doux, \u00e9voque la beaut\u00e9 de la faune marine, faisant de ce bol une repr\u00e9sentation authentique de la tradition artisanale de la r\u00e9gion.<\/p>\n<p>Chaque pi\u00e8ce est unique gr\u00e2ce \u00e0 sa fabrication artisanale, ce qui garantit qu&rsquo;il n&rsquo;y a pas deux bols identiques. Id\u00e9al comme souvenir pour ceux qui cherchent \u00e0 emporter un morceau de culture authentique, ce bol en noix de coco est parfait pour orner des \u00e9tag\u00e8res, des tables ou comme cadeau significatif. Sa connexion avec la vie marine et la nature refl\u00e8te le respect de l&rsquo;environnement, en faisant un rappel de la riche biodiversit\u00e9 du monde.<\/p>\n<p>Chez Ol\u00e9 Mosaic, nous nous sp\u00e9cialisons dans la distribution de souvenirs en gros, et ce bol d\u00e9coratif en noix de coco est une excellente option pour les boutiques de cadeaux touristiques \u00e0 la recherche de produits de qualit\u00e9 avec une forte valeur culturelle. Chaque bol en noix de coco est une combinaison parfaite d&rsquo;art et de tradition, id\u00e9al pour ceux qui recherchent des souvenirs de l&rsquo;artisanat local.<\/p>\n","protected":false},"excerpt":{"rendered":"<p>Bol en noix de coco d\u00e9cor\u00e9 d&rsquo;une magnifique mosa\u00efque color\u00e9e, id\u00e9al pour ajouter une touche artistique \u00e0 n&rsquo;importe quel espace. Ce produit pr\u00e9sente une tortue au centre, entour\u00e9e de fragments aux tons bleus, violets, roses et jaunes, qui refl\u00e8tent la lumi\u00e8re de mani\u00e8re enchanteresse. Son design artisanal, peint \u00e0 la main, lui conf\u00e8re un caract\u00e8re unique et une finition aux tons doux, \u00e9voquant la beaut\u00e9 de la faune marine et la tradition artisanale de la r\u00e9gion.<\/p>\n","protected":false},"featured_media":11804,"template":"","meta":{"_acf_changed":false},"product_brand":[],"product_cat":[521],"product_tag":[530],"class_list":{"0":"post-28587","1":"product","2":"type-product","3":"status-publish","4":"has-post-thumbnail","6":"product_cat-bols","7":"product_tag-animaux","8":"pa_motivo-tortues","10":"first","11":"instock","12":"shipping-taxable","13":"product-type-simple"},"acf":[],"_links":{"self":[{"href":"https:\/\/olemosaic.orbitalia.org\/fr\/wp-json\/wp\/v2\/product\/28587","targetHints":{"allow":["GET"]}}],"collection":[{"href":"https:\/\/olemosaic.orbitalia.org\/fr\/wp-json\/wp\/v2\/product"}],"about":[{"href":"https:\/\/olemosaic.orbitalia.org\/fr\/wp-json\/wp\/v2\/types\/product"}],"wp:featuredmedia":[{"embeddable":true,"href":"https:\/\/olemosaic.orbitalia.org\/fr\/wp-json\/wp\/v2\/media\/11804"}],"wp:attachment":[{"href":"https:\/\/olemosaic.orbitalia.org\/fr\/wp-json\/wp\/v2\/media?parent=28587"}],"wp:term":[{"taxonomy":"product_brand","embeddable":true,"href":"https:\/\/olemosaic.orbitalia.org\/fr\/wp-json\/wp\/v2\/product_brand?post=28587"},{"taxonomy":"product_cat","embeddable":true,"href":"https:\/\/olemosaic.orbitalia.org\/fr\/wp-json\/wp\/v2\/product_cat?post=28587"},{"taxonomy":"product_tag","embeddable":true,"href":"https:\/\/olemosaic.orbitalia.org\/fr\/wp-json\/wp\/v2\/product_tag?post=28587"}],"curies":[{"name":"wp","href":"https:\/\/api.w.org\/{rel}","templated":true}]}}