{"id":28586,"date":"2025-02-20T23:30:12","date_gmt":"2025-02-20T22:30:12","guid":{"rendered":"https:\/\/olemosaic.orbitalia.org\/producto\/bol-de-coco-con-flores-tortuga\/"},"modified":"2025-07-25T20:17:51","modified_gmt":"2025-07-25T18:17:51","slug":"bol-en-noix-de-coco-fleurs-tortue","status":"publish","type":"product","link":"https:\/\/olemosaic.orbitalia.org\/fr\/produit\/bol-en-noix-de-coco-fleurs-tortue\/","title":{"rendered":"Bol en noix de coco avec fleurs. Tortue."},"content":{"rendered":"<p>Ce bol en noix de coco, orn\u00e9 d&rsquo;un magnifique motif floral et d&rsquo;une tortue au centre, est un merveilleux exemple de l&rsquo;artisanat traditionnel que l&rsquo;on trouve dans diverses r\u00e9gions c\u00f4ti\u00e8res d&rsquo;Espagne et du Portugal. Ce souvenir unique est fabriqu\u00e9 \u00e0 partir de coques de noix de coco, ce qui le rend non seulement durable, mais apporte \u00e9galement une touche rustique et naturelle \u00e0 tout environnement. La d\u00e9coration \u00e0 effet peint \u00e0 la main pr\u00e9sente des couleurs vibrantes de bleu, rouge et jaune, \u00e9voquant la beaut\u00e9 \u00e9tonnante de la nature et la chaleur du soleil m\u00e9diterran\u00e9en. Au centre du bol, une tortue, symbole de sagesse et de paix, est entour\u00e9e de fleurs color\u00e9es, cr\u00e9ant une pi\u00e8ce qui n&rsquo;est pas seulement fonctionnelle, mais aussi inspirante et pleine de sens.<\/p>\n<p>Ce bol ne sert pas seulement d&rsquo;\u00e9l\u00e9ment d\u00e9coratif, il devient un souvenir culturel repr\u00e9sentatif, id\u00e9al pour ceux qui cherchent \u00e0 emporter un morceau de la beaut\u00e9 naturelle de la r\u00e9gion. Chez Ol\u00e9 Mosaic, nous nous sp\u00e9cialisons dans la distribution de souvenirs authentiques et de qualit\u00e9 ; ce bol en noix de coco est une excellente option pour les boutiques de cadeaux touristiques souhaitant proposer des produits qui se distinguent par leur artisanat et leur authenticit\u00e9. En tant que grossistes de souvenirs d&rsquo;int\u00e9r\u00eat culturel, nous garantissons que chaque article, comme ce bol en noix de coco, est un t\u00e9moignage des traditions et de la nature vibrante de nos destinations.<\/p>\n","protected":false},"excerpt":{"rendered":"<p>Bol en noix de coco d\u00e9cor\u00e9 d&rsquo;un magnifique motif floral et d&rsquo;une tortue au centre. Ce bol attrayant, fabriqu\u00e9 \u00e0 partir de coques de noix de coco, pr\u00e9sente un design artisanal fini, peint \u00e0 la main, avec des couleurs vibrantes de bleu, rouge et jaune qui \u00e9voquent la beaut\u00e9 de la nature. La tortue, symbole de sagesse et de paix, se d\u00e9tache au centre entour\u00e9e de fleurs color\u00e9es, cr\u00e9ant un article id\u00e9al pour d\u00e9corer n&rsquo;importe quelle maison ou comme souvenir exclusif.<\/p>\n","protected":false},"featured_media":10296,"template":"","meta":{"_acf_changed":false},"product_brand":[],"product_cat":[521],"product_tag":[530],"class_list":{"0":"post-28586","1":"product","2":"type-product","3":"status-publish","4":"has-post-thumbnail","6":"product_cat-bols","7":"product_tag-animaux","8":"pa_motivo-tortues","10":"first","11":"instock","12":"shipping-taxable","13":"product-type-simple"},"acf":[],"_links":{"self":[{"href":"https:\/\/olemosaic.orbitalia.org\/fr\/wp-json\/wp\/v2\/product\/28586","targetHints":{"allow":["GET"]}}],"collection":[{"href":"https:\/\/olemosaic.orbitalia.org\/fr\/wp-json\/wp\/v2\/product"}],"about":[{"href":"https:\/\/olemosaic.orbitalia.org\/fr\/wp-json\/wp\/v2\/types\/product"}],"wp:featuredmedia":[{"embeddable":true,"href":"https:\/\/olemosaic.orbitalia.org\/fr\/wp-json\/wp\/v2\/media\/10296"}],"wp:attachment":[{"href":"https:\/\/olemosaic.orbitalia.org\/fr\/wp-json\/wp\/v2\/media?parent=28586"}],"wp:term":[{"taxonomy":"product_brand","embeddable":true,"href":"https:\/\/olemosaic.orbitalia.org\/fr\/wp-json\/wp\/v2\/product_brand?post=28586"},{"taxonomy":"product_cat","embeddable":true,"href":"https:\/\/olemosaic.orbitalia.org\/fr\/wp-json\/wp\/v2\/product_cat?post=28586"},{"taxonomy":"product_tag","embeddable":true,"href":"https:\/\/olemosaic.orbitalia.org\/fr\/wp-json\/wp\/v2\/product_tag?post=28586"}],"curies":[{"name":"wp","href":"https:\/\/api.w.org\/{rel}","templated":true}]}}