{"id":28585,"date":"2025-02-20T22:30:12","date_gmt":"2025-02-20T22:30:12","guid":{"rendered":"https:\/\/olemosaic.orbitalia.org\/producto\/bol-de-coco-de-corazones-bailaora\/"},"modified":"2025-07-25T19:36:13","modified_gmt":"2025-07-25T17:36:13","slug":"bol-en-noix-de-coco-coeurs-danseuse-flamenco","status":"publish","type":"product","link":"https:\/\/olemosaic.orbitalia.org\/fr\/produit\/bol-en-noix-de-coco-coeurs-danseuse-flamenco\/","title":{"rendered":"Bol en noix de coco avec c\u0153urs. Danseuse de flamenco."},"content":{"rendered":"<p>Ce bol en noix de coco, d\u00e9cor\u00e9 d&rsquo;un charmant motif de danseuse de flamenco, est une pi\u00e8ce unique qui capture l&rsquo;essence du flamenco andalou. Son design vibrant pr\u00e9sente une mosa\u00efque de c\u0153urs aux tons joyeux de bleu, d&rsquo;orange et de dor\u00e9, qui apportent couleur et vitalit\u00e9 \u00e0 n&rsquo;importe quel environnement. Le fond clair du bol fait ressortir admirablement la silhouette stylis\u00e9e de la danseuse, \u00e9voquant la passion et le mouvement de la danse flamenco, une expression artistique profond\u00e9ment enracin\u00e9e dans la culture espagnole.<\/p>\n<p>Le bol, fabriqu\u00e9 artisanalement \u00e0 partir de noix de coco, n&rsquo;est pas seulement une pi\u00e8ce d\u00e9corative \u00e9l\u00e9gante, mais aussi un objet polyvalent qui peut \u00eatre utilis\u00e9 \u00e0 table pour servir ou comme \u00e9l\u00e9ment de d\u00e9coration dans la maison. Chaque mosa\u00efque a \u00e9t\u00e9 plac\u00e9e avec pr\u00e9cision, refl\u00e9tant le savoir-faire des artisans locaux et soulignant la valeur du travail manuel dans la cr\u00e9ation de souvenirs authentiques.<\/p>\n<p>En tant que repr\u00e9sentant du riche h\u00e9ritage culturel de l&rsquo;Andalousie, ce bol est un excellent souvenir pour les touristes souhaitant emporter un morceau de la tradition espagnole. Chez Ol\u00e9 Mosaic, nous sommes fiers de proposer ce bol en noix de coco dans le cadre de notre collection de souvenirs de qualit\u00e9, ce qui en fait une option attrayante pour les boutiques de cadeaux touristiques \u00e0 la recherche de produits authentiques et significatifs. En tant que grossiste de produits artisanaux, nous garantissons que chaque pi\u00e8ce refl\u00e8te l&rsquo;essence de son lieu d&rsquo;origine.<\/p>\n","protected":false},"excerpt":{"rendered":"<p>Bol en noix de coco d\u00e9cor\u00e9 d&rsquo;une charmante danseuse de flamenco, dans un design andalou vibrant. Cet \u00e9l\u00e9gant bol pr\u00e9sente une mosa\u00efque de c\u0153urs aux tons bleus, oranges et dor\u00e9s, qui rehaussent sa beaut\u00e9 artisanale. Le fond clair fait ressortir la silhouette de la danseuse, \u00e9voquant la passion du flamenco. Id\u00e9al comme pi\u00e8ce d\u00e9corative ou pour une utilisation \u00e0 table, ce bol refl\u00e8te la riche culture espagnole.<\/p>\n","protected":false},"featured_media":13500,"template":"","meta":{"_acf_changed":false},"product_brand":[],"product_cat":[521],"product_tag":[],"class_list":{"0":"post-28585","1":"product","2":"type-product","3":"status-publish","4":"has-post-thumbnail","6":"product_cat-bols","7":"pa_motivo-danseurs","9":"first","10":"instock","11":"shipping-taxable","12":"product-type-simple"},"acf":[],"_links":{"self":[{"href":"https:\/\/olemosaic.orbitalia.org\/fr\/wp-json\/wp\/v2\/product\/28585","targetHints":{"allow":["GET"]}}],"collection":[{"href":"https:\/\/olemosaic.orbitalia.org\/fr\/wp-json\/wp\/v2\/product"}],"about":[{"href":"https:\/\/olemosaic.orbitalia.org\/fr\/wp-json\/wp\/v2\/types\/product"}],"wp:featuredmedia":[{"embeddable":true,"href":"https:\/\/olemosaic.orbitalia.org\/fr\/wp-json\/wp\/v2\/media\/13500"}],"wp:attachment":[{"href":"https:\/\/olemosaic.orbitalia.org\/fr\/wp-json\/wp\/v2\/media?parent=28585"}],"wp:term":[{"taxonomy":"product_brand","embeddable":true,"href":"https:\/\/olemosaic.orbitalia.org\/fr\/wp-json\/wp\/v2\/product_brand?post=28585"},{"taxonomy":"product_cat","embeddable":true,"href":"https:\/\/olemosaic.orbitalia.org\/fr\/wp-json\/wp\/v2\/product_cat?post=28585"},{"taxonomy":"product_tag","embeddable":true,"href":"https:\/\/olemosaic.orbitalia.org\/fr\/wp-json\/wp\/v2\/product_tag?post=28585"}],"curies":[{"name":"wp","href":"https:\/\/api.w.org\/{rel}","templated":true}]}}