{"id":28583,"date":"2025-02-20T22:30:11","date_gmt":"2025-02-20T22:30:11","guid":{"rendered":"https:\/\/olemosaic.orbitalia.org\/producto\/bol-de-coco-tortuga-fuerteventura\/"},"modified":"2025-07-25T20:33:04","modified_gmt":"2025-07-25T18:33:04","slug":"bol-en-noix-de-coco-tortue-fuerteventura","status":"publish","type":"product","link":"https:\/\/olemosaic.orbitalia.org\/fr\/produit\/bol-en-noix-de-coco-tortue-fuerteventura\/","title":{"rendered":"Bol en noix de coco. Tortue. Fuerteventura."},"content":{"rendered":"<p>Ce bol en noix de coco, d\u00e9cor\u00e9 d&rsquo;un charmant motif de tortue, est un article unique qui capture l&rsquo;essence de Fuerteventura, l&rsquo;une des \u00eeles les plus captivantes de l&rsquo;archipel des Canaries. Ce bol \u00e9l\u00e9gant, fabriqu\u00e9 avec des mat\u00e9riaux naturels, pr\u00e9sente une finition dans des tons pastel, o\u00f9 des mosa\u00efques de diverses formes et couleurs vibrantes s&rsquo;entrelacent dans un motif artistique \u00e9voquant la beaut\u00e9 de la faune marine. Au centre, une illustration d\u00e9taill\u00e9e d&rsquo;une tortue, embl\u00e9matique de la riche vie sauvage de l&rsquo;\u00eele, rehausse le caract\u00e8re distinctif de cette pi\u00e8ce.<\/p>\n<p>Id\u00e9al aussi bien comme \u00e9l\u00e9ment d\u00e9coratif que pour un usage pratique, ce bol combine l&rsquo;esth\u00e9tique typique des Canaries avec une fonctionnalit\u00e9 exceptionnelle. Son design n&rsquo;invite pas seulement \u00e0 l&rsquo;admiration, mais offre \u00e9galement une option polyvalente pour servir des ap\u00e9ritifs ou comme centre de table, ajoutant une touche de couleur et de style \u00e0 n&rsquo;importe quel espace.<\/p>\n<p>Chez Ol\u00e9 Mosaic, nous comprenons l&rsquo;importance des souvenirs authentiques qui capturent la culture et le patrimoine de leur origine. Ce bol en noix de coco est un excellent exemple d&rsquo;artisanat local, parfait pour les touristes \u00e0 la recherche de souvenirs significatifs de Fuerteventura. En tant que grossiste en souvenirs, nous garantissons que chaque produit que nous proposons n&rsquo;est pas seulement un objet de beaut\u00e9, mais aussi un reflet authentique de la culture canarienne.<\/p>\n","protected":false},"excerpt":{"rendered":"<p>Bol en noix de coco d\u00e9cor\u00e9 d&rsquo;un motif de tortue, une ic\u00f4ne de Fuerteventura. Ce bol \u00e9l\u00e9gant pr\u00e9sente une finition dans des tons pastel avec des mosa\u00efques de diff\u00e9rentes formes qui ajoutent une touche vibrante et artistique. Au centre, l&rsquo;illustration d&rsquo;une tortue se d\u00e9tache, \u00e9voquant la faune locale. Id\u00e9al comme \u00e9l\u00e9ment d\u00e9coratif ou pour un usage pratique, ce bol combine l&rsquo;esth\u00e9tique canarienne avec la fonctionnalit\u00e9.<\/p>\n","protected":false},"featured_media":11969,"template":"","meta":{"_acf_changed":false},"product_brand":[],"product_cat":[521],"product_tag":[530],"class_list":{"0":"post-28583","1":"product","2":"type-product","3":"status-publish","4":"has-post-thumbnail","6":"product_cat-bols","7":"product_tag-animaux","8":"pa_ciudad-fuerteventura","9":"pa_motivo-tortues","10":"pa_pais-espana","12":"first","13":"instock","14":"shipping-taxable","15":"product-type-simple"},"acf":[],"_links":{"self":[{"href":"https:\/\/olemosaic.orbitalia.org\/fr\/wp-json\/wp\/v2\/product\/28583","targetHints":{"allow":["GET"]}}],"collection":[{"href":"https:\/\/olemosaic.orbitalia.org\/fr\/wp-json\/wp\/v2\/product"}],"about":[{"href":"https:\/\/olemosaic.orbitalia.org\/fr\/wp-json\/wp\/v2\/types\/product"}],"wp:featuredmedia":[{"embeddable":true,"href":"https:\/\/olemosaic.orbitalia.org\/fr\/wp-json\/wp\/v2\/media\/11969"}],"wp:attachment":[{"href":"https:\/\/olemosaic.orbitalia.org\/fr\/wp-json\/wp\/v2\/media?parent=28583"}],"wp:term":[{"taxonomy":"product_brand","embeddable":true,"href":"https:\/\/olemosaic.orbitalia.org\/fr\/wp-json\/wp\/v2\/product_brand?post=28583"},{"taxonomy":"product_cat","embeddable":true,"href":"https:\/\/olemosaic.orbitalia.org\/fr\/wp-json\/wp\/v2\/product_cat?post=28583"},{"taxonomy":"product_tag","embeddable":true,"href":"https:\/\/olemosaic.orbitalia.org\/fr\/wp-json\/wp\/v2\/product_tag?post=28583"}],"curies":[{"name":"wp","href":"https:\/\/api.w.org\/{rel}","templated":true}]}}