{"id":28575,"date":"2025-02-20T23:30:10","date_gmt":"2025-02-20T22:30:10","guid":{"rendered":"https:\/\/olemosaic.orbitalia.org\/producto\/bol-de-coco-flor\/"},"modified":"2025-07-25T19:19:24","modified_gmt":"2025-07-25T17:19:24","slug":"bol-noix-de-coco-fleur","status":"publish","type":"product","link":"https:\/\/olemosaic.orbitalia.org\/fr\/produit\/bol-noix-de-coco-fleur\/","title":{"rendered":"Bol en noix de coco. Fleur."},"content":{"rendered":"<p>Ce bol en noix de coco, d\u00e9cor\u00e9 de motifs floraux et de mosa\u00efques multicolores, est une pi\u00e8ce artisanale exquise qui refl\u00e8te la riche tradition c\u00e9ramique de l&rsquo;Espagne. Ce bol attrayant, peint \u00e0 la main, se distingue par une magnifique fleur en son centre, entour\u00e9e d&rsquo;une mosa\u00efque vibrante comprenant des tons bleus, roses et violets, cr\u00e9ant un contraste visuel saisissant. La surface brillante souligne chaque d\u00e9tail de sa d\u00e9coration d\u00e9licate, apportant une touche d&rsquo;\u00e9l\u00e9gance et de fra\u00eecheur \u00e0 n&rsquo;importe quel environnement, id\u00e9al pour toute table ou espace d\u00e9coratif.<\/p>\n<p>Ce design n&rsquo;est pas seulement esth\u00e9tiquement attrayant, il symbolise \u00e9galement le lien culturel avec l&rsquo;artisanat typique de r\u00e9gions comme l&rsquo;Andalousie, o\u00f9 les couleurs vives et les formes organiques refl\u00e8tent l&rsquo;environnement naturel et l&rsquo;esprit vibrant de la culture locale. Chaque bol est un rappel de la riche diversit\u00e9 de la flore espagnole, et son style unique en fait un souvenir parfait pour ceux qui cherchent \u00e0 emporter un morceau d&rsquo;authenticit\u00e9 culturelle.<\/p>\n<p>Ol\u00e9 Mosaic est fier d&rsquo;\u00eatre un distributeur de souvenirs de qualit\u00e9, proposant ce bol en noix de coco d\u00e9cor\u00e9 comme une excellente option pour les boutiques de cadeaux touristiques \u00e0 la recherche de produits authentiques charg\u00e9s d&rsquo;histoire. Ajouter ce bol \u00e0 votre collection de souvenirs garantit une touche unique et color\u00e9e qui ravira tous les visiteurs.<\/p>\n","protected":false},"excerpt":{"rendered":"<p>Bol en noix de coco d\u00e9cor\u00e9 de motifs floraux et de mosa\u00efques multicolores. Ce bol attrayant pr\u00e9sente un design artisanal, peint \u00e0 la main, avec une magnifique fleur au centre et une palette de couleurs vari\u00e9e incluant des bleus, des roses et des violets. La surface brillante fait ressortir chaque d\u00e9tail de sa d\u00e9coration complexe, en faisant un accessoire d\u00e9coratif \u00e9l\u00e9gant parfait pour tout int\u00e9rieur. Id\u00e9al pour ajouter une touche de fra\u00eecheur et de couleur \u00e0 votre table.<\/p>\n","protected":false},"featured_media":11805,"template":"","meta":{"_acf_changed":false},"product_brand":[],"product_cat":[521],"product_tag":[],"class_list":{"0":"post-28575","1":"product","2":"type-product","3":"status-publish","4":"has-post-thumbnail","6":"product_cat-bols","7":"pa_motivo-fleurs","9":"first","10":"instock","11":"shipping-taxable","12":"product-type-simple"},"acf":[],"_links":{"self":[{"href":"https:\/\/olemosaic.orbitalia.org\/fr\/wp-json\/wp\/v2\/product\/28575","targetHints":{"allow":["GET"]}}],"collection":[{"href":"https:\/\/olemosaic.orbitalia.org\/fr\/wp-json\/wp\/v2\/product"}],"about":[{"href":"https:\/\/olemosaic.orbitalia.org\/fr\/wp-json\/wp\/v2\/types\/product"}],"wp:featuredmedia":[{"embeddable":true,"href":"https:\/\/olemosaic.orbitalia.org\/fr\/wp-json\/wp\/v2\/media\/11805"}],"wp:attachment":[{"href":"https:\/\/olemosaic.orbitalia.org\/fr\/wp-json\/wp\/v2\/media?parent=28575"}],"wp:term":[{"taxonomy":"product_brand","embeddable":true,"href":"https:\/\/olemosaic.orbitalia.org\/fr\/wp-json\/wp\/v2\/product_brand?post=28575"},{"taxonomy":"product_cat","embeddable":true,"href":"https:\/\/olemosaic.orbitalia.org\/fr\/wp-json\/wp\/v2\/product_cat?post=28575"},{"taxonomy":"product_tag","embeddable":true,"href":"https:\/\/olemosaic.orbitalia.org\/fr\/wp-json\/wp\/v2\/product_tag?post=28575"}],"curies":[{"name":"wp","href":"https:\/\/api.w.org\/{rel}","templated":true}]}}