{"id":28574,"date":"2025-02-20T23:30:10","date_gmt":"2025-02-20T22:30:10","guid":{"rendered":"https:\/\/olemosaic.orbitalia.org\/producto\/bol-de-coco-con-flores-camino-de-santiago\/"},"modified":"2025-07-25T18:45:33","modified_gmt":"2025-07-25T16:45:33","slug":"bol-noix-de-coco-fleurs-chemin-compostelle","status":"publish","type":"product","link":"https:\/\/olemosaic.orbitalia.org\/fr\/produit\/bol-noix-de-coco-fleurs-chemin-compostelle\/","title":{"rendered":"Bol en noix de coco avec fleurs. Chemin de Compostelle."},"content":{"rendered":"<p>Ce bol en noix de coco, d\u00e9cor\u00e9 de motifs floraux et du symbole embl\u00e9matique du Chemin de Compostelle, est une pi\u00e8ce unique et artisanale qui capture l&rsquo;essence de ce c\u00e9l\u00e8bre parcours spirituel. Son design vibrant se caract\u00e9rise par des p\u00e9tales color\u00e9s dans les tons bleu, rouge et jaune, qui s&rsquo;entrelacent harmonieusement sur un fond clair, cr\u00e9ant un visuel captivant. Au centre du bol, l&#8217;embl\u00e8me iconique du Chemin de Compostelle se distingue, accompagn\u00e9 du texte \u00ab\u00a0Camino de Santiago\u00a0\u00bb, un d\u00e9tail qui renforce son lien avec la riche tradition de p\u00e8lerinage de milliers de voyageurs cherchant non seulement une destination physique, mais aussi une croissance spirituelle.<\/p>\n<p>Ce bol, fabriqu\u00e9 et peint \u00e0 la main, offre une authenticit\u00e9 qui en fait un souvenir singulier et repr\u00e9sentatif de la culture galicienne et de sa tradition en tant que route de p\u00e8lerinage, reconnue au patrimoine mondial de l&rsquo;UNESCO. Ce n&rsquo;est pas seulement un merveilleux souvenir du Chemin de Compostelle, mais aussi une pi\u00e8ce d\u00e9corative impressionnante qui embellira n&rsquo;importe quel int\u00e9rieur.<\/p>\n<p>Id\u00e9al pour les touristes \u00e0 la recherche d&rsquo;un souvenir authentique et significatif de leur voyage, ce bol \u00e0 fleurs est une excellente option pour les boutiques de cadeaux touristiques. Chez Ol\u00e9 Mosaic, en tant que grossiste de souvenirs artisanaux, nous garantissons que chaque pi\u00e8ce est le reflet de la culture et de l&rsquo;art local, parfaite pour ceux qui souhaitent ramener un morceau de Galice chez eux.<\/p>\n","protected":false},"excerpt":{"rendered":"<p>Bol en noix de coco d\u00e9cor\u00e9 de motifs floraux et du symbole du Chemin de Compostelle. Cet \u00e9l\u00e9gant bol pr\u00e9sente un design vibrant, avec des p\u00e9tales dans les tons bleu, rouge et jaune sur un fond clair. Au centre, l&#8217;embl\u00e8me iconique du Chemin de Compostelle se distingue, accompagn\u00e9 du texte \u00ab\u00a0Camino de Santiago\u00a0\u00bb. Sa fabrication artisanale et son design peint \u00e0 la main en font un souvenir singulier \u00e9voquant la beaut\u00e9 de cette c\u00e9l\u00e8bre route spirituelle.<\/p>\n","protected":false},"featured_media":10320,"template":"","meta":{"_acf_changed":false},"product_brand":[],"product_cat":[521],"product_tag":[],"class_list":{"0":"post-28574","1":"product","2":"type-product","3":"status-publish","4":"has-post-thumbnail","6":"product_cat-bols","7":"pa_motivo-chemin-saint-jacques","9":"first","10":"instock","11":"shipping-taxable","12":"product-type-simple"},"acf":[],"_links":{"self":[{"href":"https:\/\/olemosaic.orbitalia.org\/fr\/wp-json\/wp\/v2\/product\/28574","targetHints":{"allow":["GET"]}}],"collection":[{"href":"https:\/\/olemosaic.orbitalia.org\/fr\/wp-json\/wp\/v2\/product"}],"about":[{"href":"https:\/\/olemosaic.orbitalia.org\/fr\/wp-json\/wp\/v2\/types\/product"}],"wp:featuredmedia":[{"embeddable":true,"href":"https:\/\/olemosaic.orbitalia.org\/fr\/wp-json\/wp\/v2\/media\/10320"}],"wp:attachment":[{"href":"https:\/\/olemosaic.orbitalia.org\/fr\/wp-json\/wp\/v2\/media?parent=28574"}],"wp:term":[{"taxonomy":"product_brand","embeddable":true,"href":"https:\/\/olemosaic.orbitalia.org\/fr\/wp-json\/wp\/v2\/product_brand?post=28574"},{"taxonomy":"product_cat","embeddable":true,"href":"https:\/\/olemosaic.orbitalia.org\/fr\/wp-json\/wp\/v2\/product_cat?post=28574"},{"taxonomy":"product_tag","embeddable":true,"href":"https:\/\/olemosaic.orbitalia.org\/fr\/wp-json\/wp\/v2\/product_tag?post=28574"}],"curies":[{"name":"wp","href":"https:\/\/api.w.org\/{rel}","templated":true}]}}