{"id":28540,"date":"2025-02-20T23:30:10","date_gmt":"2025-02-20T22:30:10","guid":{"rendered":"https:\/\/olemosaic.orbitalia.org\/producto\/bol-de-coco-de-corazones-salamandra-mallorca\/"},"modified":"2025-07-25T18:56:58","modified_gmt":"2025-07-25T16:56:58","slug":"bol-noix-de-coco-coeurs-salamandre-majorque","status":"publish","type":"product","link":"https:\/\/olemosaic.orbitalia.org\/fr\/produit\/bol-noix-de-coco-coeurs-salamandre-majorque\/","title":{"rendered":"Bol en noix de coco c\u0153urs. Salamandre. Majorque."},"content":{"rendered":"<p>Ce bol en noix de coco, d\u00e9cor\u00e9 de c\u0153urs et d&rsquo;une salamandre, est une magnifique repr\u00e9sentation de l&rsquo;essence de Majorque. Chaque bol est m\u00e9ticuleusement \u00e9labor\u00e9 \u00e0 partir de noix de coco, ce qui lui conf\u00e8re une texture douce et une finition naturelle, en faisant un objet unique et attrayant. Son design peint \u00e0 la main se distingue par l&rsquo;incorporation de c\u0153urs color\u00e9s dispos\u00e9s de mani\u00e8re ludique sur la surface, cr\u00e9ant une atmosph\u00e8re joyeuse et vibrante. Au centre, une d\u00e9licate salamandre de couleur marron souligne la biodiversit\u00e9 de l&rsquo;\u00eele, tandis que le mot \u00ab\u00a0MAJORQUE\u00a0\u00bb est \u00e9l\u00e9gamment inscrit, soulignant son origine.<\/p>\n<p>Les tons doux et vibrants du bol, allant des bleus aux tons terre, non seulement embellissent n&rsquo;importe quel espace, mais \u00e9voquent \u00e9galement la luminosit\u00e9 des paysages majorquins. Ce bol n&rsquo;est pas seulement un accessoire d\u00e9coratif ; c&rsquo;est un authentique souvenir qui capture la culture et la tradition de Majorque, id\u00e9al comme cadeau pour ceux qui souhaitent emporter un morceau de ce paradis m\u00e9diterran\u00e9en.<\/p>\n<p>Chez Ol\u00e9 Mosaic, nous nous sp\u00e9cialisons dans la distribution de souvenirs en gros, et ce bol en noix de coco est une option parfaite pour les boutiques de cadeaux touristiques \u00e0 la recherche de produits authentiques, \u00e9labor\u00e9s avec l&rsquo;artisanat local. En tant que grossistes de souvenirs de Majorque, nous garantissons un produit qui allie beaut\u00e9, fonctionnalit\u00e9 et une profonde valeur culturelle.<\/p>\n","protected":false},"excerpt":{"rendered":"<p>Bol en noix de coco d\u00e9cor\u00e9 de motifs de c\u0153urs et d&rsquo;une salamandre, repr\u00e9sentant l&rsquo;essence de Majorque. Ce bol attrayant est fabriqu\u00e9 en noix de coco, avec un design artisanal d\u00e9licat, peint \u00e0 la main, comprenant des c\u0153urs color\u00e9s et une salamandre au centre, ainsi que le mot \u00ab\u00a0MAJORQUE\u00a0\u00bb. Les couleurs vibrantes et les formes douces lui donnent un air joyeux, en faisant un souvenir parfait ou un compl\u00e9ment d\u00e9coratif pour n&rsquo;importe quel foyer.<\/p>\n","protected":false},"featured_media":10329,"template":"","meta":{"_acf_changed":false},"product_brand":[],"product_cat":[521],"product_tag":[530],"class_list":{"0":"post-28540","1":"product","2":"type-product","3":"status-publish","4":"has-post-thumbnail","6":"product_cat-bols","7":"product_tag-animaux","8":"pa_ciudad-mallorca","9":"pa_motivo-salamandres","10":"pa_pais-espana","12":"first","13":"instock","14":"shipping-taxable","15":"product-type-simple"},"acf":[],"_links":{"self":[{"href":"https:\/\/olemosaic.orbitalia.org\/fr\/wp-json\/wp\/v2\/product\/28540","targetHints":{"allow":["GET"]}}],"collection":[{"href":"https:\/\/olemosaic.orbitalia.org\/fr\/wp-json\/wp\/v2\/product"}],"about":[{"href":"https:\/\/olemosaic.orbitalia.org\/fr\/wp-json\/wp\/v2\/types\/product"}],"wp:featuredmedia":[{"embeddable":true,"href":"https:\/\/olemosaic.orbitalia.org\/fr\/wp-json\/wp\/v2\/media\/10329"}],"wp:attachment":[{"href":"https:\/\/olemosaic.orbitalia.org\/fr\/wp-json\/wp\/v2\/media?parent=28540"}],"wp:term":[{"taxonomy":"product_brand","embeddable":true,"href":"https:\/\/olemosaic.orbitalia.org\/fr\/wp-json\/wp\/v2\/product_brand?post=28540"},{"taxonomy":"product_cat","embeddable":true,"href":"https:\/\/olemosaic.orbitalia.org\/fr\/wp-json\/wp\/v2\/product_cat?post=28540"},{"taxonomy":"product_tag","embeddable":true,"href":"https:\/\/olemosaic.orbitalia.org\/fr\/wp-json\/wp\/v2\/product_tag?post=28540"}],"curies":[{"name":"wp","href":"https:\/\/api.w.org\/{rel}","templated":true}]}}