{"id":28539,"date":"2025-02-20T23:30:09","date_gmt":"2025-02-20T22:30:09","guid":{"rendered":"https:\/\/olemosaic.orbitalia.org\/producto\/bol-de-coco-de-corazones-flor\/"},"modified":"2025-07-25T20:28:13","modified_gmt":"2025-07-25T18:28:13","slug":"bol-noix-de-coco-coeurs-fleur","status":"publish","type":"product","link":"https:\/\/olemosaic.orbitalia.org\/fr\/produit\/bol-noix-de-coco-coeurs-fleur\/","title":{"rendered":"Bol en noix de coco c\u0153urs. Fleur."},"content":{"rendered":"<p>Ce bol en noix de coco d\u00e9cor\u00e9 de motifs de c\u0153urs et de fleurs est une pi\u00e8ce artisanale qui capture l&rsquo;essence de la beaut\u00e9 m\u00e9diterran\u00e9enne. Id\u00e9al pour pr\u00e9senter des ap\u00e9ritifs ou comme centre de table, cet article se distingue par son charme et sa polyvalence, devenant un excellent souvenir que les touristes appr\u00e9cieront. Sa surface int\u00e9rieure pr\u00e9sente un d\u00e9licat motif peint \u00e0 la main, o\u00f9 une \u00e9l\u00e9gante fleur centrale est entour\u00e9e de c\u0153urs color\u00e9s aux tons pastel, \u00e9voquant un air frais et vibrant qui \u00e9gaye n&rsquo;importe quel espace. La finition brillante de son int\u00e9rieur contraste harmonieusement avec la texture naturelle de la noix de coco, apportant une touche chaleureuse et unique qui souligne le d\u00e9vouement et la ma\u00eetrise de l&rsquo;artisan.<\/p>\n<p>Ce bol n&rsquo;est pas seulement fonctionnel, il sert \u00e9galement de rappel de l&rsquo;art traditionnel des \u00eeles m\u00e9diterran\u00e9ennes, o\u00f9 l&rsquo;artisanat et la nature s&rsquo;entrelacent. Chez Ol\u00e9 Mosaic, nous sommes fiers d&rsquo;\u00eatre des distributeurs en gros de produits authentiques qui refl\u00e8tent la diversit\u00e9 culturelle de la M\u00e9diterran\u00e9e. Ce bol en noix de coco est un souvenir parfait pour les boutiques de cadeaux touristiques qui cherchent \u00e0 offrir \u00e0 leurs clients une repr\u00e9sentation authentique de l&rsquo;artisanat local. Offrir ou acqu\u00e9rir ce magnifique bol, c&rsquo;est c\u00e9l\u00e9brer la culture et l&rsquo;art m\u00e9diterran\u00e9en dans chaque foyer.<\/p>\n","protected":false},"excerpt":{"rendered":"<p>Bol en noix de coco d\u00e9cor\u00e9 de motifs de c\u0153urs et de fleurs, id\u00e9al pour pr\u00e9senter des ap\u00e9ritifs ou servir de centre de table. Cet article artisanal combine la beaut\u00e9 de la noix de coco avec un design artisanal d\u00e9licat, peint \u00e0 la main, o\u00f9 se distingue une fleur centrale entour\u00e9e de c\u0153urs color\u00e9s aux tons pastel. Sa finition brillante et la texture naturelle du mat\u00e9riau apportent une touche chaleureuse et unique \u00e0 toute d\u00e9coration, \u00e9voquant le charme de l&rsquo;artisanat m\u00e9diterran\u00e9en.<\/p>\n","protected":false},"featured_media":10301,"template":"","meta":{"_acf_changed":false},"product_brand":[],"product_cat":[521],"product_tag":[],"class_list":{"0":"post-28539","1":"product","2":"type-product","3":"status-publish","4":"has-post-thumbnail","6":"product_cat-bols","7":"pa_motivo-fleurs","9":"first","10":"instock","11":"shipping-taxable","12":"product-type-simple"},"acf":[],"_links":{"self":[{"href":"https:\/\/olemosaic.orbitalia.org\/fr\/wp-json\/wp\/v2\/product\/28539","targetHints":{"allow":["GET"]}}],"collection":[{"href":"https:\/\/olemosaic.orbitalia.org\/fr\/wp-json\/wp\/v2\/product"}],"about":[{"href":"https:\/\/olemosaic.orbitalia.org\/fr\/wp-json\/wp\/v2\/types\/product"}],"wp:featuredmedia":[{"embeddable":true,"href":"https:\/\/olemosaic.orbitalia.org\/fr\/wp-json\/wp\/v2\/media\/10301"}],"wp:attachment":[{"href":"https:\/\/olemosaic.orbitalia.org\/fr\/wp-json\/wp\/v2\/media?parent=28539"}],"wp:term":[{"taxonomy":"product_brand","embeddable":true,"href":"https:\/\/olemosaic.orbitalia.org\/fr\/wp-json\/wp\/v2\/product_brand?post=28539"},{"taxonomy":"product_cat","embeddable":true,"href":"https:\/\/olemosaic.orbitalia.org\/fr\/wp-json\/wp\/v2\/product_cat?post=28539"},{"taxonomy":"product_tag","embeddable":true,"href":"https:\/\/olemosaic.orbitalia.org\/fr\/wp-json\/wp\/v2\/product_tag?post=28539"}],"curies":[{"name":"wp","href":"https:\/\/api.w.org\/{rel}","templated":true}]}}