{"id":28538,"date":"2025-02-20T22:30:09","date_gmt":"2025-02-20T22:30:09","guid":{"rendered":"https:\/\/olemosaic.orbitalia.org\/producto\/bol-de-coco-de-corazones-isla-gran-canaria\/"},"modified":"2025-07-25T19:27:48","modified_gmt":"2025-07-25T17:27:48","slug":"bol-noix-de-coco-coeurs-ile-gran-canaria","status":"publish","type":"product","link":"https:\/\/olemosaic.orbitalia.org\/fr\/produit\/bol-noix-de-coco-coeurs-ile-gran-canaria\/","title":{"rendered":"Bol en noix de coco c\u0153urs. \u00cele. Gran Canaria."},"content":{"rendered":"<p>Ce bol en noix de coco avec des motifs de c\u0153urs est un souvenir exclusif qui capture l&rsquo;essence vibrante de Gran Canaria. \u00c9labor\u00e9 \u00e0 partir de coques de noix de coco, cet accessoire attrayant pr\u00e9sente un design int\u00e9rieur en mosa\u00efque combinant des tons doux avec des d\u00e9tails color\u00e9s en bleu, orange et marron, cr\u00e9ant un effet visuel captivant. Au centre, la silhouette de l&rsquo;\u00eele est accompagn\u00e9e du texte \u00ab\u00a0Gran Canaria\u00a0\u00bb, renfor\u00e7ant le caract\u00e8re distinctif du produit et en faisant une pi\u00e8ce unique, id\u00e9ale pour se souvenir des beaux paysages de la r\u00e9gion.<\/p>\n<p>Le bol n&rsquo;est pas seulement fonctionnel, il repr\u00e9sente \u00e9galement le riche h\u00e9ritage culturel canarien, \u00e9voquant la chaleur et l&rsquo;esprit accueillant de ses coutumes. Chaque bol est un t\u00e9moignage de l&rsquo;habilet\u00e9 artisanale locale, id\u00e9al pour ceux qui recherchent des souvenirs authentiques refl\u00e9tant la beaut\u00e9 de Gran Canaria. Son style accrocheur et son design attrayant en font un magnifique cadeau ou un \u00e9l\u00e9ment d\u00e9coratif parfait pour n&rsquo;importe quelle maison.<\/p>\n<p>Chez Ol\u00e9 Mosaic, nous sommes fiers de proposer des produits authentiques et de haute qualit\u00e9, comme ce bol en noix de coco \u00e0 c\u0153urs, qui est une excellente option pour les boutiques de cadeaux touristiques souhaitant offrir \u00e0 leurs clients des souvenirs m\u00e9morables de leur visite \u00e0 Gran Canaria. En tant que distributeurs de souvenirs en gros, nous garantissons que chaque pi\u00e8ce est un reflet de l&rsquo;art et de la tradition canarienne.<\/p>\n","protected":false},"excerpt":{"rendered":"<p>Bol en noix de coco d\u00e9cor\u00e9 de motifs de c\u0153urs, inspir\u00e9 par la beaut\u00e9 de Gran Canaria. Cet accessoire attrayant, \u00e9labor\u00e9 \u00e0 partir de coques de noix de coco, pr\u00e9sente un design int\u00e9rieur en mosa\u00efque avec des tons doux et des d\u00e9tails color\u00e9s en bleu, orange et marron. Au centre, la silhouette de l&rsquo;\u00eele se d\u00e9tache avec le texte \u00ab\u00a0Gran Canaria\u00a0\u00bb, ce qui lui donne une touche distinctive, id\u00e9ale pour rappeler l&rsquo;essence authentique des Canaries dans votre foyer.<\/p>\n","protected":false},"featured_media":10313,"template":"","meta":{"_acf_changed":false},"product_brand":[],"product_cat":[521],"product_tag":[],"class_list":{"0":"post-28538","1":"product","2":"type-product","3":"status-publish","4":"has-post-thumbnail","6":"product_cat-bols","7":"pa_ciudad-gran-canaria","8":"pa_motivo-iles","9":"pa_pais-espana","11":"first","12":"instock","13":"shipping-taxable","14":"product-type-simple"},"acf":[],"_links":{"self":[{"href":"https:\/\/olemosaic.orbitalia.org\/fr\/wp-json\/wp\/v2\/product\/28538","targetHints":{"allow":["GET"]}}],"collection":[{"href":"https:\/\/olemosaic.orbitalia.org\/fr\/wp-json\/wp\/v2\/product"}],"about":[{"href":"https:\/\/olemosaic.orbitalia.org\/fr\/wp-json\/wp\/v2\/types\/product"}],"wp:featuredmedia":[{"embeddable":true,"href":"https:\/\/olemosaic.orbitalia.org\/fr\/wp-json\/wp\/v2\/media\/10313"}],"wp:attachment":[{"href":"https:\/\/olemosaic.orbitalia.org\/fr\/wp-json\/wp\/v2\/media?parent=28538"}],"wp:term":[{"taxonomy":"product_brand","embeddable":true,"href":"https:\/\/olemosaic.orbitalia.org\/fr\/wp-json\/wp\/v2\/product_brand?post=28538"},{"taxonomy":"product_cat","embeddable":true,"href":"https:\/\/olemosaic.orbitalia.org\/fr\/wp-json\/wp\/v2\/product_cat?post=28538"},{"taxonomy":"product_tag","embeddable":true,"href":"https:\/\/olemosaic.orbitalia.org\/fr\/wp-json\/wp\/v2\/product_tag?post=28538"}],"curies":[{"name":"wp","href":"https:\/\/api.w.org\/{rel}","templated":true}]}}