{"id":28537,"date":"2025-02-20T22:30:09","date_gmt":"2025-02-20T22:30:09","guid":{"rendered":"https:\/\/olemosaic.orbitalia.org\/producto\/bol-de-coco-salamandra-menorca\/"},"modified":"2025-07-25T18:49:33","modified_gmt":"2025-07-25T16:49:33","slug":"bol-noix-de-coco-salamandre-minorque","status":"publish","type":"product","link":"https:\/\/olemosaic.orbitalia.org\/fr\/produit\/bol-noix-de-coco-salamandre-minorque\/","title":{"rendered":"Bol en noix de coco. Salamandre. Minorque."},"content":{"rendered":"<p>Ce bol en noix de coco d\u00e9cor\u00e9 de mosa\u00efques est un charmant souvenir de Minorque qui capture l&rsquo;essence de la nature m\u00e9diterran\u00e9enne. Avec un design vibrant de tesselles dans des tons pourpre, rose, bleu et ambre, ce bol offre un motif attrayant qui illumine n&rsquo;importe quel espace, que ce soit comme \u00e9l\u00e9ment d\u00e9coratif ou pour un usage quotidien \u00e0 table. Au centre, une illustration d&rsquo;une salamandre se d\u00e9tache, symbole embl\u00e9matique de la faune de Minorque, apportant une touche distinctive et une profonde signification culturelle.<\/p>\n<p>La fusion des couleurs dans ce bol ne souligne pas seulement sa beaut\u00e9 visuelle, mais repr\u00e9sente \u00e9galement la riche biodiversit\u00e9 de Minorque, une \u00eele c\u00e9l\u00e8bre pour son patrimoine naturel et ses paysages impressionnants. Chaque pi\u00e8ce est \u00e9labor\u00e9e avec une attention particuli\u00e8re aux d\u00e9tails, refl\u00e9tant l&rsquo;authenticit\u00e9 et l&rsquo;artisanat qui caract\u00e9risent les souvenirs de la r\u00e9gion. Id\u00e9al pour les touristes \u00e0 la recherche d&rsquo;un souvenir repr\u00e9sentatif de leur visite \u00e0 Minorque, ce bol en mosa\u00efque met en avant la magie et le charme de l&rsquo;\u00eele.<\/p>\n<p>Chez Ol\u00e9 Mosaic, nous sommes sp\u00e9cialis\u00e9s dans la distribution de souvenirs en gros, proposant des produits qui c\u00e9l\u00e8brent la culture et la tradition espagnoles. Ce bol en noix de coco est une excellente option pour les boutiques de cadeaux touristiques souhaitant offrir \u00e0 leurs clients des souvenirs authentiques et color\u00e9s de Minorque, devenant ainsi un article incontournable de leur catalogue de souvenirs.<\/p>\n","protected":false},"excerpt":{"rendered":"<p>Bol en noix de coco d\u00e9cor\u00e9 de mosa\u00efques, inspir\u00e9 de la faune de Minorque. Cet \u00e9l\u00e9gant bol pr\u00e9sente un design color\u00e9 avec des pi\u00e8ces dans des tons pourpre, rose, bleu et ambre, combin\u00e9es dans un motif attrayant qui apporte une touche de joie \u00e0 n&rsquo;importe quelle ambiance. Au centre, une illustration de salamandre souligne sa connexion avec la nature m\u00e9diterran\u00e9enne. Parfait comme \u00e9l\u00e9ment d\u00e9coratif ou pour un usage quotidien, ce bol est un souvenir authentique de la magie de Minorque.<\/p>\n","protected":false},"featured_media":11950,"template":"","meta":{"_acf_changed":false},"product_brand":[],"product_cat":[521],"product_tag":[530],"class_list":{"0":"post-28537","1":"product","2":"type-product","3":"status-publish","4":"has-post-thumbnail","6":"product_cat-bols","7":"product_tag-animaux","8":"pa_ciudad-menorca","9":"pa_motivo-salamandres","10":"pa_pais-espana","12":"first","13":"instock","14":"shipping-taxable","15":"product-type-simple"},"acf":[],"_links":{"self":[{"href":"https:\/\/olemosaic.orbitalia.org\/fr\/wp-json\/wp\/v2\/product\/28537","targetHints":{"allow":["GET"]}}],"collection":[{"href":"https:\/\/olemosaic.orbitalia.org\/fr\/wp-json\/wp\/v2\/product"}],"about":[{"href":"https:\/\/olemosaic.orbitalia.org\/fr\/wp-json\/wp\/v2\/types\/product"}],"wp:featuredmedia":[{"embeddable":true,"href":"https:\/\/olemosaic.orbitalia.org\/fr\/wp-json\/wp\/v2\/media\/11950"}],"wp:attachment":[{"href":"https:\/\/olemosaic.orbitalia.org\/fr\/wp-json\/wp\/v2\/media?parent=28537"}],"wp:term":[{"taxonomy":"product_brand","embeddable":true,"href":"https:\/\/olemosaic.orbitalia.org\/fr\/wp-json\/wp\/v2\/product_brand?post=28537"},{"taxonomy":"product_cat","embeddable":true,"href":"https:\/\/olemosaic.orbitalia.org\/fr\/wp-json\/wp\/v2\/product_cat?post=28537"},{"taxonomy":"product_tag","embeddable":true,"href":"https:\/\/olemosaic.orbitalia.org\/fr\/wp-json\/wp\/v2\/product_tag?post=28537"}],"curies":[{"name":"wp","href":"https:\/\/api.w.org\/{rel}","templated":true}]}}