{"id":28535,"date":"2025-02-20T23:30:09","date_gmt":"2025-02-20T22:30:09","guid":{"rendered":"https:\/\/olemosaic.orbitalia.org\/producto\/bol-de-coco-flores\/"},"modified":"2025-07-25T18:53:10","modified_gmt":"2025-07-25T16:53:10","slug":"bol-noix-de-coco-fleurs","status":"publish","type":"product","link":"https:\/\/olemosaic.orbitalia.org\/fr\/produit\/bol-noix-de-coco-fleurs\/","title":{"rendered":"Bol en noix de coco. Fleurs."},"content":{"rendered":"<p>Ce bol en noix de coco d\u00e9cor\u00e9 de fleurs est une pi\u00e8ce unique qui capture l&rsquo;essence de la nature dans chaque d\u00e9tail. Fabriqu\u00e9 artisanalement \u00e0 partir de noix de coco, ce bol se distingue par son design exquis peint \u00e0 la main, pr\u00e9sentant des fleurs d\u00e9licates dans des tons vibrants de bleu, vert et rose. Sa forme arrondie en fait non seulement un \u00e9l\u00e9ment d\u00e9coratif attrayant, mais il est \u00e9galement id\u00e9al pour servir des ap\u00e9ritifs, ajoutant une touche d&rsquo;\u00e9l\u00e9gance et de fra\u00eecheur \u00e0 n&rsquo;importe quelle table.<\/p>\n<p>La texture naturelle de la noix de coco, associ\u00e9e \u00e0 la finition brillante des fleurs, cr\u00e9e un contraste visuel qui \u00e9voque la biodiversit\u00e9 des tropiques. Ce bol est parfait pour ceux qui recherchent un souvenir authentique repr\u00e9sentant la fusion entre fonctionnalit\u00e9 et esth\u00e9tique artistique. Sa connexion culturelle est \u00e9vidente, refl\u00e9tant la tradition de l&rsquo;artisanat local et l&rsquo;appr\u00e9ciation de la beaut\u00e9 naturelle de la r\u00e9gion.<\/p>\n<p>Chez Ol\u00e9 Mosaic, nous sommes sp\u00e9cialis\u00e9s dans la distribution de souvenirs en gros, et ce bol en noix de coco est une excellente option pour les boutiques de cadeaux touristiques. Proposer ce type d&rsquo;articles enrichit non seulement l&rsquo;exp\u00e9rience du client, mais favorise \u00e9galement l&rsquo;authenticit\u00e9 et la valeur culturelle de chaque achat. Avec ce bol de fleurs, les touristes pourront emporter un morceau du riche h\u00e9ritage artisanal qui caract\u00e9rise notre environnement.<\/p>\n","protected":false},"excerpt":{"rendered":"<p>Bol en noix de coco d\u00e9cor\u00e9 de fleurs aux couleurs vibrantes. Ce joli bol, fabriqu\u00e9 en noix de coco, pr\u00e9sente un design artisanal, peint \u00e0 la main, avec des fleurs d\u00e9licates dans des tons bleus, verts et roses. Parfait comme \u00e9l\u00e9ment d\u00e9coratif ou pour servir des ap\u00e9ritifs, sa forme arrondie et sa texture naturelle apportent une touche exotique, id\u00e9ale pour ajouter un esprit tropical \u00e0 n&rsquo;importe quelle ambiance. Une pi\u00e8ce unique qui \u00e9voque la beaut\u00e9 de la nature.<\/p>\n","protected":false},"featured_media":11830,"template":"","meta":{"_acf_changed":false},"product_brand":[],"product_cat":[521],"product_tag":[],"class_list":{"0":"post-28535","1":"product","2":"type-product","3":"status-publish","4":"has-post-thumbnail","6":"product_cat-bols","7":"pa_motivo-fleurs","9":"first","10":"instock","11":"shipping-taxable","12":"product-type-simple"},"acf":[],"_links":{"self":[{"href":"https:\/\/olemosaic.orbitalia.org\/fr\/wp-json\/wp\/v2\/product\/28535","targetHints":{"allow":["GET"]}}],"collection":[{"href":"https:\/\/olemosaic.orbitalia.org\/fr\/wp-json\/wp\/v2\/product"}],"about":[{"href":"https:\/\/olemosaic.orbitalia.org\/fr\/wp-json\/wp\/v2\/types\/product"}],"wp:featuredmedia":[{"embeddable":true,"href":"https:\/\/olemosaic.orbitalia.org\/fr\/wp-json\/wp\/v2\/media\/11830"}],"wp:attachment":[{"href":"https:\/\/olemosaic.orbitalia.org\/fr\/wp-json\/wp\/v2\/media?parent=28535"}],"wp:term":[{"taxonomy":"product_brand","embeddable":true,"href":"https:\/\/olemosaic.orbitalia.org\/fr\/wp-json\/wp\/v2\/product_brand?post=28535"},{"taxonomy":"product_cat","embeddable":true,"href":"https:\/\/olemosaic.orbitalia.org\/fr\/wp-json\/wp\/v2\/product_cat?post=28535"},{"taxonomy":"product_tag","embeddable":true,"href":"https:\/\/olemosaic.orbitalia.org\/fr\/wp-json\/wp\/v2\/product_tag?post=28535"}],"curies":[{"name":"wp","href":"https:\/\/api.w.org\/{rel}","templated":true}]}}