{"id":28534,"date":"2025-02-20T22:30:09","date_gmt":"2025-02-20T22:30:09","guid":{"rendered":"https:\/\/olemosaic.orbitalia.org\/producto\/bol-de-coco-con-flores-abanico\/"},"modified":"2025-07-25T18:33:25","modified_gmt":"2025-07-25T16:33:25","slug":"bol-noix-de-coco-fleurs-eventail","status":"publish","type":"product","link":"https:\/\/olemosaic.orbitalia.org\/fr\/produit\/bol-noix-de-coco-fleurs-eventail\/","title":{"rendered":"Bol en noix de coco avec fleurs. \u00c9ventail."},"content":{"rendered":"<p>Ce bol en noix de coco d\u00e9cor\u00e9 de fleurs est une pi\u00e8ce exquise qui rayonne de l&rsquo;esprit vibrant de l&rsquo;Andalousie, parfait pour ceux qui recherchent un souvenir authentique et repr\u00e9sentatif de la richesse culturelle du sud de l&rsquo;Espagne. Son design en mosa\u00efque, \u00e9labor\u00e9 avec un soin m\u00e9ticuleux, met en valeur des p\u00e9tales color\u00e9s dans des tons bleus, rouges et jaunes, \u00e9voquant la beaut\u00e9 des jardins andalous en pleine floraison. La surface interne du bol, finement travaill\u00e9e, pr\u00e9sente une finition brillante qui souligne les tons naturels de la noix de coco, apportant une touche rustique et \u00e9l\u00e9gante \u00e0 n&rsquo;importe quel espace.<\/p>\n<p>Le bol ne remplit pas seulement une fonction d\u00e9corative, il est \u00e9galement id\u00e9al pour ranger de petits objets, devenant ainsi un accessoire polyvalent pour la maison. Sa forme organique et ses d\u00e9tails artistiques en font une pi\u00e8ce unique qui captivera le regard de tout visiteur. Ce bijou artisanal se connecte aux traditions de l&rsquo;art populaire andalou, c\u00e9l\u00e9brant la vision cr\u00e9ative des artisans locaux qui ont perfectionn\u00e9 leur m\u00e9tier au fil des ans.<\/p>\n<p>Chez Ol\u00e9 Mosaic, notre sp\u00e9cialit\u00e9 dans la distribution de souvenirs en gros nous permet de proposer ce bol en noix de coco d\u00e9cor\u00e9 comme une option exceptionnelle pour les boutiques de cadeaux touristiques souhaitant offrir des produits qui racontent des histoires. Ce bol de fleurs n&rsquo;est pas seulement un souvenir de l&rsquo;Andalousie, mais aussi un t\u00e9moignage de l&rsquo;authenticit\u00e9 et du patrimoine culturel qui caract\u00e9risent l&rsquo;Espagne.<\/p>\n","protected":false},"excerpt":{"rendered":"<p>Bol en noix de coco d\u00e9cor\u00e9 de fleurs, dans un style andalou vibrant. Cette pi\u00e8ce artisanale pr\u00e9sente un magnifique design en mosa\u00efque, avec des p\u00e9tales color\u00e9s dans des tons bleus, rouges et jaunes, \u00e9voquant les jardins du sud de l&rsquo;Espagne. La surface int\u00e9rieure est finement travaill\u00e9e et brille d&rsquo;une finition qui souligne les tons naturels de la noix de coco. Id\u00e9al comme objet de d\u00e9coration ou pour ranger de petits objets.<\/p>\n","protected":false},"featured_media":10304,"template":"","meta":{"_acf_changed":false},"product_brand":[],"product_cat":[521],"product_tag":[],"class_list":{"0":"post-28534","1":"product","2":"type-product","3":"status-publish","4":"has-post-thumbnail","6":"product_cat-bols","8":"first","9":"instock","10":"shipping-taxable","11":"product-type-simple"},"acf":[],"_links":{"self":[{"href":"https:\/\/olemosaic.orbitalia.org\/fr\/wp-json\/wp\/v2\/product\/28534","targetHints":{"allow":["GET"]}}],"collection":[{"href":"https:\/\/olemosaic.orbitalia.org\/fr\/wp-json\/wp\/v2\/product"}],"about":[{"href":"https:\/\/olemosaic.orbitalia.org\/fr\/wp-json\/wp\/v2\/types\/product"}],"wp:featuredmedia":[{"embeddable":true,"href":"https:\/\/olemosaic.orbitalia.org\/fr\/wp-json\/wp\/v2\/media\/10304"}],"wp:attachment":[{"href":"https:\/\/olemosaic.orbitalia.org\/fr\/wp-json\/wp\/v2\/media?parent=28534"}],"wp:term":[{"taxonomy":"product_brand","embeddable":true,"href":"https:\/\/olemosaic.orbitalia.org\/fr\/wp-json\/wp\/v2\/product_brand?post=28534"},{"taxonomy":"product_cat","embeddable":true,"href":"https:\/\/olemosaic.orbitalia.org\/fr\/wp-json\/wp\/v2\/product_cat?post=28534"},{"taxonomy":"product_tag","embeddable":true,"href":"https:\/\/olemosaic.orbitalia.org\/fr\/wp-json\/wp\/v2\/product_tag?post=28534"}],"curies":[{"name":"wp","href":"https:\/\/api.w.org\/{rel}","templated":true}]}}