{"id":28522,"date":"2025-02-20T23:30:08","date_gmt":"2025-02-20T22:30:08","guid":{"rendered":"https:\/\/olemosaic.orbitalia.org\/producto\/bol-de-coco-con-flores-flor\/"},"modified":"2025-07-25T18:43:49","modified_gmt":"2025-07-25T16:43:49","slug":"bol-noix-de-coco-fleurs-fleur","status":"publish","type":"product","link":"https:\/\/olemosaic.orbitalia.org\/fr\/produit\/bol-noix-de-coco-fleurs-fleur\/","title":{"rendered":"Bol en noix de coco avec fleurs. Fleur."},"content":{"rendered":"<p>Ce bol en noix de coco d\u00e9cor\u00e9 de fleurs est un v\u00e9ritable bijou artisanal, id\u00e9al pour ceux qui souhaitent apporter une touche exotique et vibrante \u00e0 leur int\u00e9rieur. Fabriqu\u00e9 \u00e0 partir de noix de coco naturelle, sa base pr\u00e9sente une fascinante peinture \u00e0 la main qui met en valeur des motifs floraux dans une palette de couleurs chaudes, telles que le jaune, le rose et le bleu. La fleur centrale, d&rsquo;une grande beaut\u00e9, est accompagn\u00e9e de petits \u00e9l\u00e9ments dans des tons contrast\u00e9s, cr\u00e9ant un effet visuel captivant et harmonieux qui attire le regard.<\/p>\n<p>Les d\u00e9tails en nacre finement incrust\u00e9s ajoutent un \u00e9clat distinctif \u00e0 la surface du bol, apportant un suppl\u00e9ment d&rsquo;\u00e9l\u00e9gance qui en fait le centre d&rsquo;attention de n&rsquo;importe quel espace. Ce bol n&rsquo;est pas seulement id\u00e9al comme centre de table, mais il offre \u00e9galement une fonctionnalit\u00e9 pratique pour ranger de petits objets, alliant beaut\u00e9 et utilit\u00e9.<\/p>\n<p>Enracin\u00e9 dans la tradition artisanale, ce souvenir \u00e9voque la richesse culturelle des r\u00e9gions o\u00f9 la cr\u00e9ativit\u00e9 et l&rsquo;habilet\u00e9 manuelle se sont transmises de g\u00e9n\u00e9ration en g\u00e9n\u00e9ration. Ce bol en noix de coco est un excellent cadeau pour les touristes \u00e0 la recherche de souvenirs authentiques repr\u00e9sentant l&rsquo;essence du lieu visit\u00e9. Chez Ol\u00e9 Mosaic, nous nous engageons \u00e0 proposer des souvenirs de haute qualit\u00e9 en gros, parfaits pour les boutiques de cadeaux touristiques qui appr\u00e9cient l&rsquo;authenticit\u00e9 culturelle et la beaut\u00e9 artistique de chaque pi\u00e8ce.<\/p>\n","protected":false},"excerpt":{"rendered":"<p>Bol en noix de coco d\u00e9cor\u00e9 de fleurs, id\u00e9al pour ajouter une touche exotique \u00e0 votre maison. Ce magnifique bol, avec une base en noix de coco artisanale au design peint \u00e0 la main, est orn\u00e9 de motifs floraux dans des tons chauds comme le jaune, le rose et le bleu. Les d\u00e9tails en nacre ajoutent un \u00e9clat distinctif, cr\u00e9ant un contraste fascinant avec le fond clair du bol. Parfait comme centre de table ou pour ranger de petits objets, ce souvenir \u00e9voque la richesse culturelle de la tradition artisanale.<\/p>\n","protected":false},"featured_media":10300,"template":"","meta":{"_acf_changed":false},"product_brand":[],"product_cat":[521],"product_tag":[],"class_list":{"0":"post-28522","1":"product","2":"type-product","3":"status-publish","4":"has-post-thumbnail","6":"product_cat-bols","7":"pa_motivo-fleurs","9":"first","10":"instock","11":"shipping-taxable","12":"product-type-simple"},"acf":[],"_links":{"self":[{"href":"https:\/\/olemosaic.orbitalia.org\/fr\/wp-json\/wp\/v2\/product\/28522","targetHints":{"allow":["GET"]}}],"collection":[{"href":"https:\/\/olemosaic.orbitalia.org\/fr\/wp-json\/wp\/v2\/product"}],"about":[{"href":"https:\/\/olemosaic.orbitalia.org\/fr\/wp-json\/wp\/v2\/types\/product"}],"wp:featuredmedia":[{"embeddable":true,"href":"https:\/\/olemosaic.orbitalia.org\/fr\/wp-json\/wp\/v2\/media\/10300"}],"wp:attachment":[{"href":"https:\/\/olemosaic.orbitalia.org\/fr\/wp-json\/wp\/v2\/media?parent=28522"}],"wp:term":[{"taxonomy":"product_brand","embeddable":true,"href":"https:\/\/olemosaic.orbitalia.org\/fr\/wp-json\/wp\/v2\/product_brand?post=28522"},{"taxonomy":"product_cat","embeddable":true,"href":"https:\/\/olemosaic.orbitalia.org\/fr\/wp-json\/wp\/v2\/product_cat?post=28522"},{"taxonomy":"product_tag","embeddable":true,"href":"https:\/\/olemosaic.orbitalia.org\/fr\/wp-json\/wp\/v2\/product_tag?post=28522"}],"curies":[{"name":"wp","href":"https:\/\/api.w.org\/{rel}","templated":true}]}}