{"id":28520,"date":"2025-02-20T23:30:08","date_gmt":"2025-02-20T22:30:08","guid":{"rendered":"https:\/\/olemosaic.orbitalia.org\/producto\/bol-de-coco-de-corazones-salamandra\/"},"modified":"2025-07-25T18:59:45","modified_gmt":"2025-07-25T16:59:45","slug":"bol-noix-de-coco-coeurs-salamandre","status":"publish","type":"product","link":"https:\/\/olemosaic.orbitalia.org\/fr\/produit\/bol-noix-de-coco-coeurs-salamandre\/","title":{"rendered":"Bol en noix de coco c\u0153urs. Salamandre."},"content":{"rendered":"<p>Ce bol en noix de coco, d\u00e9cor\u00e9 de c\u0153urs et d&rsquo;une salamandre, est un \u00e9l\u00e9gant souvenir qui refl\u00e8te l&rsquo;art et le folklore local. Fabriqu\u00e9 \u00e0 la main, chaque bol est une pi\u00e8ce unique qui se distingue par sa finition dans des tons doux d&rsquo;ivoire et de marron, qui transmettent chaleur et naturalit\u00e9. Au centre, une salamandre stylis\u00e9e, symbole de transformation et de r\u00e9silience dans de nombreuses cultures, est pr\u00e9sent\u00e9e dans un ton marron contrast\u00e9, ajoutant un attrait visuel captivant. Les bords du bol sont orn\u00e9s de d\u00e9licats c\u0153urs color\u00e9s qui apportent joie et couleur, en faisant une excellente option pour la d\u00e9coration int\u00e9rieure ou comme cadeau significatif \u00e9voquant la richesse de la tradition artisanale.<\/p>\n<p>Ce bol n&rsquo;est pas seulement un objet d\u00e9coratif, mais un lien tangible avec les coutumes et le patrimoine culturel de la r\u00e9gion, id\u00e9al pour les touristes \u00e0 la recherche de souvenirs authentiques qui racontent une histoire. Chez Ol\u00e9 Mosaic, nous comprenons l&rsquo;importance des souvenirs repr\u00e9sentatifs, et ce bol en noix de coco est un choix parfait, tant pour un usage personnel que pour la revente dans les boutiques de cadeaux touristiques. En tant que distributeurs de souvenirs en gros, nous proposons des produits qui c\u00e9l\u00e8brent l&rsquo;identit\u00e9 culturelle et l&rsquo;art des communaut\u00e9s, garantissant que chaque pi\u00e8ce que nous proposons a une valeur significative et authentique.<\/p>\n","protected":false},"excerpt":{"rendered":"<p>Bol en noix de coco d\u00e9cor\u00e9 de c\u0153urs et d&rsquo;une salamandre, un souvenir typique plein de charme. Fabriqu\u00e9 \u00e0 la main, ce bol pr\u00e9sente une finition dans des tons doux d&rsquo;ivoire et de marron, avec un design tr\u00e8s sp\u00e9cial d&rsquo;une salamandre au centre et de d\u00e9licats c\u0153urs color\u00e9s dispers\u00e9s sur les bords. Il est parfait pour rehausser la d\u00e9coration de votre maison ou comme un joli cadeau \u00e9voquant l&rsquo;art local et le folklore.<\/p>\n","protected":false},"featured_media":10281,"template":"","meta":{"_acf_changed":false},"product_brand":[],"product_cat":[521],"product_tag":[530],"class_list":{"0":"post-28520","1":"product","2":"type-product","3":"status-publish","4":"has-post-thumbnail","6":"product_cat-bols","7":"product_tag-animaux","8":"pa_motivo-salamandres","10":"first","11":"instock","12":"shipping-taxable","13":"product-type-simple"},"acf":[],"_links":{"self":[{"href":"https:\/\/olemosaic.orbitalia.org\/fr\/wp-json\/wp\/v2\/product\/28520","targetHints":{"allow":["GET"]}}],"collection":[{"href":"https:\/\/olemosaic.orbitalia.org\/fr\/wp-json\/wp\/v2\/product"}],"about":[{"href":"https:\/\/olemosaic.orbitalia.org\/fr\/wp-json\/wp\/v2\/types\/product"}],"wp:featuredmedia":[{"embeddable":true,"href":"https:\/\/olemosaic.orbitalia.org\/fr\/wp-json\/wp\/v2\/media\/10281"}],"wp:attachment":[{"href":"https:\/\/olemosaic.orbitalia.org\/fr\/wp-json\/wp\/v2\/media?parent=28520"}],"wp:term":[{"taxonomy":"product_brand","embeddable":true,"href":"https:\/\/olemosaic.orbitalia.org\/fr\/wp-json\/wp\/v2\/product_brand?post=28520"},{"taxonomy":"product_cat","embeddable":true,"href":"https:\/\/olemosaic.orbitalia.org\/fr\/wp-json\/wp\/v2\/product_cat?post=28520"},{"taxonomy":"product_tag","embeddable":true,"href":"https:\/\/olemosaic.orbitalia.org\/fr\/wp-json\/wp\/v2\/product_tag?post=28520"}],"curies":[{"name":"wp","href":"https:\/\/api.w.org\/{rel}","templated":true}]}}