{"id":28516,"date":"2025-02-20T23:30:07","date_gmt":"2025-02-20T22:30:07","guid":{"rendered":"https:\/\/olemosaic.orbitalia.org\/producto\/bol-de-coco-de-corazones-ibiscus\/"},"modified":"2025-07-25T20:19:52","modified_gmt":"2025-07-25T18:19:52","slug":"bol-noix-de-coco-coeurs-hibiscus","status":"publish","type":"product","link":"https:\/\/olemosaic.orbitalia.org\/fr\/produit\/bol-noix-de-coco-coeurs-hibiscus\/","title":{"rendered":"Bol en noix de coco c\u0153urs. Hibiscus."},"content":{"rendered":"<p>Ce bol en noix de coco d\u00e9cor\u00e9 de c\u0153urs est une pi\u00e8ce unique qui apportera une touche tropicale \u00e0 n&rsquo;importe quel coin de votre maison. Fabriqu\u00e9 artisanalement, ce bol \u00e9l\u00e9gant pr\u00e9sente un design de mosa\u00efque peint \u00e0 la main, o\u00f9 un motif central de fleur d&rsquo;hibiscus ressort avec gr\u00e2ce sur le fond clair, symbolisant la richesse naturelle des paysages c\u00f4tiers. Les c\u0153urs vibrants dans les tons bleu et orange entourent m\u00e9ticuleusement la fleur, cr\u00e9ant un contraste visuel attrayant qui \u00e9voque la chaleur et la luminosit\u00e9 de l&rsquo;\u00e9t\u00e9. Ce bol est non seulement parfait comme centre de table, mais aussi id\u00e9al pour servir des ap\u00e9ritifs et rehausser toute c\u00e9l\u00e9bration par son charme tropical.<\/p>\n<p>L&rsquo;utilisation de mat\u00e9riaux durables dans sa fabrication refl\u00e8te un engagement envers l&rsquo;environnement, comme on peut le voir dans la production traditionnelle de cette r\u00e9gion. Ce bol en noix de coco repr\u00e9sente l&rsquo;essence de l&rsquo;art d\u00e9coratif et constitue le souvenir parfait pour les touristes \u00e0 la recherche d&rsquo;un souvenir authentique de leurs voyages. Chez Ol\u00e9 Mosaic, nous nous sp\u00e9cialisons dans la distribution de souvenirs, offrant des produits qui c\u00e9l\u00e8brent la culture et le patrimoine des r\u00e9gions. Ce bol est une excellente option pour les boutiques de cadeaux touristiques, garantissant la qualit\u00e9 et un design exclusif qui r\u00e9sonnera aupr\u00e8s des visiteurs souhaitant se souvenir de leur exp\u00e9rience dans cette splendide destination.<\/p>\n","protected":false},"excerpt":{"rendered":"<p>Bol en noix de coco d\u00e9cor\u00e9 de c\u0153urs dans les tons bleu et orange, id\u00e9al pour donner une touche tropicale \u00e0 n&rsquo;importe quel coin de votre maison. Ce bol \u00e9l\u00e9gant pr\u00e9sente un design de mosa\u00efque artisanal, peint \u00e0 la main, avec un motif central de fleur d&rsquo;hibiscus. Les c\u0153urs aux couleurs vibrantes contrastent avec le fond clair, cr\u00e9ant une pi\u00e8ce visuellement attrayante qui \u00e9voque la chaleur et la beaut\u00e9 des paysages c\u00f4tiers. Parfait pour une utilisation comme centre de table ou pour servir des ap\u00e9ritifs.<\/p>\n","protected":false},"featured_media":13480,"template":"","meta":{"_acf_changed":false},"product_brand":[],"product_cat":[521],"product_tag":[],"class_list":{"0":"post-28516","1":"product","2":"type-product","3":"status-publish","4":"has-post-thumbnail","6":"product_cat-bols","7":"pa_motivo-hibiscus","9":"first","10":"instock","11":"shipping-taxable","12":"product-type-simple"},"acf":[],"_links":{"self":[{"href":"https:\/\/olemosaic.orbitalia.org\/fr\/wp-json\/wp\/v2\/product\/28516","targetHints":{"allow":["GET"]}}],"collection":[{"href":"https:\/\/olemosaic.orbitalia.org\/fr\/wp-json\/wp\/v2\/product"}],"about":[{"href":"https:\/\/olemosaic.orbitalia.org\/fr\/wp-json\/wp\/v2\/types\/product"}],"wp:featuredmedia":[{"embeddable":true,"href":"https:\/\/olemosaic.orbitalia.org\/fr\/wp-json\/wp\/v2\/media\/13480"}],"wp:attachment":[{"href":"https:\/\/olemosaic.orbitalia.org\/fr\/wp-json\/wp\/v2\/media?parent=28516"}],"wp:term":[{"taxonomy":"product_brand","embeddable":true,"href":"https:\/\/olemosaic.orbitalia.org\/fr\/wp-json\/wp\/v2\/product_brand?post=28516"},{"taxonomy":"product_cat","embeddable":true,"href":"https:\/\/olemosaic.orbitalia.org\/fr\/wp-json\/wp\/v2\/product_cat?post=28516"},{"taxonomy":"product_tag","embeddable":true,"href":"https:\/\/olemosaic.orbitalia.org\/fr\/wp-json\/wp\/v2\/product_tag?post=28516"}],"curies":[{"name":"wp","href":"https:\/\/api.w.org\/{rel}","templated":true}]}}