{"id":28507,"date":"2025-02-20T23:30:07","date_gmt":"2025-02-20T22:30:07","guid":{"rendered":"https:\/\/olemosaic.orbitalia.org\/producto\/bol-de-coco-de-corazones-sardina-lisboa\/"},"modified":"2025-07-25T18:38:02","modified_gmt":"2025-07-25T16:38:02","slug":"bol-noix-de-coco-coeurs-sardine-lisbonne","status":"publish","type":"product","link":"https:\/\/olemosaic.orbitalia.org\/fr\/produit\/bol-noix-de-coco-coeurs-sardine-lisbonne\/","title":{"rendered":"Bol en noix de coco avec c\u0153urs. Sardine. Lisbonne."},"content":{"rendered":"<p>Ce bol en noix de coco, d\u00e9cor\u00e9 de c\u0153urs color\u00e9s et d&rsquo;une illustration de sardine, est un v\u00e9ritable joyau de la culture portugaise, inspir\u00e9 concr\u00e8tement par la ville vibrante de Lisbonne. Fabriqu\u00e9 en c\u00e9ramique de haute qualit\u00e9, ce bol attrayant pr\u00e9sente un design peint \u00e0 la main qui se distingue par sa palette de couleurs douces, avec des tons bleut\u00e9s, dor\u00e9s et terre cuite. La disposition des c\u0153urs, m\u00e9ticuleusement illustr\u00e9s autour du bord, apporte un effet visuel charmant et joyeux, parfait pour n&rsquo;importe quel coin de la maison.<\/p>\n<p>Au centre du bol, une sardine est repr\u00e9sent\u00e9e, symbole gastronomique de Lisbonne, qui rend hommage \u00e0 la riche tradition culinaire de la r\u00e9gion, o\u00f9 ce poisson est un \u00e9l\u00e9ment essentiel de nombreux plats typiques. L&rsquo;inscription du mot \u00ab\u00a0Lisboa\u00a0\u00bb renforce encore le lien culturel pr\u00e9sent dans cette pi\u00e8ce, en faisant un souvenir m\u00e9morable de la ville.<\/p>\n<p>En tant que souvenir de Lisbonne, ce bol de c\u0153urs n&rsquo;est pas seulement fonctionnel, mais aussi d\u00e9coratif, id\u00e9al pour les touristes qui cherchent \u00e0 ramener chez eux un morceau de l&rsquo;authenticit\u00e9 portugaise. Chez Ol\u00e9 Mosaic, nous sommes fiers d&rsquo;offrir des produits authentiques et significatifs en gros, parfaits pour les boutiques de cadeaux touristiques qui souhaitent fournir \u00e0 leurs clients un souvenir culturel plein d&rsquo;histoire et d&rsquo;art. Ce bol est un excellent choix pour les commer\u00e7ants \u00e0 la recherche d&rsquo;articles uniques, mettant en valeur la beaut\u00e9 et la diversit\u00e9 des traditions portugaises.<\/p>\n","protected":false},"excerpt":{"rendered":"<p>Bol en noix de coco d\u00e9cor\u00e9 de c\u0153urs color\u00e9s et d&rsquo;une illustration de sardine, inspir\u00e9 de la culture lisbo\u00e8te. Ce bol attrayant, fabriqu\u00e9 en c\u00e9ramique, pr\u00e9sente un design artisanal, peint \u00e0 la main, avec une palette de couleurs douces comprenant des bleus, des dor\u00e9s et de la terre cuite, cr\u00e9ant un effet visuel charmant. Le d\u00e9tail de la sardine, symbole gastronomique de la ville, lui ajoute une touche distinctive, en faisant un objet d\u00e9coratif id\u00e9al pour n&rsquo;importe quel foyer.<\/p>\n","protected":false},"featured_media":10325,"template":"","meta":{"_acf_changed":false},"product_brand":[],"product_cat":[521],"product_tag":[530],"class_list":{"0":"post-28507","1":"product","2":"type-product","3":"status-publish","4":"has-post-thumbnail","6":"product_cat-bols","7":"product_tag-animaux","8":"pa_ciudad-lisboa","9":"pa_motivo-sardines","10":"pa_pais-portugal","12":"first","13":"instock","14":"shipping-taxable","15":"product-type-simple"},"acf":[],"_links":{"self":[{"href":"https:\/\/olemosaic.orbitalia.org\/fr\/wp-json\/wp\/v2\/product\/28507","targetHints":{"allow":["GET"]}}],"collection":[{"href":"https:\/\/olemosaic.orbitalia.org\/fr\/wp-json\/wp\/v2\/product"}],"about":[{"href":"https:\/\/olemosaic.orbitalia.org\/fr\/wp-json\/wp\/v2\/types\/product"}],"wp:featuredmedia":[{"embeddable":true,"href":"https:\/\/olemosaic.orbitalia.org\/fr\/wp-json\/wp\/v2\/media\/10325"}],"wp:attachment":[{"href":"https:\/\/olemosaic.orbitalia.org\/fr\/wp-json\/wp\/v2\/media?parent=28507"}],"wp:term":[{"taxonomy":"product_brand","embeddable":true,"href":"https:\/\/olemosaic.orbitalia.org\/fr\/wp-json\/wp\/v2\/product_brand?post=28507"},{"taxonomy":"product_cat","embeddable":true,"href":"https:\/\/olemosaic.orbitalia.org\/fr\/wp-json\/wp\/v2\/product_cat?post=28507"},{"taxonomy":"product_tag","embeddable":true,"href":"https:\/\/olemosaic.orbitalia.org\/fr\/wp-json\/wp\/v2\/product_tag?post=28507"}],"curies":[{"name":"wp","href":"https:\/\/api.w.org\/{rel}","templated":true}]}}