{"id":28505,"date":"2025-02-20T23:30:06","date_gmt":"2025-02-20T22:30:06","guid":{"rendered":"https:\/\/olemosaic.orbitalia.org\/producto\/bol-de-coco-de-corazones-camino-de-santiago\/"},"modified":"2025-07-25T18:45:37","modified_gmt":"2025-07-25T16:45:37","slug":"bol-noix-de-coco-coeurs-chemin-de-saint-jacques","status":"publish","type":"product","link":"https:\/\/olemosaic.orbitalia.org\/fr\/produit\/bol-noix-de-coco-coeurs-chemin-de-saint-jacques\/","title":{"rendered":"Bol en noix de coco avec c\u0153urs. Chemin de Saint-Jacques."},"content":{"rendered":"<p>Ce bol en noix de coco, d\u00e9cor\u00e9 de c\u0153urs color\u00e9s, est un chef-d&rsquo;\u0153uvre qui \u00e9voque la magie du Chemin de Saint-Jacques. Son design en mosa\u00efque peint \u00e0 la main d\u00e9ploie une palette vibrante de bleus, d&rsquo;oranges et de tons naturels, cr\u00e9ant une atmosph\u00e8re joyeuse et accueillante. Au centre, se d\u00e9tache l&#8217;embl\u00e9matique coquille du p\u00e8lerin, symbole du c\u00e9l\u00e8bre parcours, accompagn\u00e9e de l&rsquo;inscription \u00ab\u00a0CAMINO DE SANTIAGO\u00a0\u00bb, ce qui fait de ce bol une pi\u00e8ce non seulement d\u00e9corative, mais aussi charg\u00e9e de sens historique et culturel. La forme ovale et la finition lisse du bol soulignent son \u00e9l\u00e9gance, tandis que les c\u0153urs color\u00e9s qui ornent l&rsquo;ext\u00e9rieur apportent une touche de tendresse et d&rsquo;authenticit\u00e9.<\/p>\n<p>Id\u00e9al pour un usage quotidien ou comme \u00e9l\u00e9ment d\u00e9coratif, ce bol capture l&rsquo;essence du p\u00e8lerinage et l&rsquo;esprit de communaut\u00e9 associ\u00e9 \u00e0 la route jacquaire. Il devient, sans aucun doute, un excellent souvenir pour ceux qui ont parcouru ce chemin ou souhaitent emporter avec eux un morceau de la riche tradition espagnole. Chez Ol\u00e9 Mosaic, leaders de la distribution de souvenirs en gros, nous proposons des produits comme ce bol en noix de coco qui non seulement ravissent les yeux, mais racontent aussi des histoires. Parfait pour les boutiques de cadeaux touristiques cherchant \u00e0 offrir \u00e0 leurs clients des souvenirs authentiques et m\u00e9morables du Chemin de Saint-Jacques.<\/p>\n","protected":false},"excerpt":{"rendered":"<p>Bol en noix de coco d\u00e9cor\u00e9 de c\u0153urs color\u00e9s, inspir\u00e9 du Chemin de Saint-Jacques. Ce bol attrayant pr\u00e9sente un design de mosa\u00efque artisanal, peint \u00e0 la main, dans des tons bleus, oranges et naturels, avec un motif central de la coquille du p\u00e8lerin et l&rsquo;inscription \u00ab\u00a0CAMINO DE SANTIAGO\u00a0\u00bb. Sa forme ovale \u00e9l\u00e9gante et sa finition aux tons doux en font une pi\u00e8ce unique, id\u00e9ale pour la d\u00e9coration ou l&rsquo;usage quotidien, \u00e9voquant la tradition et le symbolisme de cette c\u00e9l\u00e8bre route.<\/p>\n","protected":false},"featured_media":10321,"template":"","meta":{"_acf_changed":false},"product_brand":[],"product_cat":[521],"product_tag":[],"class_list":{"0":"post-28505","1":"product","2":"type-product","3":"status-publish","4":"has-post-thumbnail","6":"product_cat-bols","7":"pa_motivo-chemin-saint-jacques","9":"first","10":"instock","11":"shipping-taxable","12":"product-type-simple"},"acf":[],"_links":{"self":[{"href":"https:\/\/olemosaic.orbitalia.org\/fr\/wp-json\/wp\/v2\/product\/28505","targetHints":{"allow":["GET"]}}],"collection":[{"href":"https:\/\/olemosaic.orbitalia.org\/fr\/wp-json\/wp\/v2\/product"}],"about":[{"href":"https:\/\/olemosaic.orbitalia.org\/fr\/wp-json\/wp\/v2\/types\/product"}],"wp:featuredmedia":[{"embeddable":true,"href":"https:\/\/olemosaic.orbitalia.org\/fr\/wp-json\/wp\/v2\/media\/10321"}],"wp:attachment":[{"href":"https:\/\/olemosaic.orbitalia.org\/fr\/wp-json\/wp\/v2\/media?parent=28505"}],"wp:term":[{"taxonomy":"product_brand","embeddable":true,"href":"https:\/\/olemosaic.orbitalia.org\/fr\/wp-json\/wp\/v2\/product_brand?post=28505"},{"taxonomy":"product_cat","embeddable":true,"href":"https:\/\/olemosaic.orbitalia.org\/fr\/wp-json\/wp\/v2\/product_cat?post=28505"},{"taxonomy":"product_tag","embeddable":true,"href":"https:\/\/olemosaic.orbitalia.org\/fr\/wp-json\/wp\/v2\/product_tag?post=28505"}],"curies":[{"name":"wp","href":"https:\/\/api.w.org\/{rel}","templated":true}]}}