{"id":28481,"date":"2025-02-20T23:30:06","date_gmt":"2025-02-20T22:30:06","guid":{"rendered":"https:\/\/olemosaic.orbitalia.org\/producto\/bol-de-coco-naranja-abanico\/"},"modified":"2025-07-25T18:33:29","modified_gmt":"2025-07-25T16:33:29","slug":"bol-noix-de-coco-orange-eventail","status":"publish","type":"product","link":"https:\/\/olemosaic.orbitalia.org\/fr\/produit\/bol-noix-de-coco-orange-eventail\/","title":{"rendered":"Bol en noix de coco orange. \u00c9ventail."},"content":{"rendered":"<p>Ce bol en noix de coco d&rsquo;une couleur orange vibrante est une pi\u00e8ce unique et artisanale, id\u00e9ale tant pour la d\u00e9coration que pour le service. Son design tr\u00e8s sp\u00e9cial pr\u00e9sente un motif \u00e9l\u00e9gant d&rsquo;\u00e9ventail en blanc, \u00e9voquant la culture espagnole et sa riche tradition c\u00e9ramique. La finition textur\u00e9e de sa surface souligne les caract\u00e9ristiques naturelles du mat\u00e9riau, apportant une touche organique et authentique \u00e0 n&rsquo;importe quelle ambiance. Avec une couleur brillante qui attire l&rsquo;attention, ce bol ne sert pas seulement d&rsquo;\u00e9l\u00e9ment d\u00e9coratif, mais il est \u00e9galement fonctionnel et polyvalent, parfait pour pr\u00e9senter des ap\u00e9ritifs ou des salades lors d&rsquo;une r\u00e9union de famille ou d&rsquo;une f\u00eate.<\/p>\n<p>Le lien culturel de ce bol avec la tradition espagnole est palpable, particuli\u00e8rement dans les r\u00e9gions o\u00f9 les \u00e9ventails sont un symbole de l&rsquo;art et de la p\u00e9riode estivale. Ce souvenir devient un rappel de la chaleur et de la joie du mode de vie m\u00e9diterran\u00e9en. Chez Ol\u00e9 Mosaic, nous sommes fiers de proposer des produits qui se distinguent par leur authenticit\u00e9 et leur capacit\u00e9 \u00e0 transporter l&rsquo;essence de l&rsquo;Espagne dans n&rsquo;importe quel coin du monde. Ce bol en noix de coco est, sans aucun doute, une excellente option pour les boutiques de cadeaux touristiques \u00e0 la recherche de souvenirs de qualit\u00e9 et authentiques, id\u00e9aux pour les touristes souhaitant emporter un morceau de tradition espagnole. En tant que grossiste de produits d\u00e9coratifs en gros, nous garantissons l&rsquo;exclusivit\u00e9 et la finition de chacune de nos pi\u00e8ces.<\/p>\n","protected":false},"excerpt":{"rendered":"<p>Bol en noix de coco d&rsquo;une couleur orange vibrante, id\u00e9al pour d\u00e9corer ou servir. Fabriqu\u00e9 de mani\u00e8re artisanale, ce bol pr\u00e9sente un design tr\u00e8s sp\u00e9cial avec un motif \u00e9l\u00e9gant d&rsquo;\u00e9ventail en blanc, entour\u00e9 d&rsquo;une finition textur\u00e9e qui souligne son aspect naturel. Parfait pour rehausser n&rsquo;importe quelle ambiance avec une touche espagnole, sa couleur brillante et sa forme organique en font un \u00e9l\u00e9ment \u00e0 la fois d\u00e9coratif et fonctionnel.<\/p>\n","protected":false},"featured_media":11741,"template":"","meta":{"_acf_changed":false},"product_brand":[],"product_cat":[521],"product_tag":[],"class_list":{"0":"post-28481","1":"product","2":"type-product","3":"status-publish","4":"has-post-thumbnail","6":"product_cat-bols","8":"first","9":"instock","10":"shipping-taxable","11":"product-type-simple"},"acf":[],"_links":{"self":[{"href":"https:\/\/olemosaic.orbitalia.org\/fr\/wp-json\/wp\/v2\/product\/28481","targetHints":{"allow":["GET"]}}],"collection":[{"href":"https:\/\/olemosaic.orbitalia.org\/fr\/wp-json\/wp\/v2\/product"}],"about":[{"href":"https:\/\/olemosaic.orbitalia.org\/fr\/wp-json\/wp\/v2\/types\/product"}],"wp:featuredmedia":[{"embeddable":true,"href":"https:\/\/olemosaic.orbitalia.org\/fr\/wp-json\/wp\/v2\/media\/11741"}],"wp:attachment":[{"href":"https:\/\/olemosaic.orbitalia.org\/fr\/wp-json\/wp\/v2\/media?parent=28481"}],"wp:term":[{"taxonomy":"product_brand","embeddable":true,"href":"https:\/\/olemosaic.orbitalia.org\/fr\/wp-json\/wp\/v2\/product_brand?post=28481"},{"taxonomy":"product_cat","embeddable":true,"href":"https:\/\/olemosaic.orbitalia.org\/fr\/wp-json\/wp\/v2\/product_cat?post=28481"},{"taxonomy":"product_tag","embeddable":true,"href":"https:\/\/olemosaic.orbitalia.org\/fr\/wp-json\/wp\/v2\/product_tag?post=28481"}],"curies":[{"name":"wp","href":"https:\/\/api.w.org\/{rel}","templated":true}]}}