{"id":28479,"date":"2025-02-20T22:30:06","date_gmt":"2025-02-20T22:30:06","guid":{"rendered":"https:\/\/olemosaic.orbitalia.org\/producto\/bol-de-coco-de-corazones-abanico\/"},"modified":"2025-07-25T18:55:05","modified_gmt":"2025-07-25T16:55:05","slug":"bol-noix-de-coco-coeurs-eventail","status":"publish","type":"product","link":"https:\/\/olemosaic.orbitalia.org\/fr\/produit\/bol-noix-de-coco-coeurs-eventail\/","title":{"rendered":"Bol en noix de coco c\u0153urs. \u00c9ventail."},"content":{"rendered":"<p>Ce bol en noix de coco avec des c\u0153urs est un accessoire d\u00e9coratif exclusif qui fusionne la beaut\u00e9 de l&rsquo;artisanat traditionnel avec un design moderne. Fabriqu\u00e9 \u00e0 partir de noix de coco, ce bol pr\u00e9sente une mosa\u00efque d\u00e9licate de c\u0153urs dans des tons doux de bleu, d&rsquo;orange et de marron, cr\u00e9ant un effet visuel charmant qui apportera chaleur et \u00e9l\u00e9gance \u00e0 n&rsquo;importe quelle pi\u00e8ce. Au centre du bol, un design \u00e9l\u00e9gant se distingue, \u00e9voquant la forme d&rsquo;un coquillage, symbolisant la connexion avec la nature et la richesse de l&rsquo;environnement maritime. Sa finition naturelle et brillante rehausse la beaut\u00e9 intrins\u00e8que du mat\u00e9riau, ce qui en fait une pi\u00e8ce id\u00e9ale tant pour la d\u00e9coration int\u00e9rieure que pour un usage pratique.<\/p>\n<p>Ce bol n&rsquo;est pas seulement un hommage \u00e0 l&rsquo;artisanat local, mais sert \u00e9galement de souvenir significatif repr\u00e9sentant les paysages et les traditions des r\u00e9gions c\u00f4ti\u00e8res. Chez Ol\u00e9 Mosaic, sp\u00e9cialis\u00e9 dans la distribution de souvenirs en gros, nous proposons des produits authentiques comme ce bol en noix de coco, parfaits pour les touristes cherchant \u00e0 emporter un morceau de culture. Ce bol avec des c\u0153urs est une excellente option pour les boutiques de cadeaux touristiques souhaitant enrichir leur offre avec des articles uniques et repr\u00e9sentatifs du patrimoine artisanal. En tant que grossistes de souvenirs, nous garantissons que chaque pi\u00e8ce pr\u00e9sente une qualit\u00e9 exceptionnelle et un design attrayant, faisant de ce bol un choix parfait et original.<\/p>\n","protected":false},"excerpt":{"rendered":"<p>Bol en noix de coco avec des c\u0153urs, un accessoire d\u00e9coratif exclusif inspir\u00e9 de l&rsquo;artisanat traditionnel. Ce bol, fabriqu\u00e9 en noix de coco, pr\u00e9sente une mosa\u00efque d\u00e9licate de c\u0153urs dans des tons doux de bleu, d&rsquo;orange et de marron, compl\u00e9t\u00e9e par un design central \u00e9l\u00e9gant \u00e9voquant un coquillage. Sa finition naturelle et brillante rehausse la beaut\u00e9 des mat\u00e9riaux, ce qui en fait une pi\u00e8ce id\u00e9ale pour apporter une touche chaleureuse et authentique \u00e0 n&rsquo;importe quel foyer.<\/p>\n","protected":false},"featured_media":10305,"template":"","meta":{"_acf_changed":false},"product_brand":[],"product_cat":[521],"product_tag":[],"class_list":{"0":"post-28479","1":"product","2":"type-product","3":"status-publish","4":"has-post-thumbnail","6":"product_cat-bols","8":"first","9":"instock","10":"shipping-taxable","11":"product-type-simple"},"acf":[],"_links":{"self":[{"href":"https:\/\/olemosaic.orbitalia.org\/fr\/wp-json\/wp\/v2\/product\/28479","targetHints":{"allow":["GET"]}}],"collection":[{"href":"https:\/\/olemosaic.orbitalia.org\/fr\/wp-json\/wp\/v2\/product"}],"about":[{"href":"https:\/\/olemosaic.orbitalia.org\/fr\/wp-json\/wp\/v2\/types\/product"}],"wp:featuredmedia":[{"embeddable":true,"href":"https:\/\/olemosaic.orbitalia.org\/fr\/wp-json\/wp\/v2\/media\/10305"}],"wp:attachment":[{"href":"https:\/\/olemosaic.orbitalia.org\/fr\/wp-json\/wp\/v2\/media?parent=28479"}],"wp:term":[{"taxonomy":"product_brand","embeddable":true,"href":"https:\/\/olemosaic.orbitalia.org\/fr\/wp-json\/wp\/v2\/product_brand?post=28479"},{"taxonomy":"product_cat","embeddable":true,"href":"https:\/\/olemosaic.orbitalia.org\/fr\/wp-json\/wp\/v2\/product_cat?post=28479"},{"taxonomy":"product_tag","embeddable":true,"href":"https:\/\/olemosaic.orbitalia.org\/fr\/wp-json\/wp\/v2\/product_tag?post=28479"}],"curies":[{"name":"wp","href":"https:\/\/api.w.org\/{rel}","templated":true}]}}