{"id":28470,"date":"2025-02-20T22:30:05","date_gmt":"2025-02-20T22:30:05","guid":{"rendered":"https:\/\/olemosaic.orbitalia.org\/producto\/bol-de-coco-flamenco\/"},"modified":"2025-07-25T20:30:42","modified_gmt":"2025-07-25T18:30:42","slug":"bol-noix-de-coco-flamant-rose","status":"publish","type":"product","link":"https:\/\/olemosaic.orbitalia.org\/fr\/produit\/bol-noix-de-coco-flamant-rose\/","title":{"rendered":"Bol en noix de coco. Flamant rose."},"content":{"rendered":"<p>Ce bol en noix de coco au design de flamants roses est une pi\u00e8ce remarquable qui \u00e9voque le riche h\u00e9ritage culturel andalou. Fabriqu\u00e9 \u00e0 partir de v\u00e9ritable noix de coco, sa surface se distingue par une mosa\u00efque vibrante de couleurs comprenant des tons roses, bleus et jaunes, cr\u00e9ant une explosion de couleurs qui illumine n&rsquo;importe quel environnement. Au centre, deux flamants roses d\u00e9licatement entrelac\u00e9s repr\u00e9sentent un symbole d\u00e9licat d&rsquo;amour et de connexion, capturant l&rsquo;essence du folklore espagnol.<\/p>\n<p>La technique d&rsquo;application de la mosa\u00efque met non seulement en valeur le savoir-faire artisanal traditionnel, mais fait \u00e9galement de ce bol un souvenir exceptionnel qui \u00e9voque la beaut\u00e9 naturelle de la r\u00e9gion. Les pi\u00e8ces de la mosa\u00efque sont m\u00e9ticuleusement dispos\u00e9es, apportant un caract\u00e8re unique et pittoresque \u00e0 cette \u0153uvre d&rsquo;art fonctionnelle. Parfait pour servir des ap\u00e9ritifs ou comme accessoire d\u00e9coratif, ce bol est le reflet du mode de vie andalou.<\/p>\n<p>Chez Ol\u00e9 Mosaic, nous nous consacrons \u00e0 la distribution de souvenirs culturels de haute qualit\u00e9 ; ce bol de flamants roses n&rsquo;est pas seulement un souvenir de votre voyage en Espagne, mais aussi un \u00e9l\u00e9ment d\u00e9coratif \u00e9l\u00e9gant qui apportera une touche de tradition \u00e0 n&rsquo;importe quel foyer. Id\u00e9al pour les boutiques de cadeaux touristiques \u00e0 la recherche de produits authentiques, ce bol se positionne comme une option de choix dans la cat\u00e9gorie des souvenirs en noix de coco et des \u00e9l\u00e9ments d\u00e9coratifs.<\/p>\n","protected":false},"excerpt":{"rendered":"<p>Bol en noix de coco avec design de flamants roses. Cet \u00e9l\u00e9gant bol, fabriqu\u00e9 en noix de coco, pr\u00e9sente une mosa\u00efque vibrante de couleurs dans les tons rose, bleu et jaune, capturant l&rsquo;essence du folklore espagnol. Au centre, deux flamants roses entrelacent leurs cous dans un d\u00e9licat symbole d&rsquo;amour. La technique d&rsquo;application de la mosa\u00efque refl\u00e8te l&rsquo;artisanat traditionnel, en faisant un souvenir parfait qui apporte une touche d&rsquo;Andalousie \u00e0 n&rsquo;importe quel espace.<\/p>\n","protected":false},"featured_media":13521,"template":"","meta":{"_acf_changed":false},"product_brand":[],"product_cat":[521],"product_tag":[530],"class_list":{"0":"post-28470","1":"product","2":"type-product","3":"status-publish","4":"has-post-thumbnail","6":"product_cat-bols","7":"product_tag-animaux","8":"pa_motivo-flamants-roses","10":"first","11":"instock","12":"shipping-taxable","13":"product-type-simple"},"acf":[],"_links":{"self":[{"href":"https:\/\/olemosaic.orbitalia.org\/fr\/wp-json\/wp\/v2\/product\/28470","targetHints":{"allow":["GET"]}}],"collection":[{"href":"https:\/\/olemosaic.orbitalia.org\/fr\/wp-json\/wp\/v2\/product"}],"about":[{"href":"https:\/\/olemosaic.orbitalia.org\/fr\/wp-json\/wp\/v2\/types\/product"}],"wp:featuredmedia":[{"embeddable":true,"href":"https:\/\/olemosaic.orbitalia.org\/fr\/wp-json\/wp\/v2\/media\/13521"}],"wp:attachment":[{"href":"https:\/\/olemosaic.orbitalia.org\/fr\/wp-json\/wp\/v2\/media?parent=28470"}],"wp:term":[{"taxonomy":"product_brand","embeddable":true,"href":"https:\/\/olemosaic.orbitalia.org\/fr\/wp-json\/wp\/v2\/product_brand?post=28470"},{"taxonomy":"product_cat","embeddable":true,"href":"https:\/\/olemosaic.orbitalia.org\/fr\/wp-json\/wp\/v2\/product_cat?post=28470"},{"taxonomy":"product_tag","embeddable":true,"href":"https:\/\/olemosaic.orbitalia.org\/fr\/wp-json\/wp\/v2\/product_tag?post=28470"}],"curies":[{"name":"wp","href":"https:\/\/api.w.org\/{rel}","templated":true}]}}