{"id":28457,"date":"2025-02-20T22:30:05","date_gmt":"2025-02-20T22:30:05","guid":{"rendered":"https:\/\/olemosaic.orbitalia.org\/producto\/bol-de-coco-beige-delfin-barcelona\/"},"modified":"2025-07-25T20:10:42","modified_gmt":"2025-07-25T18:10:42","slug":"bol-noix-de-coco-beige-dauphin-barcelone","status":"publish","type":"product","link":"https:\/\/olemosaic.orbitalia.org\/fr\/produit\/bol-noix-de-coco-beige-dauphin-barcelone\/","title":{"rendered":"Bol en noix de coco beige. Dauphin. Barcelone."},"content":{"rendered":"<p>Ce bol en noix de coco beige, d\u00e9cor\u00e9 d&rsquo;un charmant dauphin, est une repr\u00e9sentation parfaite de la beaut\u00e9 et de l&rsquo;esprit m\u00e9diterran\u00e9en de Barcelone. \u00c9labor\u00e9 avec soin \u00e0 partir de noix de coco, ce bol pr\u00e9sente une finition lisse et brillante qui rehausse son \u00e9l\u00e9gance naturelle. Au centre, l&rsquo;illustration d&rsquo;un dauphin dans les tons terre cuite se d\u00e9tache avec gr\u00e2ce, symbolisant la vitalit\u00e9 de la vie marine qui baigne les c\u00f4tes catalanes. Le fond clair, orn\u00e9 de d\u00e9tails beiges \u00e9voquant les douces vagues de la mer, compl\u00e8te l&rsquo;image du dauphin et ajoute une touche d\u00e9corative rappelant les plages tranquilles de Barcelone.<\/p>\n<p>Ce bol n&rsquo;est pas seulement un article fonctionnel pour la maison, il devient \u00e9galement un souvenir significatif qui capture l&rsquo;essence des vacances sur la c\u00f4te catalane. Parfait pour apporter une touche m\u00e9diterran\u00e9enne \u00e0 n&rsquo;importe quelle ambiance, ce souvenir de Barcelone est id\u00e9al aussi bien pour un usage quotidien que pour une exposition d\u00e9corative. Chez Ol\u00e9 Mosaic, nous sommes experts dans la distribution de souvenirs en gros, et ce bol en noix de coco est une excellente option pour les boutiques de cadeaux touristiques \u00e0 la recherche de produits authentiques et repr\u00e9sentatifs. Il est important de souligner que chaque bol est une pi\u00e8ce unique, ce qui renforce sa valeur en tant que souvenir sp\u00e9cial et significatif de cette ville vibrante.<\/p>\n","protected":false},"excerpt":{"rendered":"<p>Bol en noix de coco beige avec un motif de dauphin \u00e9voquant le charme de Barcelone. Cet original bol, \u00e9labor\u00e9 en noix de coco, pr\u00e9sente une finition lisse et brillante. D\u00e9cor\u00e9 d&rsquo;une illustration de dauphin dans les tons terre cuite, il se d\u00e9tache sur un fond clair avec des d\u00e9tails beiges imitant les vagues de la mer. Id\u00e9al pour apporter une touche m\u00e9diterran\u00e9enne \u00e0 n&rsquo;importe quelle ambiance, c&rsquo;est un excellent souvenir pour \u00e9voquer la beaut\u00e9 de la c\u00f4te catalane.<\/p>\n","protected":false},"featured_media":11871,"template":"","meta":{"_acf_changed":false},"product_brand":[],"product_cat":[521],"product_tag":[530],"class_list":{"0":"post-28457","1":"product","2":"type-product","3":"status-publish","4":"has-post-thumbnail","6":"product_cat-bols","7":"product_tag-animaux","8":"pa_ciudad-barcelona","9":"pa_motivo-dauphins","10":"pa_pais-espana","12":"first","13":"instock","14":"shipping-taxable","15":"product-type-simple"},"acf":[],"_links":{"self":[{"href":"https:\/\/olemosaic.orbitalia.org\/fr\/wp-json\/wp\/v2\/product\/28457","targetHints":{"allow":["GET"]}}],"collection":[{"href":"https:\/\/olemosaic.orbitalia.org\/fr\/wp-json\/wp\/v2\/product"}],"about":[{"href":"https:\/\/olemosaic.orbitalia.org\/fr\/wp-json\/wp\/v2\/types\/product"}],"wp:featuredmedia":[{"embeddable":true,"href":"https:\/\/olemosaic.orbitalia.org\/fr\/wp-json\/wp\/v2\/media\/11871"}],"wp:attachment":[{"href":"https:\/\/olemosaic.orbitalia.org\/fr\/wp-json\/wp\/v2\/media?parent=28457"}],"wp:term":[{"taxonomy":"product_brand","embeddable":true,"href":"https:\/\/olemosaic.orbitalia.org\/fr\/wp-json\/wp\/v2\/product_brand?post=28457"},{"taxonomy":"product_cat","embeddable":true,"href":"https:\/\/olemosaic.orbitalia.org\/fr\/wp-json\/wp\/v2\/product_cat?post=28457"},{"taxonomy":"product_tag","embeddable":true,"href":"https:\/\/olemosaic.orbitalia.org\/fr\/wp-json\/wp\/v2\/product_tag?post=28457"}],"curies":[{"name":"wp","href":"https:\/\/api.w.org\/{rel}","templated":true}]}}