{"id":28437,"date":"2025-02-20T23:30:03","date_gmt":"2025-02-20T22:30:03","guid":{"rendered":"https:\/\/olemosaic.orbitalia.org\/producto\/bol-de-coco-beige-bailaora\/"},"modified":"2025-07-25T19:55:01","modified_gmt":"2025-07-25T17:55:01","slug":"bol-noix-de-coco-beige-danseuse-flamenco","status":"publish","type":"product","link":"https:\/\/olemosaic.orbitalia.org\/fr\/produit\/bol-noix-de-coco-beige-danseuse-flamenco\/","title":{"rendered":"Bol en noix de coco beige. Danseuse de flamenco."},"content":{"rendered":"<p>Ce bol en noix de coco beige, avec un design \u00e9l\u00e9gant d&rsquo;une danseuse de flamenco, est une repr\u00e9sentation parfaite de la riche culture flamenco d&rsquo;Espagne. D\u00e9cor\u00e9 artisanalement en fibre de coco, ce magnifique bol pr\u00e9sente une finition douce et brillante qui souligne les tons naturels dans des nuances beige et dor\u00e9es, apportant une touche chaleureuse et accueillante \u00e0 n&rsquo;importe quel espace. \u00c0 l&rsquo;int\u00e9rieur, un motif artistique repr\u00e9sentant une danseuse en mouvement se distingue, capturant l&rsquo;essence de l&rsquo;art flamenco avec sa posture dynamique et son \u00e9l\u00e9gance inn\u00e9e. Ce design n&rsquo;est pas seulement visuellement frappant, il refl\u00e8te \u00e9galement la passion et l&rsquo;histoire du flamenco, une danse traditionnelle profond\u00e9ment enracin\u00e9e dans le folklore espagnol.<\/p>\n<p>Id\u00e9al aussi bien comme pi\u00e8ce d\u00e9corative que pour un usage quotidien, ce bol peut \u00eatre utilis\u00e9 pour servir des tapas ou comme centre de table stylis\u00e9. Son authenticit\u00e9 et sa connexion culturelle en font un souvenir repr\u00e9sentatif de l&rsquo;Espagne, parfait pour les touristes qui souhaitent ramener chez eux un morceau de l&rsquo;\u00e2me espagnole. Chez Ol\u00e9 Mosaic, nous sommes leaders dans la distribution de souvenirs en gros, et ce bol en noix de coco est une excellente option pour les boutiques de cadeaux touristiques cherchant \u00e0 offrir des produits de qualit\u00e9 qui mettent en valeur l&rsquo;h\u00e9ritage culturel espagnol. Nous misons sur l&rsquo;artisanat et le design unique, garantissant que chaque article soit une c\u00e9l\u00e9bration de la tradition.<\/p>\n","protected":false},"excerpt":{"rendered":"<p>Bol en noix de coco beige d\u00e9cor\u00e9 d&rsquo;un design \u00e9l\u00e9gant d&rsquo;une danseuse de flamenco. Ce bol attrayant, \u00e9labor\u00e9 en fibre de coco, pr\u00e9sente une finition douce et brillante qui rehausse les tons beige et dor\u00e9s naturels. \u00c0 l&rsquo;int\u00e9rieur, il arbore un motif repr\u00e9sentant une danseuse en mouvement, \u00e9voquant l&rsquo;art et la passion du flamenco. Id\u00e9al comme pi\u00e8ce d\u00e9corative ou pour un usage quotidien, il refl\u00e8te la riche culture espagnole.<\/p>\n","protected":false},"featured_media":11963,"template":"","meta":{"_acf_changed":false},"product_brand":[],"product_cat":[521],"product_tag":[],"class_list":{"0":"post-28437","1":"product","2":"type-product","3":"status-publish","4":"has-post-thumbnail","6":"product_cat-bols","7":"pa_motivo-danseurs","9":"first","10":"instock","11":"shipping-taxable","12":"product-type-simple"},"acf":[],"_links":{"self":[{"href":"https:\/\/olemosaic.orbitalia.org\/fr\/wp-json\/wp\/v2\/product\/28437","targetHints":{"allow":["GET"]}}],"collection":[{"href":"https:\/\/olemosaic.orbitalia.org\/fr\/wp-json\/wp\/v2\/product"}],"about":[{"href":"https:\/\/olemosaic.orbitalia.org\/fr\/wp-json\/wp\/v2\/types\/product"}],"wp:featuredmedia":[{"embeddable":true,"href":"https:\/\/olemosaic.orbitalia.org\/fr\/wp-json\/wp\/v2\/media\/11963"}],"wp:attachment":[{"href":"https:\/\/olemosaic.orbitalia.org\/fr\/wp-json\/wp\/v2\/media?parent=28437"}],"wp:term":[{"taxonomy":"product_brand","embeddable":true,"href":"https:\/\/olemosaic.orbitalia.org\/fr\/wp-json\/wp\/v2\/product_brand?post=28437"},{"taxonomy":"product_cat","embeddable":true,"href":"https:\/\/olemosaic.orbitalia.org\/fr\/wp-json\/wp\/v2\/product_cat?post=28437"},{"taxonomy":"product_tag","embeddable":true,"href":"https:\/\/olemosaic.orbitalia.org\/fr\/wp-json\/wp\/v2\/product_tag?post=28437"}],"curies":[{"name":"wp","href":"https:\/\/api.w.org\/{rel}","templated":true}]}}