{"id":28428,"date":"2025-02-20T22:30:03","date_gmt":"2025-02-20T22:30:03","guid":{"rendered":"https:\/\/olemosaic.orbitalia.org\/producto\/bol-de-coco-beige-isla-tenerife\/"},"modified":"2025-07-25T19:51:53","modified_gmt":"2025-07-25T17:51:53","slug":"bol-noix-de-coco-beige-ile-tenerife","status":"publish","type":"product","link":"https:\/\/olemosaic.orbitalia.org\/fr\/produit\/bol-noix-de-coco-beige-ile-tenerife\/","title":{"rendered":"Bol en noix de coco beige. \u00cele. Tenerife."},"content":{"rendered":"<p>Ce bol en noix de coco beige est une pi\u00e8ce \u00e9l\u00e9gante et fonctionnelle, inspir\u00e9e par la beaut\u00e9 naturelle de Tenerife, l&rsquo;une des perles des \u00eeles Canaries. Avec un design incurv\u00e9 et lisse, ce bol se distingue par sa finition dans des tons beiges et blancs, qui \u00e9voquent l&rsquo;essence sereine et relaxante de l&rsquo;\u00eele, id\u00e9al pour ceux qui recherchent un souvenir authentique de la culture canarienne. Sa surface ext\u00e9rieure, textur\u00e9e et avec une finition brillante, capture la lumi\u00e8re d&rsquo;une mani\u00e8re qui rappelle les sables et les eaux cristallines des plages de Tenerife.<\/p>\n<p>\u00c0 l&rsquo;int\u00e9rieur du bol se trouve la silhouette de Tenerife imprim\u00e9e, une caract\u00e9ristique distinctive qui renforce son authenticit\u00e9 en tant que souvenir. Ce d\u00e9tail ajoute non seulement une touche artistique, mais agit \u00e9galement comme un rappel tangible du paysage volcanique et de la riche biodiversit\u00e9 de l&rsquo;\u00eele. Ce bol n&rsquo;est pas seulement un \u00e9l\u00e9ment d\u00e9coratif, il peut aussi \u00eatre utilis\u00e9 comme un ustensile fonctionnel dans la maison, parfait pour servir des ap\u00e9ritifs ou comme centre de table.<\/p>\n<p>Acqu\u00e9rir ce bol en noix de coco beige ne signifie pas seulement emporter une pi\u00e8ce unique et artisanale, mais aussi un symbole repr\u00e9sentatif de la culture de Tenerife. Chez Ol\u00e9 Mosaic, en tant que sp\u00e9cialistes de la distribution de souvenirs en gros, nous proposons des produits authentiques et de qualit\u00e9 qui incarnent l&rsquo;esprit des \u00eeles Canaries. Ce bol est une excellente option pour les boutiques de cadeaux touristiques souhaitant offrir des articles significatifs et pertinents \u00e0 leurs clients.<\/p>\n","protected":false},"excerpt":{"rendered":"<p>Bol en noix de coco beige, inspir\u00e9 par la beaut\u00e9 naturelle de Tenerife. Cet \u00e9l\u00e9gant bol, \u00e9labor\u00e9 en noix de coco, pr\u00e9sente un design incurv\u00e9 et lisse, compl\u00e9t\u00e9 par des \u00e9l\u00e9ments d\u00e9coratifs dans des tons beiges et blancs \u00e9voquant l&rsquo;essence de l&rsquo;\u00eele. \u00c0 l&rsquo;int\u00e9rieur, la silhouette de Tenerife imprim\u00e9e se d\u00e9tache, ajoutant une touche distinctive. Parfait comme pi\u00e8ce d\u00e9corative ou ustensile fonctionnel, ce bol est un souvenir id\u00e9al de la culture canarienne.<\/p>\n","protected":false},"featured_media":11919,"template":"","meta":{"_acf_changed":false},"product_brand":[],"product_cat":[521],"product_tag":[],"class_list":{"0":"post-28428","1":"product","2":"type-product","3":"status-publish","4":"has-post-thumbnail","6":"product_cat-bols","7":"pa_ciudad-tenerife","8":"pa_motivo-iles","9":"pa_pais-espana","11":"first","12":"instock","13":"shipping-taxable","14":"product-type-simple"},"acf":[],"_links":{"self":[{"href":"https:\/\/olemosaic.orbitalia.org\/fr\/wp-json\/wp\/v2\/product\/28428","targetHints":{"allow":["GET"]}}],"collection":[{"href":"https:\/\/olemosaic.orbitalia.org\/fr\/wp-json\/wp\/v2\/product"}],"about":[{"href":"https:\/\/olemosaic.orbitalia.org\/fr\/wp-json\/wp\/v2\/types\/product"}],"wp:featuredmedia":[{"embeddable":true,"href":"https:\/\/olemosaic.orbitalia.org\/fr\/wp-json\/wp\/v2\/media\/11919"}],"wp:attachment":[{"href":"https:\/\/olemosaic.orbitalia.org\/fr\/wp-json\/wp\/v2\/media?parent=28428"}],"wp:term":[{"taxonomy":"product_brand","embeddable":true,"href":"https:\/\/olemosaic.orbitalia.org\/fr\/wp-json\/wp\/v2\/product_brand?post=28428"},{"taxonomy":"product_cat","embeddable":true,"href":"https:\/\/olemosaic.orbitalia.org\/fr\/wp-json\/wp\/v2\/product_cat?post=28428"},{"taxonomy":"product_tag","embeddable":true,"href":"https:\/\/olemosaic.orbitalia.org\/fr\/wp-json\/wp\/v2\/product_tag?post=28428"}],"curies":[{"name":"wp","href":"https:\/\/api.w.org\/{rel}","templated":true}]}}