{"id":28424,"date":"2025-02-20T22:30:02","date_gmt":"2025-02-20T22:30:02","guid":{"rendered":"https:\/\/olemosaic.orbitalia.org\/producto\/bol-de-coco-beige-sagrada-familia-barcelona\/"},"modified":"2025-07-25T19:50:48","modified_gmt":"2025-07-25T17:50:48","slug":"bol-noix-de-coco-beige-sagrada-familia-barcelone","status":"publish","type":"product","link":"https:\/\/olemosaic.orbitalia.org\/fr\/produit\/bol-noix-de-coco-beige-sagrada-familia-barcelone\/","title":{"rendered":"Bol en noix de coco beige. Sagrada Familia. Barcelone."},"content":{"rendered":"<p>Ce bol en noix de coco beige est une pi\u00e8ce d\u00e9corative exquise inspir\u00e9e de l&#8217;embl\u00e9matique Sagrada Familia, l&rsquo;un des monuments les plus repr\u00e9sentatifs de Barcelone. Son design unique combine une surface polie avec un motif sophistiqu\u00e9 de cercles dans des tons beiges qui \u00e9voquent la beaut\u00e9 complexe de l&rsquo;architecture de Gaud\u00ed. Au centre, la gravure distinctive de la Sagrada Familia se d\u00e9tache avec \u00e9l\u00e9gance, apportant une touche culturelle qui r\u00e9sonne avec l&rsquo;esprit de la ville. Ce bol n&rsquo;est pas seulement un \u00e9l\u00e9ment d\u00e9coratif, mais aussi fonctionnel, id\u00e9al pour servir des ap\u00e9ritifs ou comme un centre de table attrayant qui captera l&rsquo;attention dans n&rsquo;importe quel foyer. L&rsquo;utilisation de la noix de coco comme mat\u00e9riau souligne son authenticit\u00e9 et son lien avec les traditions artisanales, en faisant un souvenir parfait pour ceux qui souhaitent emporter un petit morceau de Barcelone avec eux. Chez Ol\u00e9 Mosaic, nous sommes fiers de proposer des souvenirs comme ce bol en noix de coco qui refl\u00e8tent le riche h\u00e9ritage culturel de l&rsquo;Espagne. Ce produit est une excellente option pour les boutiques de cadeaux touristiques \u00e0 la recherche d&rsquo;articles authentiques et de qualit\u00e9, capables d&rsquo;offrir aux touristes un lien tangible avec leur exp\u00e9rience \u00e0 Barcelone.<\/p>\n","protected":false},"excerpt":{"rendered":"<p>Bol en noix de coco beige d\u00e9cor\u00e9 d&rsquo;un motif d\u00e9taill\u00e9 de la Sagrada Familia, le monument embl\u00e9matique de Barcelone. Cet \u00e9l\u00e9gant bol pr\u00e9sente une surface polie et lisse, orn\u00e9e d&rsquo;un motif de cercles dans des tons beiges \u00e9voquant la beaut\u00e9 de l&rsquo;architecture gaudinienne. La gravure distinctive de la Sagrada Familia au centre ajoute une touche culturelle, en faisant un souvenir id\u00e9al qui refl\u00e8te l&rsquo;esprit de la ville. Parfait tant pour un usage d\u00e9coratif que fonctionnel dans n&rsquo;importe quel foyer.<\/p>\n","protected":false},"featured_media":11859,"template":"","meta":{"_acf_changed":false},"product_brand":[],"product_cat":[521],"product_tag":[],"class_list":{"0":"post-28424","1":"product","2":"type-product","3":"status-publish","4":"has-post-thumbnail","6":"product_cat-bols","7":"pa_ciudad-barcelona","8":"pa_motivo-sagrada-familia","9":"pa_pais-espana","11":"first","12":"instock","13":"shipping-taxable","14":"product-type-simple"},"acf":[],"_links":{"self":[{"href":"https:\/\/olemosaic.orbitalia.org\/fr\/wp-json\/wp\/v2\/product\/28424","targetHints":{"allow":["GET"]}}],"collection":[{"href":"https:\/\/olemosaic.orbitalia.org\/fr\/wp-json\/wp\/v2\/product"}],"about":[{"href":"https:\/\/olemosaic.orbitalia.org\/fr\/wp-json\/wp\/v2\/types\/product"}],"wp:featuredmedia":[{"embeddable":true,"href":"https:\/\/olemosaic.orbitalia.org\/fr\/wp-json\/wp\/v2\/media\/11859"}],"wp:attachment":[{"href":"https:\/\/olemosaic.orbitalia.org\/fr\/wp-json\/wp\/v2\/media?parent=28424"}],"wp:term":[{"taxonomy":"product_brand","embeddable":true,"href":"https:\/\/olemosaic.orbitalia.org\/fr\/wp-json\/wp\/v2\/product_brand?post=28424"},{"taxonomy":"product_cat","embeddable":true,"href":"https:\/\/olemosaic.orbitalia.org\/fr\/wp-json\/wp\/v2\/product_cat?post=28424"},{"taxonomy":"product_tag","embeddable":true,"href":"https:\/\/olemosaic.orbitalia.org\/fr\/wp-json\/wp\/v2\/product_tag?post=28424"}],"curies":[{"name":"wp","href":"https:\/\/api.w.org\/{rel}","templated":true}]}}