{"id":28417,"date":"2025-02-20T22:30:02","date_gmt":"2025-02-20T22:30:02","guid":{"rendered":"https:\/\/olemosaic.orbitalia.org\/producto\/bol-de-coco-beige-caballito-de-mar-barcelona\/"},"modified":"2025-07-25T20:01:22","modified_gmt":"2025-07-25T18:01:22","slug":"bol-noix-de-coco-beige-hippocampe-barcelone","status":"publish","type":"product","link":"https:\/\/olemosaic.orbitalia.org\/fr\/produit\/bol-noix-de-coco-beige-hippocampe-barcelone\/","title":{"rendered":"Bol en noix de coco beige. Hippocampe. Barcelone."},"content":{"rendered":"<p>Ce bol en noix de coco beige est un v\u00e9ritable bijou artisanal qui renferme l&rsquo;essence marine de Barcelone. Avec un design \u00e9l\u00e9gant et une finition brillante, il se distingue par sa forme arrondie et ses d\u00e9licats d\u00e9tails d\u00e9coratifs. Au centre, un charmant hippocampe dans les tons rouge\u00e2tres devient l&rsquo;\u00e9l\u00e9ment central, symbolisant la riche vie marine de la M\u00e9diterran\u00e9e qui baigne les c\u00f4tes barcelonaises. Autour de l&rsquo;hippocampe, le bol pr\u00e9sente un motif d\u00e9coratif doux qui rehausse les teintes chaudes de la noix de coco, cr\u00e9ant un contraste harmonieux et attrayant.<\/p>\n<p>Le mot \u00ab\u00a0Barcelone\u00a0\u00bb est subtilement incorpor\u00e9, ajoutant une touche distinctive qui en fait un souvenir parfait et repr\u00e9sentatif de la ville. Ce bol n&rsquo;est pas seulement une pi\u00e8ce d\u00e9corative exquise, mais aussi un rappel des plages vibrantes et de l&rsquo;atmosph\u00e8re c\u00f4ti\u00e8re de Barcelone. Son authenticit\u00e9 et son lien culturel en font une excellente option pour les touristes qui souhaitent emporter un morceau de la ville.<\/p>\n<p>Chez Ol\u00e9 Mosaic, nous nous sp\u00e9cialisons dans la distribution de souvenirs en gros, et ce bol en noix de coco beige est id\u00e9al pour les boutiques de cadeaux touristiques \u00e0 la recherche de produits \u00e9l\u00e9gants avec une forte composante culturelle. En tant que grossistes de souvenirs, nous garantissons la qualit\u00e9 et l&rsquo;authenticit\u00e9 de chaque pi\u00e8ce, faisant de ce bol un article indispensable pour les amoureux de Barcelone.<\/p>\n","protected":false},"excerpt":{"rendered":"<p>Bol en noix de coco beige d\u00e9cor\u00e9 d&rsquo;un charmant hippocampe, \u00e9voquant l&rsquo;essence marine de Barcelone. Cet article artisanal pr\u00e9sente un design \u00e9l\u00e9gant, avec une finition brillante et des d\u00e9tails aux tons doux, rehauss\u00e9s par un motif d\u00e9coratif qui embellit sa forme arrondie. L&rsquo;hippocampe, dans les tons rouge\u00e2tres, et le mot \u00ab\u00a0Barcelone\u00a0\u00bb apportent une touche distinctive et attrayante, faisant de ce bol une pi\u00e8ce id\u00e9ale \u00e0 exposer ou \u00e0 utiliser dans n&rsquo;importe quel foyer.<\/p>\n","protected":false},"featured_media":11867,"template":"","meta":{"_acf_changed":false},"product_brand":[],"product_cat":[521],"product_tag":[530],"class_list":{"0":"post-28417","1":"product","2":"type-product","3":"status-publish","4":"has-post-thumbnail","6":"product_cat-bols","7":"product_tag-animaux","8":"pa_ciudad-barcelona","9":"pa_motivo-hippocampes","10":"pa_pais-espana","12":"first","13":"instock","14":"shipping-taxable","15":"product-type-simple"},"acf":[],"_links":{"self":[{"href":"https:\/\/olemosaic.orbitalia.org\/fr\/wp-json\/wp\/v2\/product\/28417","targetHints":{"allow":["GET"]}}],"collection":[{"href":"https:\/\/olemosaic.orbitalia.org\/fr\/wp-json\/wp\/v2\/product"}],"about":[{"href":"https:\/\/olemosaic.orbitalia.org\/fr\/wp-json\/wp\/v2\/types\/product"}],"wp:featuredmedia":[{"embeddable":true,"href":"https:\/\/olemosaic.orbitalia.org\/fr\/wp-json\/wp\/v2\/media\/11867"}],"wp:attachment":[{"href":"https:\/\/olemosaic.orbitalia.org\/fr\/wp-json\/wp\/v2\/media?parent=28417"}],"wp:term":[{"taxonomy":"product_brand","embeddable":true,"href":"https:\/\/olemosaic.orbitalia.org\/fr\/wp-json\/wp\/v2\/product_brand?post=28417"},{"taxonomy":"product_cat","embeddable":true,"href":"https:\/\/olemosaic.orbitalia.org\/fr\/wp-json\/wp\/v2\/product_cat?post=28417"},{"taxonomy":"product_tag","embeddable":true,"href":"https:\/\/olemosaic.orbitalia.org\/fr\/wp-json\/wp\/v2\/product_tag?post=28417"}],"curies":[{"name":"wp","href":"https:\/\/api.w.org\/{rel}","templated":true}]}}