{"id":28416,"date":"2025-02-20T23:30:02","date_gmt":"2025-02-20T22:30:02","guid":{"rendered":"https:\/\/olemosaic.orbitalia.org\/producto\/bol-de-coco-beige-tortuga\/"},"modified":"2025-07-25T20:06:01","modified_gmt":"2025-07-25T18:06:01","slug":"bol-noix-de-coco-beige-tortue","status":"publish","type":"product","link":"https:\/\/olemosaic.orbitalia.org\/fr\/produit\/bol-noix-de-coco-beige-tortue\/","title":{"rendered":"Bol en noix de coco beige. Tortue."},"content":{"rendered":"<p>Ce bol en noix de coco beige est un pr\u00e9cieux souvenir qui \u00e9voque l&rsquo;essence de la mer et de la nature. Con\u00e7u \u00e0 partir de coques de noix de coco recycl\u00e9es, cet article artisanal fusionne durabilit\u00e9 et esth\u00e9tique, ce qui en fait une option id\u00e9ale pour ceux qui recherchent une touche naturelle dans leur foyer. Sa finition brillante fait ressortir les diff\u00e9rentes nuances du mat\u00e9riau, tandis que le fond dans les tons beiges est compl\u00e9t\u00e9 par un d\u00e9licat motif de tortue au centre, symbolisant la richesse et la biodiversit\u00e9 marine. L&rsquo;illustration de la tortue, soigneusement \u00e9labor\u00e9e, ajoute un \u00e9l\u00e9ment ludique et charmant, transformant ce bol en un accessoire visuellement attrayant.<\/p>\n<p>Parfait pour servir des ap\u00e9ritifs, ce bol n&rsquo;est pas seulement fonctionnel, il agit \u00e9galement comme un \u00e9l\u00e9ment d\u00e9coratif frappant qui peut embellir n&rsquo;importe quel espace. Ce souvenir capture le lien culturel avec le folklore marin, repr\u00e9sentant la tradition d&rsquo;utiliser des mat\u00e9riaux naturels pour cr\u00e9er des objets artistiques et fonctionnels. Chez Ol\u00e9 Mosaic, nous nous consacrons \u00e0 la distribution de souvenirs en gros, en fournissant des articles uniques et authentiques comme ce bol en noix de coco. Id\u00e9al pour les boutiques de cadeaux touristiques, ce bol est un excellent cadeau, parfait pour ceux qui recherchent un souvenir repr\u00e9sentatif de leur voyage sur la c\u00f4te.<\/p>\n","protected":false},"excerpt":{"rendered":"<p>Bol en noix de coco beige d\u00e9cor\u00e9 d&rsquo;une tortue, id\u00e9al pour donner une touche naturelle \u00e0 votre maison. Cet article artisanal, fabriqu\u00e9 \u00e0 partir de coques de noix de coco, pr\u00e9sente un design tr\u00e8s sp\u00e9cial avec un fond dans les tons beiges et des d\u00e9tails de tortue au centre. Sa finition brillante souligne les nuances du mat\u00e9riau, tandis que les formes et les couleurs \u00e9voquent la richesse du folklore marin. Parfait pour servir des ap\u00e9ritifs ou comme \u00e9l\u00e9ment d\u00e9coratif.<\/p>\n","protected":false},"featured_media":11847,"template":"","meta":{"_acf_changed":false},"product_brand":[],"product_cat":[521],"product_tag":[530],"class_list":{"0":"post-28416","1":"product","2":"type-product","3":"status-publish","4":"has-post-thumbnail","6":"product_cat-bols","7":"product_tag-animaux","8":"pa_motivo-tortues","10":"first","11":"instock","12":"shipping-taxable","13":"product-type-simple"},"acf":[],"_links":{"self":[{"href":"https:\/\/olemosaic.orbitalia.org\/fr\/wp-json\/wp\/v2\/product\/28416","targetHints":{"allow":["GET"]}}],"collection":[{"href":"https:\/\/olemosaic.orbitalia.org\/fr\/wp-json\/wp\/v2\/product"}],"about":[{"href":"https:\/\/olemosaic.orbitalia.org\/fr\/wp-json\/wp\/v2\/types\/product"}],"wp:featuredmedia":[{"embeddable":true,"href":"https:\/\/olemosaic.orbitalia.org\/fr\/wp-json\/wp\/v2\/media\/11847"}],"wp:attachment":[{"href":"https:\/\/olemosaic.orbitalia.org\/fr\/wp-json\/wp\/v2\/media?parent=28416"}],"wp:term":[{"taxonomy":"product_brand","embeddable":true,"href":"https:\/\/olemosaic.orbitalia.org\/fr\/wp-json\/wp\/v2\/product_brand?post=28416"},{"taxonomy":"product_cat","embeddable":true,"href":"https:\/\/olemosaic.orbitalia.org\/fr\/wp-json\/wp\/v2\/product_cat?post=28416"},{"taxonomy":"product_tag","embeddable":true,"href":"https:\/\/olemosaic.orbitalia.org\/fr\/wp-json\/wp\/v2\/product_tag?post=28416"}],"curies":[{"name":"wp","href":"https:\/\/api.w.org\/{rel}","templated":true}]}}