{"id":28414,"date":"2025-02-20T22:30:01","date_gmt":"2025-02-20T22:30:01","guid":{"rendered":"https:\/\/olemosaic.orbitalia.org\/producto\/bol-de-coco-beige-ibiscus\/"},"modified":"2025-07-25T20:35:27","modified_gmt":"2025-07-25T18:35:27","slug":"bol-noix-de-coco-beige-hibiscus","status":"publish","type":"product","link":"https:\/\/olemosaic.orbitalia.org\/fr\/produit\/bol-noix-de-coco-beige-hibiscus\/","title":{"rendered":"Bol en noix de coco beige. Hibiscus."},"content":{"rendered":"<p>Ce bol en noix de coco beige est un v\u00e9ritable exemple de l&rsquo;artisanat insulaire, con\u00e7u pour ajouter une touche naturelle et \u00e9l\u00e9gante \u00e0 n&rsquo;importe quel int\u00e9rieur. Fabriqu\u00e9 de mani\u00e8re artisanale, ce bol se distingue par sa finition textur\u00e9e qui souligne la beaut\u00e9 du mat\u00e9riau naturel, \u00e9voquant l&rsquo;essence tropicale des \u00eeles. Au centre, une d\u00e9licate illustration stylis\u00e9e d&rsquo;hibiscus, symbole de beaut\u00e9 et de fra\u00eecheur, apporte un attrait visuel unique qui fait de ce bol une pi\u00e8ce d\u00e9corative id\u00e9ale. La palette de couleurs douces du bol compl\u00e8te l&rsquo;illustration, cr\u00e9ant un contraste parfait qui capte l&rsquo;attention et sublime l&rsquo;ambiance. Ce bol n&rsquo;est pas seulement parfait pour servir des ap\u00e9ritifs lors de r\u00e9unions, il se pr\u00e9sente \u00e9galement comme un article de d\u00e9coration polyvalent qui s&rsquo;adapte \u00e0 diff\u00e9rents styles d&rsquo;int\u00e9rieurs. Le lien culturel de l&rsquo;hibiscus et sa repr\u00e9sentation comme symbole d&rsquo;hospitalit\u00e9 dans diverses cultures en font un souvenir significatif des lieux qui l&rsquo;inspirent. Chez Ol\u00e9 Mosaic, sp\u00e9cialistes des souvenirs en gros, nous proposons des produits authentiques qui refl\u00e8tent la riche tradition artisanale, faisant de ce bol en noix de coco une excellente option pour les boutiques de cadeaux touristiques cherchant \u00e0 offrir un souvenir distinctif et culturellement pertinent.<\/p>\n","protected":false},"excerpt":{"rendered":"<p>Bol en noix de coco beige d\u00e9cor\u00e9 d&rsquo;un joli motif d&rsquo;hibiscus. Cet \u00e9l\u00e9gant bol, fabriqu\u00e9 artisanalement, pr\u00e9sente une finition textur\u00e9e qui combine des \u00e9l\u00e9ments naturels et des couleurs douces, id\u00e9al pour sublimer n&rsquo;importe quel foyer. Son design inclut une illustration stylis\u00e9e d&rsquo;hibiscus au centre, ajoutant une touche distinctive et tropicale. Parfait comme \u00e9l\u00e9ment d\u00e9coratif ou pour servir des ap\u00e9ritifs lors de r\u00e9unions.<\/p>\n","protected":false},"featured_media":13508,"template":"","meta":{"_acf_changed":false},"product_brand":[],"product_cat":[521],"product_tag":[],"class_list":{"0":"post-28414","1":"product","2":"type-product","3":"status-publish","4":"has-post-thumbnail","6":"product_cat-bols","7":"pa_motivo-hibiscus","9":"first","10":"instock","11":"shipping-taxable","12":"product-type-simple"},"acf":[],"_links":{"self":[{"href":"https:\/\/olemosaic.orbitalia.org\/fr\/wp-json\/wp\/v2\/product\/28414","targetHints":{"allow":["GET"]}}],"collection":[{"href":"https:\/\/olemosaic.orbitalia.org\/fr\/wp-json\/wp\/v2\/product"}],"about":[{"href":"https:\/\/olemosaic.orbitalia.org\/fr\/wp-json\/wp\/v2\/types\/product"}],"wp:featuredmedia":[{"embeddable":true,"href":"https:\/\/olemosaic.orbitalia.org\/fr\/wp-json\/wp\/v2\/media\/13508"}],"wp:attachment":[{"href":"https:\/\/olemosaic.orbitalia.org\/fr\/wp-json\/wp\/v2\/media?parent=28414"}],"wp:term":[{"taxonomy":"product_brand","embeddable":true,"href":"https:\/\/olemosaic.orbitalia.org\/fr\/wp-json\/wp\/v2\/product_brand?post=28414"},{"taxonomy":"product_cat","embeddable":true,"href":"https:\/\/olemosaic.orbitalia.org\/fr\/wp-json\/wp\/v2\/product_cat?post=28414"},{"taxonomy":"product_tag","embeddable":true,"href":"https:\/\/olemosaic.orbitalia.org\/fr\/wp-json\/wp\/v2\/product_tag?post=28414"}],"curies":[{"name":"wp","href":"https:\/\/api.w.org\/{rel}","templated":true}]}}