{"id":28377,"date":"2025-02-20T23:30:00","date_gmt":"2025-02-20T22:30:00","guid":{"rendered":"https:\/\/olemosaic.orbitalia.org\/producto\/bol-de-coco-beige-sardina-lisboa\/"},"modified":"2025-07-25T18:42:17","modified_gmt":"2025-07-25T16:42:17","slug":"bol-en-noix-de-coco-beige-sardine-lisbonne","status":"publish","type":"product","link":"https:\/\/olemosaic.orbitalia.org\/fr\/produit\/bol-en-noix-de-coco-beige-sardine-lisbonne\/","title":{"rendered":"Bol en noix de coco beige. Sardine. Lisbonne."},"content":{"rendered":"<p>Ce bol en noix de coco beige, d\u00e9cor\u00e9 de motifs de sardine, est une pi\u00e8ce exceptionnelle qui refl\u00e8te la riche tradition de la p\u00eache \u00e0 Lisbonne. Fabriqu\u00e9 avec de la noix de coco de haute qualit\u00e9, il pr\u00e9sente un design tr\u00e8s sp\u00e9cial dans les tons beiges qui simule la texture douce et brillante de la coque, cr\u00e9ant un attrait visuel parfait pour n&rsquo;importe quelle table. Au centre, un \u00e9l\u00e9gant dessin de sardine se d\u00e9tache, symbolisant l&rsquo;h\u00e9ritage gastronomique de la ville et sa relation intime avec l&rsquo;oc\u00e9an Atlantique. De plus, le texte \u00ab\u00a0Lisboa\u00a0\u00bb grav\u00e9 avec pr\u00e9cision souligne son authenticit\u00e9 en tant que souvenir repr\u00e9sentatif de la capitale portugaise.<\/p>\n<p>Id\u00e9al aussi bien comme pi\u00e8ce d\u00e9corative que pour servir des ap\u00e9ritifs, sa forme curviligne et chaleureuse ajoute une touche culturelle unique \u00e0 n&rsquo;importe quel environnement. Ce bol ne devient pas seulement un objet fonctionnel, mais aussi un souvenir inoubliable de la culture et de la tradition vibrantes de Lisbonne, parfait pour les touristes \u00e0 la recherche de souvenirs authentiques. Chez Ol\u00e9 Mosaic, nous sommes sp\u00e9cialistes de la distribution de souvenirs en gros, et ce bol en noix de coco est une excellente option pour les boutiques de cadeaux touristiques souhaitant proposer des produits ayant une signification culturelle. En tant que grossiste de souvenirs de Lisbonne, nous garantissons la qualit\u00e9 et l&rsquo;authenticit\u00e9 de chaque article, assurant que chaque client emporte un morceau de l&rsquo;\u00e2me de Lisbonne.<\/p>\n","protected":false},"excerpt":{"rendered":"<p>Bol en noix de coco beige d\u00e9cor\u00e9 de motifs de sardines, repr\u00e9sentant la riche tradition de la p\u00eache \u00e0 Lisbonne. Ce joli bol pr\u00e9sente un design tr\u00e8s sp\u00e9cial avec des d\u00e9tails dans les tons beiges et une finition brillante, id\u00e9al pour ajouter une touche culturelle \u00e0 votre table. Parfait comme pi\u00e8ce d\u00e9corative ou pour servir des ap\u00e9ritifs, son \u00e9l\u00e9gante forme et l&rsquo;inscription \u00ab\u00a0Lisboa\u00a0\u00bb au centre en font un souvenir inoubliable de cette ville vibrante.<\/p>\n","protected":false},"featured_media":12034,"template":"","meta":{"_acf_changed":false},"product_brand":[],"product_cat":[521],"product_tag":[530],"class_list":{"0":"post-28377","1":"product","2":"type-product","3":"status-publish","4":"has-post-thumbnail","6":"product_cat-bols","7":"product_tag-animaux","8":"pa_ciudad-lisboa","9":"pa_motivo-sardines","10":"pa_pais-portugal","12":"first","13":"instock","14":"shipping-taxable","15":"product-type-simple"},"acf":[],"_links":{"self":[{"href":"https:\/\/olemosaic.orbitalia.org\/fr\/wp-json\/wp\/v2\/product\/28377","targetHints":{"allow":["GET"]}}],"collection":[{"href":"https:\/\/olemosaic.orbitalia.org\/fr\/wp-json\/wp\/v2\/product"}],"about":[{"href":"https:\/\/olemosaic.orbitalia.org\/fr\/wp-json\/wp\/v2\/types\/product"}],"wp:featuredmedia":[{"embeddable":true,"href":"https:\/\/olemosaic.orbitalia.org\/fr\/wp-json\/wp\/v2\/media\/12034"}],"wp:attachment":[{"href":"https:\/\/olemosaic.orbitalia.org\/fr\/wp-json\/wp\/v2\/media?parent=28377"}],"wp:term":[{"taxonomy":"product_brand","embeddable":true,"href":"https:\/\/olemosaic.orbitalia.org\/fr\/wp-json\/wp\/v2\/product_brand?post=28377"},{"taxonomy":"product_cat","embeddable":true,"href":"https:\/\/olemosaic.orbitalia.org\/fr\/wp-json\/wp\/v2\/product_cat?post=28377"},{"taxonomy":"product_tag","embeddable":true,"href":"https:\/\/olemosaic.orbitalia.org\/fr\/wp-json\/wp\/v2\/product_tag?post=28377"}],"curies":[{"name":"wp","href":"https:\/\/api.w.org\/{rel}","templated":true}]}}