{"id":28376,"date":"2025-02-20T22:30:00","date_gmt":"2025-02-20T22:30:00","guid":{"rendered":"https:\/\/olemosaic.orbitalia.org\/producto\/bol-de-coco-beige-delfin-menorca\/"},"modified":"2025-07-25T18:50:08","modified_gmt":"2025-07-25T16:50:08","slug":"bol-en-noix-de-coco-beige-dauphin-minorque","status":"publish","type":"product","link":"https:\/\/olemosaic.orbitalia.org\/fr\/produit\/bol-en-noix-de-coco-beige-dauphin-minorque\/","title":{"rendered":"Bol en noix de coco beige. Dauphin. Minorque."},"content":{"rendered":"<p>Ce bol en noix de coco beige avec un motif de dauphin est un charmant souvenir de Minorque, capturant l&rsquo;essence de la M\u00e9diterran\u00e9e et la beaut\u00e9 naturelle de l&rsquo;\u00eele. \u00c9labor\u00e9 avec des mat\u00e9riaux durables, ce bol pr\u00e9sente une surface polie qui met en valeur ses d\u00e9licates taches dans les tons beiges, \u00e9voquant le sable des plages minorquines et la tranquillit\u00e9 de son environnement naturel. Au centre, une illustration d&rsquo;un dauphin dans un ton terre cuite chaleureux symbolise la riche vie marine qui entoure l&rsquo;\u00eele, cr\u00e9ant un contraste parfait avec le fond du bol. Son \u00e9l\u00e9gance n&rsquo;en fait pas seulement un objet pratique id\u00e9al pour servir des ap\u00e9ritifs, mais il fonctionne \u00e9galement comme une pi\u00e8ce d\u00e9corative qui apportera une touche m\u00e9diterran\u00e9enne \u00e0 n&rsquo;importe quel foyer.<\/p>\n<p>Ce bol en noix de coco est plus qu&rsquo;un simple souvenir ; c&rsquo;est un symbole de la culture minorquine et un rappel de son impressionnante biodiversit\u00e9. Chez Ol\u00e9 Mosaic, nous proposons la meilleure s\u00e9lection de souvenirs en gros, et ce bol repr\u00e9sente une excellente option pour les boutiques de cadeaux touristiques \u00e0 la recherche de produits authentiques et de qualit\u00e9. Avec sa pertinence culturelle et son attrait visuel, ce bol en noix de coco beige devient un cadeau parfait pour ceux qui souhaitent emporter un morceau de Minorque chez eux. En tant que grossiste d&rsquo;articles de d\u00e9coration, nous garantissons que ce produit sera un succ\u00e8s aupr\u00e8s des touristes \u00e0 la recherche de souvenirs uniques et significatifs.<\/p>\n","protected":false},"excerpt":{"rendered":"<p>Bol en noix de coco beige avec un motif de dauphin, inspir\u00e9 par la beaut\u00e9 de Minorque. Cet \u00e9l\u00e9gant bol pr\u00e9sente une surface polie et d\u00e9corative, avec des taches dans les tons beiges qui \u00e9voquent les couleurs naturelles de l&rsquo;\u00eele. L&rsquo;illustration centrale d&rsquo;un dauphin, dans un ton terre cuite chaleureux, ajoute une touche sp\u00e9ciale qui souligne son origine marine. Id\u00e9al pour servir des ap\u00e9ritifs ou comme pi\u00e8ce d\u00e9corative dans n&rsquo;importe quel foyer, refl\u00e9tant l&rsquo;essence m\u00e9diterran\u00e9enne.<\/p>\n","protected":false},"featured_media":11911,"template":"","meta":{"_acf_changed":false},"product_brand":[],"product_cat":[521],"product_tag":[530],"class_list":{"0":"post-28376","1":"product","2":"type-product","3":"status-publish","4":"has-post-thumbnail","6":"product_cat-bols","7":"product_tag-animaux","8":"pa_ciudad-menorca","9":"pa_motivo-dauphins","10":"pa_pais-espana","12":"first","13":"instock","14":"shipping-taxable","15":"product-type-simple"},"acf":[],"_links":{"self":[{"href":"https:\/\/olemosaic.orbitalia.org\/fr\/wp-json\/wp\/v2\/product\/28376","targetHints":{"allow":["GET"]}}],"collection":[{"href":"https:\/\/olemosaic.orbitalia.org\/fr\/wp-json\/wp\/v2\/product"}],"about":[{"href":"https:\/\/olemosaic.orbitalia.org\/fr\/wp-json\/wp\/v2\/types\/product"}],"wp:featuredmedia":[{"embeddable":true,"href":"https:\/\/olemosaic.orbitalia.org\/fr\/wp-json\/wp\/v2\/media\/11911"}],"wp:attachment":[{"href":"https:\/\/olemosaic.orbitalia.org\/fr\/wp-json\/wp\/v2\/media?parent=28376"}],"wp:term":[{"taxonomy":"product_brand","embeddable":true,"href":"https:\/\/olemosaic.orbitalia.org\/fr\/wp-json\/wp\/v2\/product_brand?post=28376"},{"taxonomy":"product_cat","embeddable":true,"href":"https:\/\/olemosaic.orbitalia.org\/fr\/wp-json\/wp\/v2\/product_cat?post=28376"},{"taxonomy":"product_tag","embeddable":true,"href":"https:\/\/olemosaic.orbitalia.org\/fr\/wp-json\/wp\/v2\/product_tag?post=28376"}],"curies":[{"name":"wp","href":"https:\/\/api.w.org\/{rel}","templated":true}]}}