{"id":28365,"date":"2025-02-20T23:29:59","date_gmt":"2025-02-20T22:29:59","guid":{"rendered":"https:\/\/olemosaic.orbitalia.org\/producto\/bol-de-coco-azul-sardina-4\/"},"modified":"2025-07-25T17:52:51","modified_gmt":"2025-07-25T15:52:51","slug":"bol-noix-de-coco-bleu-sardine-portugal-fr","status":"publish","type":"product","link":"https:\/\/olemosaic.orbitalia.org\/fr\/produit\/bol-noix-de-coco-bleu-sardine-portugal-fr\/","title":{"rendered":"Bol en noix de coco bleu. Sardine. Portugal."},"content":{"rendered":"<p>Ce bol en noix de coco bleu, inspir\u00e9 du folklore portugais, est une pi\u00e8ce charmante qui capture l&rsquo;essence de la c\u00f4te du Portugal. D\u00e9cor\u00e9 d&rsquo;un motif vibrant de sardines, ce produit artisanal pr\u00e9sente une finition peinte \u00e0 la main dans des tons bleus attrayants qui \u00e9voquent les eaux cristallines de l&rsquo;oc\u00e9an Atlantique. Sa forme ovale, avec un bord sombre, lui conf\u00e8re un caract\u00e8re distinctif et \u00e9l\u00e9gant, parfait pour n&rsquo;importe quel environnement.<\/p>\n<p>Les d\u00e9tails artistiques du bol simulent une mosa\u00efque de cercles dans diverses nuances de bleu, cr\u00e9ant un lien visuel avec la tradition de la p\u00eache de la r\u00e9gion. Les sardines, symbole repr\u00e9sentatif de la gastronomie portugaise, non seulement embellissent le design, mais \u00e9voquent \u00e9galement la saveur de la c\u00f4te, servant de rappel de la riche culture culinaire du pays. Ce bol est plus qu&rsquo;un simple ustensile ; il devient un beau souvenir qui permet aux touristes de ramener un morceau de l&rsquo;h\u00e9ritage portugais chez eux.<\/p>\n<p>Chez Ol\u00e9 Mosaic, nous nous sp\u00e9cialisons dans la distribution de souvenirs en gros, et ce bol en noix de coco bleu est une excellente option pour les boutiques de cadeaux touristiques qui recherchent des produits authentiques et de haute qualit\u00e9. Sa connexion culturelle pertinente et son attrait visuel en font un souvenir id\u00e9al de l&rsquo;exp\u00e9rience portugaise.<\/p>\n","protected":false},"excerpt":{"rendered":"<p>Bol en noix de coco bleu inspir\u00e9 du folklore portugais, d\u00e9cor\u00e9 d&rsquo;un design attrayant de sardines. Ce bol original, au design artisanal peint \u00e0 la main dans des tons bleus, pr\u00e9sente un bord sombre qui souligne sa forme ovale. Les d\u00e9tails artistiques simulent une mosa\u00efque avec des cercles de diff\u00e9rentes nuances, \u00e9voquant la mer et la tradition de la p\u00eache portugaise. Un souvenir parfait pour apporter une touche de la c\u00f4te portugaise \u00e0 votre maison.<\/p>\n","protected":false},"featured_media":11984,"template":"","meta":{"_acf_changed":false},"product_brand":[],"product_cat":[521],"product_tag":[530],"class_list":{"0":"post-28365","1":"product","2":"type-product","3":"status-publish","4":"has-post-thumbnail","6":"product_cat-bols","7":"product_tag-animaux","8":"pa_motivo-sardines","9":"pa_pais-portugal","11":"first","12":"instock","13":"shipping-taxable","14":"product-type-simple"},"acf":[],"_links":{"self":[{"href":"https:\/\/olemosaic.orbitalia.org\/fr\/wp-json\/wp\/v2\/product\/28365","targetHints":{"allow":["GET"]}}],"collection":[{"href":"https:\/\/olemosaic.orbitalia.org\/fr\/wp-json\/wp\/v2\/product"}],"about":[{"href":"https:\/\/olemosaic.orbitalia.org\/fr\/wp-json\/wp\/v2\/types\/product"}],"wp:featuredmedia":[{"embeddable":true,"href":"https:\/\/olemosaic.orbitalia.org\/fr\/wp-json\/wp\/v2\/media\/11984"}],"wp:attachment":[{"href":"https:\/\/olemosaic.orbitalia.org\/fr\/wp-json\/wp\/v2\/media?parent=28365"}],"wp:term":[{"taxonomy":"product_brand","embeddable":true,"href":"https:\/\/olemosaic.orbitalia.org\/fr\/wp-json\/wp\/v2\/product_brand?post=28365"},{"taxonomy":"product_cat","embeddable":true,"href":"https:\/\/olemosaic.orbitalia.org\/fr\/wp-json\/wp\/v2\/product_cat?post=28365"},{"taxonomy":"product_tag","embeddable":true,"href":"https:\/\/olemosaic.orbitalia.org\/fr\/wp-json\/wp\/v2\/product_tag?post=28365"}],"curies":[{"name":"wp","href":"https:\/\/api.w.org\/{rel}","templated":true}]}}