{"id":28341,"date":"2025-02-20T23:29:59","date_gmt":"2025-02-20T22:29:59","guid":{"rendered":"https:\/\/olemosaic.orbitalia.org\/producto\/bol-de-coco-azul-salamandra-5\/"},"modified":"2025-07-25T20:33:35","modified_gmt":"2025-07-25T18:33:35","slug":"bol-noix-de-coco-bleu-salamandre-5","status":"publish","type":"product","link":"https:\/\/olemosaic.orbitalia.org\/fr\/produit\/bol-noix-de-coco-bleu-salamandre-5\/","title":{"rendered":"Bol en noix de coco bleu. Salamandre. Style m\u00e9diterran\u00e9en."},"content":{"rendered":"<p>Ce bol en noix de coco bleu, orn\u00e9 d&rsquo;une charmante salamandre, est un exemple exceptionnel d&rsquo;artisanat traditionnel qui exalte la biodiversit\u00e9 de la r\u00e9gion. Fabriqu\u00e9 \u00e0 partir de coques de noix de coco, le bol se distingue par son design unique, peint \u00e0 la main avec des tons bleut\u00e9s qui \u00e9voquent la fra\u00eecheur de la nature. Autour du bord, des motifs color\u00e9s en forme de c\u0153urs ajoutent un air ludique et vibrant, faisant de chaque pi\u00e8ce un objet exclusif et attrayant. Au centre, la salamandre, finement repr\u00e9sent\u00e9e, ne sert pas seulement d&rsquo;\u00e9l\u00e9ment d\u00e9coratif, mais symbolise \u00e9galement la riche faune locale, ancrant le bol dans un contexte culturel significatif.<\/p>\n<p>Ce bol est id\u00e9al pour servir des ap\u00e9ritifs, comme pi\u00e8ce d\u00e9corative ou comme cadeau capturant l&rsquo;essence de la tradition artisanale. Son design est non seulement fonctionnel, mais agit \u00e9galement comme un rappel tangible de la culture et de la biodiversit\u00e9 de la r\u00e9gion. Chez Ol\u00e9 Mosaic, nous proposons des souvenirs authentiques qui c\u00e9l\u00e8brent l&rsquo;h\u00e9ritage culturel de l&rsquo;Espagne et du Portugal. Ce bol en noix de coco bleu est une excellente option pour les boutiques de souvenirs touristiques \u00e0 la recherche d&rsquo;articles uniques et repr\u00e9sentatifs. En tant que grossistes de produits artisanaux, nous garantissons la qualit\u00e9 et l&rsquo;authenticit\u00e9 de chaque pi\u00e8ce, faisant de ce bol un souvenir inoubliable pour tout touriste.<\/p>\n","protected":false},"excerpt":{"rendered":"<p>Bol en noix de coco bleu d\u00e9cor\u00e9 d&rsquo;une sympathique salamandre repr\u00e9sentant la biodiversit\u00e9. Ce bol exclusif est fabriqu\u00e9 \u00e0 partir de coques de noix de coco et se distingue par son design artisanal, peint \u00e0 la main, avec des tons bleut\u00e9s et des motifs color\u00e9s en forme de c\u0153urs autour du bord. La salamandre, finement repr\u00e9sent\u00e9e au centre, ajoute une touche artistique qui rehausse la richesse culturelle et naturelle de la r\u00e9gion. Id\u00e9al pour servir, d\u00e9corer ou comme cadeau repr\u00e9sentatif de la tradition artisanale.<\/p>\n","protected":false},"featured_media":10279,"template":"","meta":{"_acf_changed":false},"product_brand":[],"product_cat":[521],"product_tag":[530],"class_list":{"0":"post-28341","1":"product","2":"type-product","3":"status-publish","4":"has-post-thumbnail","6":"product_cat-bols","7":"product_tag-animaux","8":"pa_motivo-salamandres","10":"first","11":"instock","12":"shipping-taxable","13":"product-type-simple"},"acf":[],"_links":{"self":[{"href":"https:\/\/olemosaic.orbitalia.org\/fr\/wp-json\/wp\/v2\/product\/28341","targetHints":{"allow":["GET"]}}],"collection":[{"href":"https:\/\/olemosaic.orbitalia.org\/fr\/wp-json\/wp\/v2\/product"}],"about":[{"href":"https:\/\/olemosaic.orbitalia.org\/fr\/wp-json\/wp\/v2\/types\/product"}],"wp:featuredmedia":[{"embeddable":true,"href":"https:\/\/olemosaic.orbitalia.org\/fr\/wp-json\/wp\/v2\/media\/10279"}],"wp:attachment":[{"href":"https:\/\/olemosaic.orbitalia.org\/fr\/wp-json\/wp\/v2\/media?parent=28341"}],"wp:term":[{"taxonomy":"product_brand","embeddable":true,"href":"https:\/\/olemosaic.orbitalia.org\/fr\/wp-json\/wp\/v2\/product_brand?post=28341"},{"taxonomy":"product_cat","embeddable":true,"href":"https:\/\/olemosaic.orbitalia.org\/fr\/wp-json\/wp\/v2\/product_cat?post=28341"},{"taxonomy":"product_tag","embeddable":true,"href":"https:\/\/olemosaic.orbitalia.org\/fr\/wp-json\/wp\/v2\/product_tag?post=28341"}],"curies":[{"name":"wp","href":"https:\/\/api.w.org\/{rel}","templated":true}]}}