{"id":28338,"date":"2025-02-20T23:29:58","date_gmt":"2025-02-20T22:29:58","guid":{"rendered":"https:\/\/olemosaic.orbitalia.org\/producto\/bol-de-coco-azul-salamandra-barcelona-4\/"},"modified":"2025-07-25T20:12:10","modified_gmt":"2025-07-25T18:12:10","slug":"bol-noix-de-coco-bleu-salamandre-barcelone-4","status":"publish","type":"product","link":"https:\/\/olemosaic.orbitalia.org\/fr\/produit\/bol-noix-de-coco-bleu-salamandre-barcelone-4\/","title":{"rendered":"Bol en noix de coco bleu. Salamandre. Barcelone. Motif c\u0153urs."},"content":{"rendered":"<p>Ce bol en noix de coco bleu, d\u00e9cor\u00e9 d&rsquo;une mosa\u00efque vibrante, est une pi\u00e8ce unique qui capture l&rsquo;essence color\u00e9e de Barcelone. Son design pr\u00e9sente trois salamandres dans des tons terre cuite, entour\u00e9es de c\u0153urs vibrants et de pi\u00e8ces de c\u00e9ramique dans des tons bleus et verts, cr\u00e9ant un effet visuel qui \u00e9voque la riche flore et faune de la r\u00e9gion. L&rsquo;inscription \u00ab\u00a0Barcelona\u00a0\u00bb brille au centre du bol, soulignant le lien culturel avec cette ville catalane embl\u00e9matique.<\/p>\n<p>L&rsquo;utilisation de la noix de coco comme mat\u00e9riau principal souligne non seulement l&rsquo;authenticit\u00e9 de ce souvenir, mais apporte \u00e9galement une touche rustique et naturelle. Id\u00e9al aussi bien pour servir des ap\u00e9ritifs que pour \u00eatre utilis\u00e9 comme \u00e9l\u00e9ment d\u00e9coratif, ce bol allie fonctionnalit\u00e9 et art dans chaque d\u00e9tail. La translucidit\u00e9 de la finition de la noix de coco permet \u00e0 la lumi\u00e8re de jouer avec les couleurs de la mosa\u00efque, cr\u00e9ant une atmosph\u00e8re chaleureuse et vibrante.<\/p>\n<p>Ce bol repr\u00e9sente un souvenir authentique et significatif de Barcelone, parfait pour les touristes qui souhaitent ramener un petit morceau de la culture catalane chez eux. Chez Ol\u00e9 Mosaic, nous nous consacrons \u00e0 la distribution de souvenirs de qualit\u00e9 en gros, et ce bol se positionne comme une excellente option pour les boutiques de souvenirs touristiques qui veulent proposer des produits authentiques et artistiques. Avec son design captivant et son lien culturel, c&rsquo;est le souvenir id\u00e9al qui enchante ceux qui visitent la ville.<\/p>\n","protected":false},"excerpt":{"rendered":"<p>Bol en noix de coco bleu d\u00e9cor\u00e9 d&rsquo;une mosa\u00efque color\u00e9e inspir\u00e9e de la faune barcelonaise. Ce bol attrayant pr\u00e9sente trois salamandres dans des tons terre cuite, entour\u00e9es de c\u0153urs vibrants et de pi\u00e8ces de c\u00e9ramique en bleu et vert. L&rsquo;inscription \u00ab\u00a0Barcelona\u00a0\u00bb au centre se distingue par une finition brillante. Id\u00e9al pour servir des ap\u00e9ritifs ou comme \u00e9l\u00e9ment d\u00e9coratif, ce bol allie fonctionnalit\u00e9 et design artistique, \u00e9voquant la riche culture catalane.<\/p>\n","protected":false},"featured_media":10339,"template":"","meta":{"_acf_changed":false},"product_brand":[],"product_cat":[521],"product_tag":[530],"class_list":{"0":"post-28338","1":"product","2":"type-product","3":"status-publish","4":"has-post-thumbnail","6":"product_cat-bols","7":"product_tag-animaux","8":"pa_ciudad-barcelona","9":"pa_motivo-salamandres","10":"pa_pais-espana","12":"first","13":"instock","14":"shipping-taxable","15":"product-type-simple"},"acf":[],"_links":{"self":[{"href":"https:\/\/olemosaic.orbitalia.org\/fr\/wp-json\/wp\/v2\/product\/28338","targetHints":{"allow":["GET"]}}],"collection":[{"href":"https:\/\/olemosaic.orbitalia.org\/fr\/wp-json\/wp\/v2\/product"}],"about":[{"href":"https:\/\/olemosaic.orbitalia.org\/fr\/wp-json\/wp\/v2\/types\/product"}],"wp:featuredmedia":[{"embeddable":true,"href":"https:\/\/olemosaic.orbitalia.org\/fr\/wp-json\/wp\/v2\/media\/10339"}],"wp:attachment":[{"href":"https:\/\/olemosaic.orbitalia.org\/fr\/wp-json\/wp\/v2\/media?parent=28338"}],"wp:term":[{"taxonomy":"product_brand","embeddable":true,"href":"https:\/\/olemosaic.orbitalia.org\/fr\/wp-json\/wp\/v2\/product_brand?post=28338"},{"taxonomy":"product_cat","embeddable":true,"href":"https:\/\/olemosaic.orbitalia.org\/fr\/wp-json\/wp\/v2\/product_cat?post=28338"},{"taxonomy":"product_tag","embeddable":true,"href":"https:\/\/olemosaic.orbitalia.org\/fr\/wp-json\/wp\/v2\/product_tag?post=28338"}],"curies":[{"name":"wp","href":"https:\/\/api.w.org\/{rel}","templated":true}]}}