{"id":28337,"date":"2025-02-20T23:29:58","date_gmt":"2025-02-20T22:29:58","guid":{"rendered":"https:\/\/olemosaic.orbitalia.org\/producto\/bol-de-coco-azul-flamenco-5\/"},"modified":"2025-07-25T20:05:31","modified_gmt":"2025-07-25T18:05:31","slug":"bol-noix-de-coco-bleu-flamant-rose-5","status":"publish","type":"product","link":"https:\/\/olemosaic.orbitalia.org\/fr\/produit\/bol-noix-de-coco-bleu-flamant-rose-5\/","title":{"rendered":"Bol en noix de coco bleu. Flamant rose. Espagne."},"content":{"rendered":"<p>Ce bol en noix de coco bleu, orn\u00e9 d&rsquo;un design exquis de flamants roses, est une pi\u00e8ce artisanale qui capture l&rsquo;essence de la faune espagnole. Sa base en noix de coco naturelle est compl\u00e9t\u00e9e par une finition dans des tons bleus et dor\u00e9s, cr\u00e9ant un effet visuel captivant qui attirera tous les regards. Au centre du bol, deux flamants roses stylis\u00e9s se distinguent, repr\u00e9sentant non seulement la beaut\u00e9 de ces oiseaux, mais aussi la riche biodiversit\u00e9 que l&rsquo;on trouve dans les r\u00e9gions c\u00f4ti\u00e8res d&rsquo;Espagne.<\/p>\n<p>Le design pr\u00e9sente des textures naturelles qui soulignent l&rsquo;\u00e9l\u00e9gance du bol, en faisant un objet parfait pour \u00eatre utilis\u00e9 comme centre de table ou pour apporter une touche exotique \u00e0 n&rsquo;importe quel espace. Ses couleurs et sa forme unique lui permettent de s&rsquo;adapter \u00e0 diverses d\u00e9corations, des plus contemporaines aux plus traditionnelles, offrant toujours un air de sophistication.<\/p>\n<p>Ce bol n&rsquo;est pas seulement un \u00e9l\u00e9ment d\u00e9coratif attrayant, mais aussi un souvenir authentique qui refl\u00e8te la culture et les traditions artisanales de l&rsquo;Espagne. Id\u00e9al comme souvenir pour les touristes \u00e0 la recherche de plus qu&rsquo;un simple cadeau, ce bol en noix de coco est une repr\u00e9sentation parfaite du lien entre la faune et l&rsquo;artisanat local. Chez Ol\u00e9 Mosaic, nous nous engageons dans la distribution de produits artisanaux en gros, ce qui garantit que ce bol de flamants roses soit une option de choix pour les boutiques de souvenirs touristiques souhaitant proposer des articles ayant une valeur culturelle significative.<\/p>\n","protected":false},"excerpt":{"rendered":"<p>Bol en noix de coco bleu d\u00e9cor\u00e9 d&rsquo;un motif de flamants roses \u00e9voquant la faune espagnole. Ce produit artisanal combine une base en noix de coco avec une finition dans des tons bleus et dor\u00e9s, cr\u00e9ant un effet visuel captivant. L&rsquo;image de deux flamants roses au centre apporte une touche distinctive, encadr\u00e9e par des textures naturelles qui soulignent son \u00e9l\u00e9gance. Id\u00e9al comme centre de table ou pour donner une touche exotique \u00e0 tout espace.<\/p>\n","protected":false},"featured_media":13433,"template":"","meta":{"_acf_changed":false},"product_brand":[],"product_cat":[521],"product_tag":[530],"class_list":{"0":"post-28337","1":"product","2":"type-product","3":"status-publish","4":"has-post-thumbnail","6":"product_cat-bols","7":"product_tag-animaux","8":"pa_motivo-flamants-roses","10":"first","11":"instock","12":"shipping-taxable","13":"product-type-simple"},"acf":[],"_links":{"self":[{"href":"https:\/\/olemosaic.orbitalia.org\/fr\/wp-json\/wp\/v2\/product\/28337","targetHints":{"allow":["GET"]}}],"collection":[{"href":"https:\/\/olemosaic.orbitalia.org\/fr\/wp-json\/wp\/v2\/product"}],"about":[{"href":"https:\/\/olemosaic.orbitalia.org\/fr\/wp-json\/wp\/v2\/types\/product"}],"wp:featuredmedia":[{"embeddable":true,"href":"https:\/\/olemosaic.orbitalia.org\/fr\/wp-json\/wp\/v2\/media\/13433"}],"wp:attachment":[{"href":"https:\/\/olemosaic.orbitalia.org\/fr\/wp-json\/wp\/v2\/media?parent=28337"}],"wp:term":[{"taxonomy":"product_brand","embeddable":true,"href":"https:\/\/olemosaic.orbitalia.org\/fr\/wp-json\/wp\/v2\/product_brand?post=28337"},{"taxonomy":"product_cat","embeddable":true,"href":"https:\/\/olemosaic.orbitalia.org\/fr\/wp-json\/wp\/v2\/product_cat?post=28337"},{"taxonomy":"product_tag","embeddable":true,"href":"https:\/\/olemosaic.orbitalia.org\/fr\/wp-json\/wp\/v2\/product_tag?post=28337"}],"curies":[{"name":"wp","href":"https:\/\/api.w.org\/{rel}","templated":true}]}}