{"id":28321,"date":"2025-02-20T23:29:57","date_gmt":"2025-02-20T22:29:57","guid":{"rendered":"https:\/\/olemosaic.orbitalia.org\/producto\/bol-de-coco-azul-flamenco-4\/"},"modified":"2025-07-25T20:11:01","modified_gmt":"2025-07-25T18:11:01","slug":"bol-en-noix-de-coco-bleu-flamant-rose-4","status":"publish","type":"product","link":"https:\/\/olemosaic.orbitalia.org\/fr\/produit\/bol-en-noix-de-coco-bleu-flamant-rose-4\/","title":{"rendered":"Bol en noix de coco bleu. Flamant rose. Andalousie."},"content":{"rendered":"<p>Ce bol en noix de coco bleu peint \u00e0 la main est un v\u00e9ritable joyau de l&rsquo;artisanat m\u00e9diterran\u00e9en, con\u00e7u pour apporter une touche de fra\u00eecheur et de style \u00e0 n&rsquo;importe quel espace. Son int\u00e9rieur bleu vibrant se distingue par un motif d\u00e9licat de flamants roses avec par\u00e9o, \u00e9l\u00e9gamment encadr\u00e9 par des d\u00e9tails blancs qui refl\u00e8tent la beaut\u00e9 de la nature. Les flamants roses, symboles de la vie sauvage espagnole, \u00e9voquent l&rsquo;essence des c\u00f4tes baign\u00e9es de soleil, repr\u00e9sentant la connexion de ce produit avec la riche biodiversit\u00e9 de la r\u00e9gion.<\/p>\n<p>La finition du bol souligne la texture unique de la noix de coco, tandis que les touches de couleur et les d\u00e9tails ornementaux cr\u00e9ent une pi\u00e8ce \u00e0 la fois d\u00e9corative et fonctionnelle. Ce bol en noix de coco n&rsquo;est pas seulement id\u00e9al pour servir de petits ap\u00e9ritifs ou remplir une fonction d\u00e9corative dans la maison, mais il devient \u00e9galement un souvenir repr\u00e9sentatif de la culture m\u00e9diterran\u00e9enne, parfait pour se souvenir de vacances ou partager un morceau d&rsquo;Espagne avec des amis et la famille.<\/p>\n<p>Chez Ol\u00e9 Mosaic, nous sommes distributeurs de souvenirs authentiques en gros, et ce bol en noix de coco bleu est une excellente option pour les boutiques de cadeaux touristiques qui cherchent \u00e0 offrir des produits symbolisant la beaut\u00e9 et le folklore de l&rsquo;Espagne. En tant que grossistes en accessoires d\u00e9coratifs, nous sommes fiers de pr\u00e9senter un artisanat de qualit\u00e9 qui met en valeur l&rsquo;identit\u00e9 culturelle de nos r\u00e9gions.<\/p>\n","protected":false},"excerpt":{"rendered":"<p>Bol en noix de coco bleu au design artisanal, peint \u00e0 la main, d\u00e9cor\u00e9 d&rsquo;un \u00e9l\u00e9gant motif de flamants roses. Ce pr\u00e9cieux bol pr\u00e9sente une couleur bleue vibrante \u00e0 l&rsquo;int\u00e9rieur, entour\u00e9e de d\u00e9tails blancs qui encadrent la charmante illustration. La figure centrale montre deux flamants roses avec par\u00e9o, apportant une touche de nature et de folklore espagnol. Id\u00e9al pour donner une touche d\u00e9corative \u00e0 n&rsquo;importe quel espace, ce bol est une repr\u00e9sentation unique de la culture m\u00e9diterran\u00e9enne.<\/p>\n","protected":false},"featured_media":13405,"template":"","meta":{"_acf_changed":false},"product_brand":[],"product_cat":[521],"product_tag":[530],"class_list":{"0":"post-28321","1":"product","2":"type-product","3":"status-publish","4":"has-post-thumbnail","6":"product_cat-bols","7":"product_tag-animaux","8":"pa_motivo-flamants-roses","10":"first","11":"instock","12":"shipping-taxable","13":"product-type-simple"},"acf":[],"_links":{"self":[{"href":"https:\/\/olemosaic.orbitalia.org\/fr\/wp-json\/wp\/v2\/product\/28321","targetHints":{"allow":["GET"]}}],"collection":[{"href":"https:\/\/olemosaic.orbitalia.org\/fr\/wp-json\/wp\/v2\/product"}],"about":[{"href":"https:\/\/olemosaic.orbitalia.org\/fr\/wp-json\/wp\/v2\/types\/product"}],"wp:featuredmedia":[{"embeddable":true,"href":"https:\/\/olemosaic.orbitalia.org\/fr\/wp-json\/wp\/v2\/media\/13405"}],"wp:attachment":[{"href":"https:\/\/olemosaic.orbitalia.org\/fr\/wp-json\/wp\/v2\/media?parent=28321"}],"wp:term":[{"taxonomy":"product_brand","embeddable":true,"href":"https:\/\/olemosaic.orbitalia.org\/fr\/wp-json\/wp\/v2\/product_brand?post=28321"},{"taxonomy":"product_cat","embeddable":true,"href":"https:\/\/olemosaic.orbitalia.org\/fr\/wp-json\/wp\/v2\/product_cat?post=28321"},{"taxonomy":"product_tag","embeddable":true,"href":"https:\/\/olemosaic.orbitalia.org\/fr\/wp-json\/wp\/v2\/product_tag?post=28321"}],"curies":[{"name":"wp","href":"https:\/\/api.w.org\/{rel}","templated":true}]}}