{"id":28318,"date":"2025-02-20T23:29:57","date_gmt":"2025-02-20T22:29:57","guid":{"rendered":"https:\/\/olemosaic.orbitalia.org\/producto\/bol-de-coco-azul-sagrada-familia-barcelona-3\/"},"modified":"2025-07-25T19:00:38","modified_gmt":"2025-07-25T17:00:38","slug":"bol-en-noix-de-coco-bleu-sagrada-familia-barcelone-3","status":"publish","type":"product","link":"https:\/\/olemosaic.orbitalia.org\/fr\/produit\/bol-en-noix-de-coco-bleu-sagrada-familia-barcelone-3\/","title":{"rendered":"Bol en noix de coco bleu. Sagrada Familia. Mosa\u00efque. Barcelone."},"content":{"rendered":"<p>Ce bol en noix de coco bleu, inspir\u00e9 par l&#8217;embl\u00e9matique Sagrada Familia de Barcelone, est un v\u00e9ritable hommage \u00e0 l&rsquo;architecture et \u00e0 l&rsquo;art de la cit\u00e9 comtale. Avec un design \u00e9l\u00e9gant qui \u00e9voque les vitraux m\u00e9morables de la c\u00e9l\u00e8bre basilique, il pr\u00e9sente une palette de bleus vibrants, orn\u00e9e de petites gouttes aux tons vari\u00e9s qui apportent profondeur et texture, recr\u00e9ant la lumi\u00e8re qui filtre \u00e0 travers les vitraux gothiques et modernistes. Au centre du bol, un graphique repr\u00e9sentant la Sagrada Familia se d\u00e9tache, compl\u00e9t\u00e9 par le mot \u00ab\u00a0Barcelona\u00a0\u00bb, qui renforce sa connexion avec ce chef-d&rsquo;\u0153uvre iconique d&rsquo;Antoni Gaud\u00ed. La finition en noix de coco lui donne non seulement une touche artisanale, mais garantit \u00e9galement sa singularit\u00e9, en faisant une pi\u00e8ce remarquable parmi les souvenirs de Barcelone. Ce bol n&rsquo;est pas seulement fonctionnel ; c&rsquo;est un souvenir culturel qui permet aux touristes de ramener chez eux un morceau de l&rsquo;histoire et de l&rsquo;art de la ville. Chez Ol\u00e9 Mosaic, nous nous sp\u00e9cialisons dans la distribution de souvenirs en gros, offrant des produits authentiques et de haute qualit\u00e9 qui refl\u00e8tent l&rsquo;essence de leur origine. Ce bol en noix de coco bleu est une excellente option pour les boutiques de cadeaux touristiques souhaitant proposer des souvenirs repr\u00e9sentatifs et \u00e9l\u00e9gants de Barcelone.<\/p>\n","protected":false},"excerpt":{"rendered":"<p>Bol en noix de coco bleu inspir\u00e9 par l&#8217;embl\u00e9matique Sagrada Familia de Barcelone. Ce bol attrayant pr\u00e9sente un design \u00e9l\u00e9gant avec des tons bleus \u00e9voquant les vitraux m\u00e9morables de la c\u00e9l\u00e8bre basilique, d\u00e9cor\u00e9 de petites gouttes aux tons vari\u00e9s qui apportent texture et profondeur. Au centre, un graphique repr\u00e9sentant la Sagrada Familia se d\u00e9tache, compl\u00e9t\u00e9 par le mot \u00ab\u00a0Barcelona\u00a0\u00bb. Sa finition en noix de coco lui conf\u00e8re une touche artisanale et distinctive.<\/p>\n","protected":false},"featured_media":11857,"template":"","meta":{"_acf_changed":false},"product_brand":[],"product_cat":[521],"product_tag":[],"class_list":{"0":"post-28318","1":"product","2":"type-product","3":"status-publish","4":"has-post-thumbnail","6":"product_cat-bols","7":"pa_ciudad-barcelona","8":"pa_motivo-sagrada-familia","9":"pa_pais-espana","11":"first","12":"instock","13":"shipping-taxable","14":"product-type-simple"},"acf":[],"_links":{"self":[{"href":"https:\/\/olemosaic.orbitalia.org\/fr\/wp-json\/wp\/v2\/product\/28318","targetHints":{"allow":["GET"]}}],"collection":[{"href":"https:\/\/olemosaic.orbitalia.org\/fr\/wp-json\/wp\/v2\/product"}],"about":[{"href":"https:\/\/olemosaic.orbitalia.org\/fr\/wp-json\/wp\/v2\/types\/product"}],"wp:featuredmedia":[{"embeddable":true,"href":"https:\/\/olemosaic.orbitalia.org\/fr\/wp-json\/wp\/v2\/media\/11857"}],"wp:attachment":[{"href":"https:\/\/olemosaic.orbitalia.org\/fr\/wp-json\/wp\/v2\/media?parent=28318"}],"wp:term":[{"taxonomy":"product_brand","embeddable":true,"href":"https:\/\/olemosaic.orbitalia.org\/fr\/wp-json\/wp\/v2\/product_brand?post=28318"},{"taxonomy":"product_cat","embeddable":true,"href":"https:\/\/olemosaic.orbitalia.org\/fr\/wp-json\/wp\/v2\/product_cat?post=28318"},{"taxonomy":"product_tag","embeddable":true,"href":"https:\/\/olemosaic.orbitalia.org\/fr\/wp-json\/wp\/v2\/product_tag?post=28318"}],"curies":[{"name":"wp","href":"https:\/\/api.w.org\/{rel}","templated":true}]}}