{"id":28317,"date":"2025-02-20T23:29:57","date_gmt":"2025-02-20T22:29:57","guid":{"rendered":"https:\/\/olemosaic.orbitalia.org\/producto\/bol-de-coco-azul-isla-tenerife-2\/"},"modified":"2025-07-25T19:00:14","modified_gmt":"2025-07-25T17:00:14","slug":"bol-en-noix-de-coco-bleu-ile-tenerife-2","status":"publish","type":"product","link":"https:\/\/olemosaic.orbitalia.org\/fr\/produit\/bol-en-noix-de-coco-bleu-ile-tenerife-2\/","title":{"rendered":"Bol en noix de coco bleu. \u00cele de Tenerife. Canaries. Fond marin."},"content":{"rendered":"<p>Ce bol en noix de coco bleu est une repr\u00e9sentation exquise de la beaut\u00e9 naturelle de Tenerife, l&rsquo;un des joyaux de l&rsquo;archipel des Canaries. Cet article \u00e9l\u00e9gant pr\u00e9sente un design captivant dans des tons bleus qui \u00e9voquent la mer et les vagues de l&rsquo;oc\u00e9an Atlantique. Sa finition brillante souligne la lumi\u00e8re, cr\u00e9ant un effet visuel qui attire l&rsquo;attention et apporte une touche de fra\u00eecheur \u00e0 n&rsquo;importe quel espace. D\u00e9cor\u00e9 de motifs aux formes rondes rappelant les galets du littoral canarien, ce bol est aussi fonctionnel qu&rsquo;esth\u00e9tiquement impressionnant, id\u00e9al pour servir des ap\u00e9ritifs ou comme pi\u00e8ce d\u00e9corative dans la maison.<\/p>\n<p>Au centre du bol, la silhouette de l&rsquo;\u00eele de Tenerife se d\u00e9tache, imprim\u00e9e avec une touche artisanale qui souligne l&rsquo;authenticit\u00e9 du produit. Ce design ne c\u00e9l\u00e8bre pas seulement la g\u00e9ographie de l&rsquo;\u00eele, mais connecte \u00e9galement les utilisateurs \u00e0 la culture et \u00e0 l&rsquo;histoire de Tenerife, faisant de ce bol un souvenir repr\u00e9sentatif qui capture l&rsquo;essence de la r\u00e9gion. Parfait pour les touristes \u00e0 la recherche de souvenirs uniques, ce bol en noix de coco bleu est une excellente option pour les boutiques de cadeaux touristiques qui souhaitent proposer des produits de qualit\u00e9 et ayant une signification culturelle. Chez Ol\u00e9 Mosaic, nous sommes fiers d&rsquo;\u00eatre distributeurs d&rsquo;articles authentiques comme celui-ci, garantissant la satisfaction de nos clients grossistes en souvenirs.<\/p>\n","protected":false},"excerpt":{"rendered":"<p>Bol en noix de coco bleu, inspir\u00e9 par la beaut\u00e9 naturelle de l&rsquo;\u00eele de Tenerife. Ce bol \u00e9l\u00e9gant pr\u00e9sente un design dans des tons bleus, avec une finition brillante qui imite les vagues de l&rsquo;oc\u00e9an et est d\u00e9cor\u00e9 de motifs aux formes arrondies rappelant les pierres du littoral canarien. Au centre, la silhouette de l&rsquo;\u00eele de Tenerife se d\u00e9tache, imprim\u00e9e avec une touche artisanale. Id\u00e9al pour servir ou comme pi\u00e8ce d\u00e9corative, il allie fonctionnalit\u00e9 et esth\u00e9tique dans une \u0153uvre unique.<\/p>\n","protected":false},"featured_media":11917,"template":"","meta":{"_acf_changed":false},"product_brand":[],"product_cat":[521],"product_tag":[],"class_list":{"0":"post-28317","1":"product","2":"type-product","3":"status-publish","4":"has-post-thumbnail","6":"product_cat-bols","7":"pa_ciudad-tenerife","8":"pa_motivo-iles","9":"pa_pais-espana","11":"first","12":"instock","13":"shipping-taxable","14":"product-type-simple"},"acf":[],"_links":{"self":[{"href":"https:\/\/olemosaic.orbitalia.org\/fr\/wp-json\/wp\/v2\/product\/28317","targetHints":{"allow":["GET"]}}],"collection":[{"href":"https:\/\/olemosaic.orbitalia.org\/fr\/wp-json\/wp\/v2\/product"}],"about":[{"href":"https:\/\/olemosaic.orbitalia.org\/fr\/wp-json\/wp\/v2\/types\/product"}],"wp:featuredmedia":[{"embeddable":true,"href":"https:\/\/olemosaic.orbitalia.org\/fr\/wp-json\/wp\/v2\/media\/11917"}],"wp:attachment":[{"href":"https:\/\/olemosaic.orbitalia.org\/fr\/wp-json\/wp\/v2\/media?parent=28317"}],"wp:term":[{"taxonomy":"product_brand","embeddable":true,"href":"https:\/\/olemosaic.orbitalia.org\/fr\/wp-json\/wp\/v2\/product_brand?post=28317"},{"taxonomy":"product_cat","embeddable":true,"href":"https:\/\/olemosaic.orbitalia.org\/fr\/wp-json\/wp\/v2\/product_cat?post=28317"},{"taxonomy":"product_tag","embeddable":true,"href":"https:\/\/olemosaic.orbitalia.org\/fr\/wp-json\/wp\/v2\/product_tag?post=28317"}],"curies":[{"name":"wp","href":"https:\/\/api.w.org\/{rel}","templated":true}]}}