{"id":28315,"date":"2025-02-20T23:29:56","date_gmt":"2025-02-20T22:29:56","guid":{"rendered":"https:\/\/olemosaic.orbitalia.org\/producto\/bol-de-coco-azul-salamandra-tenerife-5\/"},"modified":"2025-07-25T19:34:45","modified_gmt":"2025-07-25T17:34:45","slug":"bol-en-noix-de-coco-bleu-salamandre-tenerife-5","status":"publish","type":"product","link":"https:\/\/olemosaic.orbitalia.org\/fr\/produit\/bol-en-noix-de-coco-bleu-salamandre-tenerife-5\/","title":{"rendered":"Bol en noix de coco bleu. Salamandre. Tenerife. Canaries."},"content":{"rendered":"<p>Ce bol en noix de coco bleu est une pi\u00e8ce unique qui capture l&rsquo;essence vibrante de Tenerife, id\u00e9al pour ceux qui recherchent un souvenir authentique des \u00eeles Canaries. Avec un fond bleu intense impressionnant, ce bol se distingue visuellement gr\u00e2ce \u00e0 son design central, o\u00f9 une \u00e9l\u00e9gante salamandre, symbole de la faune locale, est la protagoniste. Les bords sont orn\u00e9s de d\u00e9licats \u00e9l\u00e9ments ornementaux dans des tons clairs qui compl\u00e8tent le bleu et ajoutent une touche de sophistication.<\/p>\n<p>Le mot \u00ab\u00a0TENERIFE\u00a0\u00bb est soigneusement imprim\u00e9 au fond, apportant une touche personnelle et une connexion unique avec l&rsquo;\u00eele. Ce bol peint \u00e0 la main n&rsquo;est pas seulement un objet d\u00e9coratif charmant, mais il peut aussi \u00eatre utilis\u00e9 au quotidien, apportant un morceau des Canaries \u00e0 table. La salamandre, associ\u00e9e \u00e0 la richesse naturelle de Tenerife, symbolise l&rsquo;adaptation et la diversit\u00e9 de la faune insulaire, faisant de ce bol un souvenir qui, en plus d&rsquo;\u00eatre esth\u00e9tiquement attrayant, poss\u00e8de une profonde signification culturelle.<\/p>\n<p>Chez Ol\u00e9 Mosaic, nous sommes distributeurs de souvenirs en gros, et ce bol en noix de coco bleu est une excellente option pour les boutiques de cadeaux touristiques qui cherchent \u00e0 offrir \u00e0 leurs clients un morceau authentique de Tenerife. Avec son design tr\u00e8s sp\u00e9cial et sa pertinence culturelle, ce bol est le souvenir id\u00e9al pour ceux qui souhaitent emporter un morceau des magnifiques \u00eeles Canaries.<\/p>\n","protected":false},"excerpt":{"rendered":"<p>Bol en noix de coco bleu d\u00e9cor\u00e9 d&rsquo;un motif attrayant de salamandre, symbole de Tenerife. Ce bol charmant pr\u00e9sente un fond bleu vibrant et des bords orn\u00e9s d&rsquo;\u00e9l\u00e9ments ornementaux dans des tons clairs, mettant en valeur la figure d&rsquo;une salamandre au centre. Le texte \u00ab\u00a0TENERIFE\u00a0\u00bb est imprim\u00e9 de mani\u00e8re claire, apportant une touche personnelle \u00e0 cet article. Id\u00e9al comme objet d\u00e9coratif ou pour un usage quotidien, c&rsquo;est une pi\u00e8ce au design artisanal, peinte \u00e0 la main, qui capture l&rsquo;essence des \u00eeles Canaries.<\/p>\n","protected":false},"featured_media":11791,"template":"","meta":{"_acf_changed":false},"product_brand":[],"product_cat":[521],"product_tag":[530],"class_list":{"0":"post-28315","1":"product","2":"type-product","3":"status-publish","4":"has-post-thumbnail","6":"product_cat-bols","7":"product_tag-animaux","8":"pa_ciudad-tenerife","9":"pa_motivo-salamandres","10":"pa_pais-espana","12":"first","13":"instock","14":"shipping-taxable","15":"product-type-simple"},"acf":[],"_links":{"self":[{"href":"https:\/\/olemosaic.orbitalia.org\/fr\/wp-json\/wp\/v2\/product\/28315","targetHints":{"allow":["GET"]}}],"collection":[{"href":"https:\/\/olemosaic.orbitalia.org\/fr\/wp-json\/wp\/v2\/product"}],"about":[{"href":"https:\/\/olemosaic.orbitalia.org\/fr\/wp-json\/wp\/v2\/types\/product"}],"wp:featuredmedia":[{"embeddable":true,"href":"https:\/\/olemosaic.orbitalia.org\/fr\/wp-json\/wp\/v2\/media\/11791"}],"wp:attachment":[{"href":"https:\/\/olemosaic.orbitalia.org\/fr\/wp-json\/wp\/v2\/media?parent=28315"}],"wp:term":[{"taxonomy":"product_brand","embeddable":true,"href":"https:\/\/olemosaic.orbitalia.org\/fr\/wp-json\/wp\/v2\/product_brand?post=28315"},{"taxonomy":"product_cat","embeddable":true,"href":"https:\/\/olemosaic.orbitalia.org\/fr\/wp-json\/wp\/v2\/product_cat?post=28315"},{"taxonomy":"product_tag","embeddable":true,"href":"https:\/\/olemosaic.orbitalia.org\/fr\/wp-json\/wp\/v2\/product_tag?post=28315"}],"curies":[{"name":"wp","href":"https:\/\/api.w.org\/{rel}","templated":true}]}}