{"id":28314,"date":"2025-02-20T23:29:56","date_gmt":"2025-02-20T22:29:56","guid":{"rendered":"https:\/\/olemosaic.orbitalia.org\/producto\/bol-de-coco-azul-flor-3\/"},"modified":"2025-07-25T18:53:12","modified_gmt":"2025-07-25T16:53:12","slug":"bol-en-noix-de-coco-bleu-fleur-3","status":"publish","type":"product","link":"https:\/\/olemosaic.orbitalia.org\/fr\/produit\/bol-en-noix-de-coco-bleu-fleur-3\/","title":{"rendered":"Bol en noix de coco bleu. Salamandre. Tenerife. Canaries."},"content":{"rendered":"<p>Ce bol en noix de coco bleu est une pi\u00e8ce unique qui capture l&rsquo;essence du folklore m\u00e9diterran\u00e9en. \u00c9labor\u00e9 \u00e0 partir de coques de noix de coco recycl\u00e9es, ce bol se distingue par son design peint \u00e0 la main, pr\u00e9sentant une magnifique fleur au centre, entour\u00e9e d&rsquo;une bordure vibrante d&rsquo;hexagones dans des tons bleus et verts, avec des motifs en forme de c\u0153ur. La combinaison de couleurs vibrantes et l&rsquo;artisanat soign\u00e9 cr\u00e9ent un objet attrayant qui n&rsquo;est pas seulement fonctionnel, mais aussi une \u0153uvre d&rsquo;art d\u00e9corative.<\/p>\n<p>Les d\u00e9tails du centre r\u00e9v\u00e8lent la ma\u00eetrise des artisans, qui ont employ\u00e9 des techniques traditionnelles pour rehausser la beaut\u00e9 de la noix de coco, apportant un caract\u00e8re authentique et artisanal \u00e0 ce souvenir. Ce bol ne sert pas seulement de souvenir de vos voyages, mais refl\u00e8te \u00e9galement la riche culture m\u00e9diterran\u00e9enne et ses traditions artistiques.<\/p>\n<p>Chez Ol\u00e9 Mosaic, nous proposons ce bol en noix de coco comme une excellente option pour les boutiques de cadeaux touristiques \u00e0 la recherche de produits authentiques et uniques. En tant que grossistes de souvenirs en coque de noix de coco, nous garantissons la qualit\u00e9 et l&rsquo;originalit\u00e9 de chaque pi\u00e8ce, en faisant le souvenir id\u00e9al pour ceux qui souhaitent ramener un morceau de la culture m\u00e9diterran\u00e9enne chez eux.<\/p>\n","protected":false},"excerpt":{"rendered":"<p>Bol en noix de coco bleu d\u00e9cor\u00e9 de motifs floraux et de couleurs vibrantes. Ce bol attrayant, \u00e9labor\u00e9 \u00e0 partir de coques de noix de coco, pr\u00e9sente un design artisanal, peint \u00e0 la main, avec une magnifique fleur au centre, entour\u00e9e d&rsquo;une bordure d&rsquo;hexagones dans des tons bleus et verts, avec des d\u00e9tails en forme de c\u0153ur. Son esth\u00e9tique artisanale et son originalit\u00e9 en font un souvenir id\u00e9al refl\u00e9tant l&rsquo;essence du folklore m\u00e9diterran\u00e9en.<\/p>\n","protected":false},"featured_media":10299,"template":"","meta":{"_acf_changed":false},"product_brand":[],"product_cat":[521],"product_tag":[],"class_list":{"0":"post-28314","1":"product","2":"type-product","3":"status-publish","4":"has-post-thumbnail","6":"product_cat-bols","7":"pa_motivo-fleurs","9":"first","10":"instock","11":"shipping-taxable","12":"product-type-simple"},"acf":[],"_links":{"self":[{"href":"https:\/\/olemosaic.orbitalia.org\/fr\/wp-json\/wp\/v2\/product\/28314","targetHints":{"allow":["GET"]}}],"collection":[{"href":"https:\/\/olemosaic.orbitalia.org\/fr\/wp-json\/wp\/v2\/product"}],"about":[{"href":"https:\/\/olemosaic.orbitalia.org\/fr\/wp-json\/wp\/v2\/types\/product"}],"wp:featuredmedia":[{"embeddable":true,"href":"https:\/\/olemosaic.orbitalia.org\/fr\/wp-json\/wp\/v2\/media\/10299"}],"wp:attachment":[{"href":"https:\/\/olemosaic.orbitalia.org\/fr\/wp-json\/wp\/v2\/media?parent=28314"}],"wp:term":[{"taxonomy":"product_brand","embeddable":true,"href":"https:\/\/olemosaic.orbitalia.org\/fr\/wp-json\/wp\/v2\/product_brand?post=28314"},{"taxonomy":"product_cat","embeddable":true,"href":"https:\/\/olemosaic.orbitalia.org\/fr\/wp-json\/wp\/v2\/product_cat?post=28314"},{"taxonomy":"product_tag","embeddable":true,"href":"https:\/\/olemosaic.orbitalia.org\/fr\/wp-json\/wp\/v2\/product_tag?post=28314"}],"curies":[{"name":"wp","href":"https:\/\/api.w.org\/{rel}","templated":true}]}}