{"id":28266,"date":"2025-02-20T23:29:55","date_gmt":"2025-02-20T22:29:55","guid":{"rendered":"https:\/\/olemosaic.orbitalia.org\/producto\/bol-de-coco-azul-isla-mallorca-4\/"},"modified":"2025-07-25T19:55:00","modified_gmt":"2025-07-25T17:55:00","slug":"bol-noix-de-coco-bleu-ile-majorque-4","status":"publish","type":"product","link":"https:\/\/olemosaic.orbitalia.org\/fr\/produit\/bol-noix-de-coco-bleu-ile-majorque-4\/","title":{"rendered":"Bol en noix de coco bleu. \u00cele. Majorque. Bal\u00e9ares."},"content":{"rendered":"<p>Ce bol en noix de coco bleu est une pi\u00e8ce artisanale impressionnante qui capture l&rsquo;essence vibrante de l&rsquo;\u00eele de Majorque. Son int\u00e9rieur pr\u00e9sente un magnifique ton bleu profond, orn\u00e9 de la silhouette de l&rsquo;\u00eele et du nom \u00ab\u00a0MAJORQUE\u00a0\u00bb dans un cadre \u00e9l\u00e9gant d\u00e9cor\u00e9 de d\u00e9tails blancs. Fabriqu\u00e9 \u00e0 partir de coques de noix de coco, ce bol se distingue non seulement par son esth\u00e9tique, mais aussi par son caract\u00e8re \u00e9cologique et durable, ce qui en fait une excellente option pour ceux qui recherchent des souvenirs uniques et responsables. La technique artisanale utilis\u00e9e pour sa cr\u00e9ation garantit que chaque bol est une pi\u00e8ce unique, avec des nuances et des textures qui refl\u00e8tent la beaut\u00e9 naturelle du paysage majorquin. Id\u00e9al aussi bien comme pi\u00e8ce d\u00e9corative dans la maison que pour un usage quotidien, ce bol \u00e9voque la brise rafra\u00eechissante de la mer des Bal\u00e9ares et la chaleur de sa culture. De plus, il repr\u00e9sente un authentique souvenir de Majorque, parfait pour les touristes qui souhaitent emporter avec eux un fragment de cette \u00eele charmante. Chez Ol\u00e9 Mosaic, nous nous sp\u00e9cialisons dans la distribution de souvenirs en gros, et ce bol en noix de coco bleu est un choix parfait pour les boutiques de cadeaux touristiques \u00e0 la recherche de produits authentiques et culturellement significatifs.<\/p>\n","protected":false},"excerpt":{"rendered":"<p>Bol en noix de coco bleu, inspir\u00e9 par l&rsquo;\u00eele de Majorque. Ce bol attrayant pr\u00e9sente un design vibrant dans les tons bleus, avec la silhouette de l&rsquo;\u00eele et le nom \u00ab\u00a0MAJORQUE\u00a0\u00bb dans un cadre d\u00e9cor\u00e9 de d\u00e9tails blancs. Fabriqu\u00e9 artisanalement \u00e0 partir de coques de noix de coco, son \u00e9laboration lui conf\u00e8re un caract\u00e8re unique et \u00e9cologique. Id\u00e9al comme pi\u00e8ce d\u00e9corative ou pour un usage quotidien, il \u00e9voque la beaut\u00e9 du paysage majorquin \u00e0 chaque utilisation.<\/p>\n","protected":false},"featured_media":11767,"template":"","meta":{"_acf_changed":false},"product_brand":[],"product_cat":[521],"product_tag":[],"class_list":{"0":"post-28266","1":"product","2":"type-product","3":"status-publish","4":"has-post-thumbnail","6":"product_cat-bols","7":"pa_ciudad-mallorca","8":"pa_motivo-iles","9":"pa_pais-espana","11":"first","12":"instock","13":"shipping-taxable","14":"product-type-simple"},"acf":[],"_links":{"self":[{"href":"https:\/\/olemosaic.orbitalia.org\/fr\/wp-json\/wp\/v2\/product\/28266","targetHints":{"allow":["GET"]}}],"collection":[{"href":"https:\/\/olemosaic.orbitalia.org\/fr\/wp-json\/wp\/v2\/product"}],"about":[{"href":"https:\/\/olemosaic.orbitalia.org\/fr\/wp-json\/wp\/v2\/types\/product"}],"wp:featuredmedia":[{"embeddable":true,"href":"https:\/\/olemosaic.orbitalia.org\/fr\/wp-json\/wp\/v2\/media\/11767"}],"wp:attachment":[{"href":"https:\/\/olemosaic.orbitalia.org\/fr\/wp-json\/wp\/v2\/media?parent=28266"}],"wp:term":[{"taxonomy":"product_brand","embeddable":true,"href":"https:\/\/olemosaic.orbitalia.org\/fr\/wp-json\/wp\/v2\/product_brand?post=28266"},{"taxonomy":"product_cat","embeddable":true,"href":"https:\/\/olemosaic.orbitalia.org\/fr\/wp-json\/wp\/v2\/product_cat?post=28266"},{"taxonomy":"product_tag","embeddable":true,"href":"https:\/\/olemosaic.orbitalia.org\/fr\/wp-json\/wp\/v2\/product_tag?post=28266"}],"curies":[{"name":"wp","href":"https:\/\/api.w.org\/{rel}","templated":true}]}}