{"id":28256,"date":"2025-02-20T23:29:54","date_gmt":"2025-02-20T22:29:54","guid":{"rendered":"https:\/\/olemosaic.orbitalia.org\/producto\/bol-de-coco-azul-mariposa-4\/"},"modified":"2025-07-25T19:46:40","modified_gmt":"2025-07-25T17:46:40","slug":"bol-de-coco-bleu-papillon-4","status":"publish","type":"product","link":"https:\/\/olemosaic.orbitalia.org\/fr\/produit\/bol-de-coco-bleu-papillon-4\/","title":{"rendered":"Bol de coco bleu. Papillon."},"content":{"rendered":"<p>Ce bol en noix de coco bleu est un chef-d&rsquo;\u0153uvre artisanal qui apporte une touche de couleur et d&rsquo;\u00e9l\u00e9gance \u00e0 n&rsquo;importe quel coin de la maison. Son design charmant pr\u00e9sente un fond bleu vibrant orn\u00e9 d&rsquo;un d\u00e9licat papillon au centre, symbolisant la transformation et la beaut\u00e9 de la nature. Les bords du bol, de couleur blanche, cr\u00e9ent un contraste chaleureux qui rehausse l&rsquo;esth\u00e9tique de l&rsquo;objet et en fait une pi\u00e8ce attrayante. Chaque bol est fabriqu\u00e9 de mani\u00e8re artisanale \u00e0 partir de coques de noix de coco, ce qui garantit que chaque unit\u00e9 est unique, refl\u00e9tant la beaut\u00e9 naturelle du mat\u00e9riau avec ses imperfections et ses variations.<\/p>\n<p>Ce bol n&rsquo;est pas seulement d\u00e9coratif, mais aussi fonctionnel, id\u00e9al pour servir des ap\u00e9ritifs, ranger de petits objets ou simplement comme \u00e9l\u00e9ment d\u00e9coratif sur n&rsquo;importe quelle surface. De plus, l&rsquo;utilisation de mat\u00e9riaux naturels renforce sa connexion avec la culture et la tradition, en faisant un souvenir significatif de son origine. Ce bol en noix de coco bleu repr\u00e9sente le riche h\u00e9ritage artisanal et constitue un excellent souvenir pour les touristes \u00e0 la recherche de pi\u00e8ces authentiques et exclusives.<\/p>\n<p>Chez Ol\u00e9 Mosaic, nous nous sp\u00e9cialisons dans la distribution de souvenirs en gros, offrant des produits authentiques qui capturent l&rsquo;essence de leur origine. Ce bol en noix de coco est une option id\u00e9ale pour les boutiques de cadeaux touristiques qui souhaitent proposer des souvenirs uniques et culturellement significatifs. En tant que grossistes en artisanat, nous garantissons la qualit\u00e9 et l&rsquo;authenticit\u00e9 de chaque pi\u00e8ce, soulignant sa connexion culturelle pertinente dans le domaine des souvenirs.<\/p>\n","protected":false},"excerpt":{"rendered":"<p>Bol en noix de coco bleu d\u00e9cor\u00e9 d&rsquo;un d\u00e9licat papillon au centre, id\u00e9al pour donner une touche de couleur \u00e0 n&rsquo;importe quel coin de votre maison. Ce bol attrayant pr\u00e9sente une finition dans des tons bleus, avec des d\u00e9tails blancs bordant son p\u00e9rim\u00e8tre, cr\u00e9ant une atmosph\u00e8re harmonieuse et \u00e9l\u00e9gante. Fabriqu\u00e9 \u00e0 partir de coque de noix de coco, chaque pi\u00e8ce est unique, montrant la beaut\u00e9 naturelle du mat\u00e9riau combin\u00e9e \u00e0 l&rsquo;art de la d\u00e9coration artisanale, peinte \u00e0 la main. Parfait comme \u00e9l\u00e9ment d\u00e9coratif ou pour un usage fonctionnel.<\/p>\n","protected":false},"featured_media":13393,"template":"","meta":{"_acf_changed":false},"product_brand":[],"product_cat":[521],"product_tag":[530],"class_list":{"0":"post-28256","1":"product","2":"type-product","3":"status-publish","4":"has-post-thumbnail","6":"product_cat-bols","7":"product_tag-animaux","8":"pa_motivo-papillons","10":"first","11":"instock","12":"shipping-taxable","13":"product-type-simple"},"acf":[],"_links":{"self":[{"href":"https:\/\/olemosaic.orbitalia.org\/fr\/wp-json\/wp\/v2\/product\/28256","targetHints":{"allow":["GET"]}}],"collection":[{"href":"https:\/\/olemosaic.orbitalia.org\/fr\/wp-json\/wp\/v2\/product"}],"about":[{"href":"https:\/\/olemosaic.orbitalia.org\/fr\/wp-json\/wp\/v2\/types\/product"}],"wp:featuredmedia":[{"embeddable":true,"href":"https:\/\/olemosaic.orbitalia.org\/fr\/wp-json\/wp\/v2\/media\/13393"}],"wp:attachment":[{"href":"https:\/\/olemosaic.orbitalia.org\/fr\/wp-json\/wp\/v2\/media?parent=28256"}],"wp:term":[{"taxonomy":"product_brand","embeddable":true,"href":"https:\/\/olemosaic.orbitalia.org\/fr\/wp-json\/wp\/v2\/product_brand?post=28256"},{"taxonomy":"product_cat","embeddable":true,"href":"https:\/\/olemosaic.orbitalia.org\/fr\/wp-json\/wp\/v2\/product_cat?post=28256"},{"taxonomy":"product_tag","embeddable":true,"href":"https:\/\/olemosaic.orbitalia.org\/fr\/wp-json\/wp\/v2\/product_tag?post=28256"}],"curies":[{"name":"wp","href":"https:\/\/api.w.org\/{rel}","templated":true}]}}